{"id":3540,"date":"2024-01-30T20:12:30","date_gmt":"2024-01-30T19:12:30","guid":{"rendered":"https:\/\/qualitycarsworld.com\/?page_id=3540"},"modified":"2025-03-17T16:48:55","modified_gmt":"2025-03-17T15:48:55","slug":"noticias","status":"publish","type":"page","link":"https:\/\/qualitycarsworld.com\/es\/noticias\/","title":{"rendered":"Noticias"},"content":{"rendered":"\t\t<div data-elementor-type=\"wp-page\" data-elementor-id=\"3540\" class=\"elementor elementor-3540\" data-elementor-post-type=\"page\">\n\t\t\t\t<div data-particle_enable=\"false\" data-particle-mobile-disabled=\"false\" class=\"elementor-element elementor-element-63599ba e-con-full e-flex e-con e-parent\" data-id=\"63599ba\" data-element_type=\"container\" data-e-type=\"container\" data-settings=\"{&quot;background_background&quot;:&quot;classic&quot;}\">\n\t\t\t\t<div class=\"elementor-element elementor-element-e434fbd elementor-widget elementor-widget-heading\" data-id=\"e434fbd\" data-element_type=\"widget\" data-e-type=\"widget\" data-widget_type=\"heading.default\">\n\t\t\t\t<div class=\"elementor-widget-container\">\n\t\t\t\t\t<h1 class=\"elementor-heading-title elementor-size-default\">Noticias<\/h1>\t\t\t\t<\/div>\n\t\t\t\t<\/div>\n\t\t\t\t<\/div>\n\t\t<div data-particle_enable=\"false\" data-particle-mobile-disabled=\"false\" class=\"elementor-element elementor-element-1b95c7f e-flex e-con-boxed e-con e-parent\" data-id=\"1b95c7f\" data-element_type=\"container\" data-e-type=\"container\">\n\t\t\t\t\t<div class=\"e-con-inner\">\n\t\t\t\t<div class=\"elementor-element elementor-element-e403862 elementor-grid-3 elementor-grid-tablet-2 elementor-grid-mobile-1 elementor-posts--thumbnail-top elementor-card-shadow-yes elementor-posts__hover-gradient elementor-widget elementor-widget-posts\" data-id=\"e403862\" data-element_type=\"widget\" data-e-type=\"widget\" data-settings=\"{&quot;cards_columns&quot;:&quot;3&quot;,&quot;cards_columns_tablet&quot;:&quot;2&quot;,&quot;cards_columns_mobile&quot;:&quot;1&quot;,&quot;cards_row_gap&quot;:{&quot;unit&quot;:&quot;px&quot;,&quot;size&quot;:35,&quot;sizes&quot;:[]},&quot;cards_row_gap_tablet&quot;:{&quot;unit&quot;:&quot;px&quot;,&quot;size&quot;:&quot;&quot;,&quot;sizes&quot;:[]},&quot;cards_row_gap_mobile&quot;:{&quot;unit&quot;:&quot;px&quot;,&quot;size&quot;:&quot;&quot;,&quot;sizes&quot;:[]}}\" data-widget_type=\"posts.cards\">\n\t\t\t\t<div class=\"elementor-widget-container\">\n\t\t\t\t\t\t\t<div class=\"elementor-posts-container elementor-posts elementor-posts--skin-cards elementor-grid\" role=\"list\">\n\t\t\t\t<article class=\"elementor-post elementor-grid-item post-4705 post type-post status-publish format-standard has-post-thumbnail hentry category-sin-categorizar\" role=\"listitem\">\n\t\t\t<div class=\"elementor-post__card\">\n\t\t\t\t<a class=\"elementor-post__thumbnail__link\" href=\"https:\/\/qualitycarsworld.com\/es\/discrecion-en-transporte-de-lujo-madrid\/\" tabindex=\"-1\" ><div class=\"elementor-post__thumbnail\"><img fetchpriority=\"high\" decoding=\"async\" width=\"2048\" height=\"1365\" src=\"https:\/\/qualitycarsworld.com\/wp-content\/uploads\/2025\/10\/discrecion-en-transporte-de-lujo.jpg\" class=\"attachment-full size-full wp-image-4712\" alt=\"discreci\u00f3n en transporte de lujo\" srcset=\"https:\/\/qualitycarsworld.com\/wp-content\/uploads\/2025\/10\/discrecion-en-transporte-de-lujo.jpg 2048w, https:\/\/qualitycarsworld.com\/wp-content\/uploads\/2025\/10\/discrecion-en-transporte-de-lujo-300x200.jpg 300w, https:\/\/qualitycarsworld.com\/wp-content\/uploads\/2025\/10\/discrecion-en-transporte-de-lujo-1024x683.jpg 1024w, https:\/\/qualitycarsworld.com\/wp-content\/uploads\/2025\/10\/discrecion-en-transporte-de-lujo-768x512.jpg 768w, https:\/\/qualitycarsworld.com\/wp-content\/uploads\/2025\/10\/discrecion-en-transporte-de-lujo-1536x1024.jpg 1536w\" sizes=\"(max-width: 2048px) 100vw, 2048px\" \/><\/div><\/a>\n\t\t\t\t<div class=\"elementor-post__text\">\n\t\t\t\t<h3 class=\"elementor-post__title\">\n\t\t\t<a href=\"https:\/\/qualitycarsworld.com\/es\/discrecion-en-transporte-de-lujo-madrid\/\" >\n\t\t\t\tDiscreci\u00f3n en Transporte de Lujo: La Clave del Servicio Premium\t\t\t<\/a>\n\t\t<\/h3>\n\t\t\t\t<div class=\"elementor-post__excerpt\">\n\t\t\t<p>En el sector del transporte ejecutivo, la confidencialidad marca la frontera entre un servicio convencional y una experiencia verdaderamente premium.\t\t<\/div>\n\t\t\t\t\t<div class=\"elementor-post__read-more-wrapper\">\n\t\t\n\t\t<a class=\"elementor-post__read-more\" href=\"https:\/\/qualitycarsworld.com\/es\/discrecion-en-transporte-de-lujo-madrid\/\" aria-label=\"M\u00e1s informaci\u00f3n sobre Discreci\u00f3n en Transporte de Lujo: La Clave del Servicio Premium\" tabindex=\"-1\" >\n\t\t\tLeer m\u00e1s \u00bb\t\t<\/a>\n\n\t\t\t\t\t<\/div>\n\t\t\t\t<\/div>\n\t\t\t\t\t<\/div>\n\t\t<\/article>\n\t\t\t\t<article class=\"elementor-post elementor-grid-item post-4667 post type-post status-publish format-standard has-post-thumbnail hentry category-sin-categorizar\" role=\"listitem\">\n\t\t\t<div class=\"elementor-post__card\">\n\t\t\t\t<a class=\"elementor-post__thumbnail__link\" href=\"https:\/\/qualitycarsworld.com\/es\/transporte-de-lujo-eventos-internacionales\/\" tabindex=\"-1\" ><div class=\"elementor-post__thumbnail\"><img decoding=\"async\" width=\"2048\" height=\"2048\" src=\"https:\/\/qualitycarsworld.com\/wp-content\/uploads\/2025\/10\/image-1.jpg\" class=\"attachment-full size-full wp-image-4668\" alt=\"Chofer privado en Transporte de Lujo para Eventos Internacionales Espa\u00f1a\" srcset=\"https:\/\/qualitycarsworld.com\/wp-content\/uploads\/2025\/10\/image-1.jpg 2048w, https:\/\/qualitycarsworld.com\/wp-content\/uploads\/2025\/10\/image-1-300x300.jpg 300w, https:\/\/qualitycarsworld.com\/wp-content\/uploads\/2025\/10\/image-1-1024x1024.jpg 1024w, https:\/\/qualitycarsworld.com\/wp-content\/uploads\/2025\/10\/image-1-150x150.jpg 150w, https:\/\/qualitycarsworld.com\/wp-content\/uploads\/2025\/10\/image-1-768x768.jpg 768w, https:\/\/qualitycarsworld.com\/wp-content\/uploads\/2025\/10\/image-1-1536x1536.jpg 1536w\" sizes=\"(max-width: 2048px) 100vw, 2048px\" \/><\/div><\/a>\n\t\t\t\t<div class=\"elementor-post__text\">\n\t\t\t\t<h3 class=\"elementor-post__title\">\n\t\t\t<a href=\"https:\/\/qualitycarsworld.com\/es\/transporte-de-lujo-eventos-internacionales\/\" >\n\t\t\t\t7 Claves del Transporte de Lujo para Eventos Internacionales en Espa\u00f1a\t\t\t<\/a>\n\t\t<\/h3>\n\t\t\t\t<div class=\"elementor-post__excerpt\">\n\t\t\t<p>Descubre las 7 claves del transporte lujo eventos internacionales en Espa\u00f1a. Quality Cars World garantiza puntualidad, discreci\u00f3n y confort premium.<\/p>\t\t<\/div>\n\t\t\t\t\t<div class=\"elementor-post__read-more-wrapper\">\n\t\t\n\t\t<a class=\"elementor-post__read-more\" href=\"https:\/\/qualitycarsworld.com\/es\/transporte-de-lujo-eventos-internacionales\/\" aria-label=\"M\u00e1s informaci\u00f3n sobre 7 Claves del Transporte de Lujo para Eventos Internacionales en Espa\u00f1a\" tabindex=\"-1\" >\n\t\t\tLeer m\u00e1s \u00bb\t\t<\/a>\n\n\t\t\t\t\t<\/div>\n\t\t\t\t<\/div>\n\t\t\t\t\t<\/div>\n\t\t<\/article>\n\t\t\t\t<article class=\"elementor-post elementor-grid-item post-4607 post type-post status-publish format-standard has-post-thumbnail hentry category-sin-categorizar\" role=\"listitem\">\n\t\t\t<div class=\"elementor-post__card\">\n\t\t\t\t<a class=\"elementor-post__thumbnail__link\" href=\"https:\/\/qualitycarsworld.com\/es\/mejores-lugares-para-propuestas-de-matrimonio-en-madrid\/\" tabindex=\"-1\" ><div class=\"elementor-post__thumbnail\"><img decoding=\"async\" width=\"1280\" height=\"853\" src=\"https:\/\/qualitycarsworld.com\/wp-content\/uploads\/2025\/09\/Templo_de_Debod_Madrid_19.jpg\" class=\"attachment-full size-full wp-image-4619\" alt=\"\" srcset=\"https:\/\/qualitycarsworld.com\/wp-content\/uploads\/2025\/09\/Templo_de_Debod_Madrid_19.jpg 1280w, https:\/\/qualitycarsworld.com\/wp-content\/uploads\/2025\/09\/Templo_de_Debod_Madrid_19-300x200.jpg 300w, https:\/\/qualitycarsworld.com\/wp-content\/uploads\/2025\/09\/Templo_de_Debod_Madrid_19-1024x682.jpg 1024w, https:\/\/qualitycarsworld.com\/wp-content\/uploads\/2025\/09\/Templo_de_Debod_Madrid_19-768x512.jpg 768w\" sizes=\"(max-width: 1280px) 100vw, 1280px\" \/><\/div><\/a>\n\t\t\t\t<div class=\"elementor-post__text\">\n\t\t\t\t<h3 class=\"elementor-post__title\">\n\t\t\t<a href=\"https:\/\/qualitycarsworld.com\/es\/mejores-lugares-para-propuestas-de-matrimonio-en-madrid\/\" >\n\t\t\t\tLos Mejores Lugares para Propuestas de Matrimonio en Madrid\t\t\t<\/a>\n\t\t<\/h3>\n\t\t\t\t<div class=\"elementor-post__excerpt\">\n\t\t\t<p>Madrid es un escenario ideal para momentos rom\u00e1nticos como propuestas de matrimonio. Explora con nosotros sus lugares m\u00e1s se\u00f1alados.<\/p>\t\t<\/div>\n\t\t\t\t\t<div class=\"elementor-post__read-more-wrapper\">\n\t\t\n\t\t<a class=\"elementor-post__read-more\" href=\"https:\/\/qualitycarsworld.com\/es\/mejores-lugares-para-propuestas-de-matrimonio-en-madrid\/\" aria-label=\"M\u00e1s informaci\u00f3n sobre Los Mejores Lugares para Propuestas de Matrimonio en Madrid\" tabindex=\"-1\" >\n\t\t\tLeer m\u00e1s \u00bb\t\t<\/a>\n\n\t\t\t\t\t<\/div>\n\t\t\t\t<\/div>\n\t\t\t\t\t<\/div>\n\t\t<\/article>\n\t\t\t\t<article class=\"elementor-post elementor-grid-item post-4566 post type-post status-publish format-standard has-post-thumbnail hentry category-rutas tag-rutas\" role=\"listitem\">\n\t\t\t<div class=\"elementor-post__card\">\n\t\t\t\t<a class=\"elementor-post__thumbnail__link\" href=\"https:\/\/qualitycarsworld.com\/es\/escapadas-romanticas-desde-madrid\/\" tabindex=\"-1\" ><div class=\"elementor-post__thumbnail\"><img loading=\"lazy\" decoding=\"async\" width=\"1344\" height=\"768\" src=\"https:\/\/qualitycarsworld.com\/wp-content\/uploads\/2025\/08\/XBWqyE7MSBe7Yhsn.png\" class=\"attachment-full size-full wp-image-4568\" alt=\"escapadas rom\u00e1nticas desde Madrid\" srcset=\"https:\/\/qualitycarsworld.com\/wp-content\/uploads\/2025\/08\/XBWqyE7MSBe7Yhsn.png 1344w, https:\/\/qualitycarsworld.com\/wp-content\/uploads\/2025\/08\/XBWqyE7MSBe7Yhsn-300x171.png 300w, https:\/\/qualitycarsworld.com\/wp-content\/uploads\/2025\/08\/XBWqyE7MSBe7Yhsn-1024x585.png 1024w, https:\/\/qualitycarsworld.com\/wp-content\/uploads\/2025\/08\/XBWqyE7MSBe7Yhsn-768x439.png 768w\" sizes=\"(max-width: 1344px) 100vw, 1344px\" \/><\/div><\/a>\n\t\t\t\t<div class=\"elementor-post__text\">\n\t\t\t\t<h3 class=\"elementor-post__title\">\n\t\t\t<a href=\"https:\/\/qualitycarsworld.com\/es\/escapadas-romanticas-desde-madrid\/\" >\n\t\t\t\tTop 5 Escapadas Rom\u00e1nticas desde Madrid en Coche de Lujo\t\t\t<\/a>\n\t\t<\/h3>\n\t\t\t\t<div class=\"elementor-post__excerpt\">\n\t\t\t<p>Disfruta de visitas Premium en un Mercedes-Benz de lujo con ch\u00f3fer a Toledo, Segovia, Zamora, Cuenca o \u00c1vila.<\/p>\t\t<\/div>\n\t\t\t\t\t<div class=\"elementor-post__read-more-wrapper\">\n\t\t\n\t\t<a class=\"elementor-post__read-more\" href=\"https:\/\/qualitycarsworld.com\/es\/escapadas-romanticas-desde-madrid\/\" aria-label=\"M\u00e1s informaci\u00f3n sobre Top 5 Escapadas Rom\u00e1nticas desde Madrid en Coche de Lujo\" tabindex=\"-1\" >\n\t\t\tLeer m\u00e1s \u00bb\t\t<\/a>\n\n\t\t\t\t\t<\/div>\n\t\t\t\t<\/div>\n\t\t\t\t\t<\/div>\n\t\t<\/article>\n\t\t\t\t<article class=\"elementor-post elementor-grid-item post-4541 post type-post status-publish format-standard has-post-thumbnail hentry category-sin-categorizar\" role=\"listitem\">\n\t\t\t<div class=\"elementor-post__card\">\n\t\t\t\t<a class=\"elementor-post__thumbnail__link\" href=\"https:\/\/qualitycarsworld.com\/es\/mercedes-clase-v-premium\/\" tabindex=\"-1\" ><div class=\"elementor-post__thumbnail\"><img loading=\"lazy\" decoding=\"async\" width=\"1200\" height=\"796\" src=\"https:\/\/qualitycarsworld.com\/wp-content\/uploads\/2025\/07\/Quality-Cars-Excusiones-con-chofer.webp\" class=\"attachment-full size-full wp-image-4546\" alt=\"Quality Cars - Excusiones con chofer\" srcset=\"https:\/\/qualitycarsworld.com\/wp-content\/uploads\/2025\/07\/Quality-Cars-Excusiones-con-chofer.webp 1200w, https:\/\/qualitycarsworld.com\/wp-content\/uploads\/2025\/07\/Quality-Cars-Excusiones-con-chofer-300x199.webp 300w, https:\/\/qualitycarsworld.com\/wp-content\/uploads\/2025\/07\/Quality-Cars-Excusiones-con-chofer-1024x679.webp 1024w, https:\/\/qualitycarsworld.com\/wp-content\/uploads\/2025\/07\/Quality-Cars-Excusiones-con-chofer-768x509.webp 768w\" sizes=\"(max-width: 1200px) 100vw, 1200px\" \/><\/div><\/a>\n\t\t\t\t<div class=\"elementor-post__text\">\n\t\t\t\t<h3 class=\"elementor-post__title\">\n\t\t\t<a href=\"https:\/\/qualitycarsworld.com\/es\/mercedes-clase-v-premium\/\" >\n\t\t\t\tViajes en Mercedes Clase V Premium para Grupos Exclusivos\t\t\t<\/a>\n\t\t<\/h3>\n\t\t\t\t<div class=\"elementor-post__excerpt\">\n\t\t\t<p>El Mercedes Clase V Premium de Quality Cars World ofrece espacio amplio y confort de \u00e9lite para grupos o familias.\t\t<\/div>\n\t\t\t\t\t<div class=\"elementor-post__read-more-wrapper\">\n\t\t\n\t\t<a class=\"elementor-post__read-more\" href=\"https:\/\/qualitycarsworld.com\/es\/mercedes-clase-v-premium\/\" aria-label=\"M\u00e1s informaci\u00f3n sobre Viajes en Mercedes Clase V Premium para Grupos Exclusivos\" tabindex=\"-1\" >\n\t\t\tLeer m\u00e1s \u00bb\t\t<\/a>\n\n\t\t\t\t\t<\/div>\n\t\t\t\t<\/div>\n\t\t\t\t\t<\/div>\n\t\t<\/article>\n\t\t\t\t<article class=\"elementor-post elementor-grid-item post-4502 post type-post status-publish format-standard has-post-thumbnail hentry category-sin-categorizar\" role=\"listitem\">\n\t\t\t<div class=\"elementor-post__card\">\n\t\t\t\t<a class=\"elementor-post__thumbnail__link\" href=\"https:\/\/qualitycarsworld.com\/es\/servicio-de-chofer-al-aeropuerto\/\" tabindex=\"-1\" ><div class=\"elementor-post__thumbnail\"><img loading=\"lazy\" decoding=\"async\" width=\"2560\" height=\"1440\" src=\"https:\/\/qualitycarsworld.com\/wp-content\/uploads\/2023\/12\/Aeropuerto-Madrid-Barjas-Chofer-TRansfer.jpeg\" class=\"attachment-full size-full wp-image-1133\" alt=\"Aeropuerto Madrid Barajas Chofer Transfer\" srcset=\"https:\/\/qualitycarsworld.com\/wp-content\/uploads\/2023\/12\/Aeropuerto-Madrid-Barjas-Chofer-TRansfer.jpeg 2560w, https:\/\/qualitycarsworld.com\/wp-content\/uploads\/2023\/12\/Aeropuerto-Madrid-Barjas-Chofer-TRansfer-300x169.jpeg 300w, https:\/\/qualitycarsworld.com\/wp-content\/uploads\/2023\/12\/Aeropuerto-Madrid-Barjas-Chofer-TRansfer-1024x576.jpeg 1024w, https:\/\/qualitycarsworld.com\/wp-content\/uploads\/2023\/12\/Aeropuerto-Madrid-Barjas-Chofer-TRansfer-768x432.jpeg 768w, https:\/\/qualitycarsworld.com\/wp-content\/uploads\/2023\/12\/Aeropuerto-Madrid-Barjas-Chofer-TRansfer-1536x864.jpeg 1536w, https:\/\/qualitycarsworld.com\/wp-content\/uploads\/2023\/12\/Aeropuerto-Madrid-Barjas-Chofer-TRansfer-2048x1152.jpeg 2048w\" sizes=\"(max-width: 2560px) 100vw, 2560px\" \/><\/div><\/a>\n\t\t\t\t<div class=\"elementor-post__text\">\n\t\t\t\t<h3 class=\"elementor-post__title\">\n\t\t\t<a href=\"https:\/\/qualitycarsworld.com\/es\/servicio-de-chofer-al-aeropuerto\/\" >\n\t\t\t\tServicio de Ch\u00f3fer al Aeropuerto de Madrid: Un Privilegio\t\t\t<\/a>\n\t\t<\/h3>\n\t\t\t\t<div class=\"elementor-post__excerpt\">\n\t\t\t<p>Vive el lujo con nuestro servicio de ch\u00f3fer al aeropuerto de Madrid. Atenci\u00f3n personalizada y veh\u00edculos Mercedes-Benz de alta gama.<\/p>\t\t<\/div>\n\t\t\t\t\t<div class=\"elementor-post__read-more-wrapper\">\n\t\t\n\t\t<a class=\"elementor-post__read-more\" href=\"https:\/\/qualitycarsworld.com\/es\/servicio-de-chofer-al-aeropuerto\/\" aria-label=\"M\u00e1s informaci\u00f3n sobre Servicio de Ch\u00f3fer al Aeropuerto de Madrid: Un Privilegio\" tabindex=\"-1\" >\n\t\t\tLeer m\u00e1s \u00bb\t\t<\/a>\n\n\t\t\t\t\t<\/div>\n\t\t\t\t<\/div>\n\t\t\t\t\t<\/div>\n\t\t<\/article>\n\t\t\t\t<article class=\"elementor-post elementor-grid-item post-4439 post type-post status-publish format-standard has-post-thumbnail hentry category-sin-categorizar\" role=\"listitem\">\n\t\t\t<div class=\"elementor-post__card\">\n\t\t\t\t<a class=\"elementor-post__thumbnail__link\" href=\"https:\/\/qualitycarsworld.com\/es\/lujo-supremo-coches-con-chofer-para-bodas\/\" tabindex=\"-1\" ><div class=\"elementor-post__thumbnail\"><img loading=\"lazy\" decoding=\"async\" width=\"2560\" height=\"1440\" src=\"https:\/\/qualitycarsworld.com\/wp-content\/uploads\/2023\/12\/Novia-bajando-Coche-Alquiler-Madrid-.jpeg\" class=\"attachment-full size-full wp-image-1171\" alt=\"Novia bajando Coche Alquiler Madrid\" srcset=\"https:\/\/qualitycarsworld.com\/wp-content\/uploads\/2023\/12\/Novia-bajando-Coche-Alquiler-Madrid-.jpeg 2560w, https:\/\/qualitycarsworld.com\/wp-content\/uploads\/2023\/12\/Novia-bajando-Coche-Alquiler-Madrid--300x169.jpeg 300w, https:\/\/qualitycarsworld.com\/wp-content\/uploads\/2023\/12\/Novia-bajando-Coche-Alquiler-Madrid--1024x576.jpeg 1024w, https:\/\/qualitycarsworld.com\/wp-content\/uploads\/2023\/12\/Novia-bajando-Coche-Alquiler-Madrid--768x432.jpeg 768w, https:\/\/qualitycarsworld.com\/wp-content\/uploads\/2023\/12\/Novia-bajando-Coche-Alquiler-Madrid--1536x864.jpeg 1536w, https:\/\/qualitycarsworld.com\/wp-content\/uploads\/2023\/12\/Novia-bajando-Coche-Alquiler-Madrid--2048x1152.jpeg 2048w\" sizes=\"(max-width: 2560px) 100vw, 2560px\" \/><\/div><\/a>\n\t\t\t\t<div class=\"elementor-post__text\">\n\t\t\t\t<h3 class=\"elementor-post__title\">\n\t\t\t<a href=\"https:\/\/qualitycarsworld.com\/es\/lujo-supremo-coches-con-chofer-para-bodas\/\" >\n\t\t\t\tLujo en tu Boda: Coches con Ch\u00f3fer para tu Gran D\u00eda\t\t\t<\/a>\n\t\t<\/h3>\n\t\t\t\t<div class=\"elementor-post__excerpt\">\n\t\t\t<p>Haz que tu d\u00eda de boda sea inolvidable con coches con ch\u00f3fer. Conoce las ventajas y obt\u00e9n consejos expertos.<\/p>\t\t<\/div>\n\t\t\t\t\t<div class=\"elementor-post__read-more-wrapper\">\n\t\t\n\t\t<a class=\"elementor-post__read-more\" href=\"https:\/\/qualitycarsworld.com\/es\/lujo-supremo-coches-con-chofer-para-bodas\/\" aria-label=\"M\u00e1s informaci\u00f3n sobre Lujo en tu Boda: Coches con Ch\u00f3fer para tu Gran D\u00eda\" tabindex=\"-1\" >\n\t\t\tLeer m\u00e1s \u00bb\t\t<\/a>\n\n\t\t\t\t\t<\/div>\n\t\t\t\t<\/div>\n\t\t\t\t\t<\/div>\n\t\t<\/article>\n\t\t\t\t<article class=\"elementor-post elementor-grid-item post-4219 post type-post status-publish format-standard has-post-thumbnail hentry category-sin-categorizar\" role=\"listitem\">\n\t\t\t<div class=\"elementor-post__card\">\n\t\t\t\t<a class=\"elementor-post__thumbnail__link\" href=\"https:\/\/qualitycarsworld.com\/es\/evolucion-servicio-transporte-chofer\/\" tabindex=\"-1\" ><div class=\"elementor-post__thumbnail\"><img loading=\"lazy\" decoding=\"async\" width=\"1344\" height=\"768\" src=\"https:\/\/qualitycarsworld.com\/wp-content\/uploads\/2025\/04\/mZltBcGGS5sk9K4x.png\" class=\"attachment-full size-full wp-image-4235\" alt=\"ch\u00f3fer\" srcset=\"https:\/\/qualitycarsworld.com\/wp-content\/uploads\/2025\/04\/mZltBcGGS5sk9K4x.png 1344w, https:\/\/qualitycarsworld.com\/wp-content\/uploads\/2025\/04\/mZltBcGGS5sk9K4x-300x171.png 300w, https:\/\/qualitycarsworld.com\/wp-content\/uploads\/2025\/04\/mZltBcGGS5sk9K4x-1024x585.png 1024w, https:\/\/qualitycarsworld.com\/wp-content\/uploads\/2025\/04\/mZltBcGGS5sk9K4x-768x439.png 768w\" sizes=\"(max-width: 1344px) 100vw, 1344px\" \/><\/div><\/a>\n\t\t\t\t<div class=\"elementor-post__text\">\n\t\t\t\t<h3 class=\"elementor-post__title\">\n\t\t\t<a href=\"https:\/\/qualitycarsworld.com\/es\/evolucion-servicio-transporte-chofer\/\" >\n\t\t\t\tLa Evoluci\u00f3n del Transporte con Ch\u00f3fer\t\t\t<\/a>\n\t\t<\/h3>\n\t\t\t\t<div class=\"elementor-post__excerpt\">\n\t\t\t<p>Explora la fascinante historia del transporte con ch\u00f3fer, y c\u00f3mo este servicio ha cambiado a lo largo de los a\u00f1os.<\/p>\t\t<\/div>\n\t\t\t\t\t<div class=\"elementor-post__read-more-wrapper\">\n\t\t\n\t\t<a class=\"elementor-post__read-more\" href=\"https:\/\/qualitycarsworld.com\/es\/evolucion-servicio-transporte-chofer\/\" aria-label=\"M\u00e1s informaci\u00f3n sobre La Evoluci\u00f3n del Transporte con Ch\u00f3fer\" tabindex=\"-1\" >\n\t\t\tLeer m\u00e1s \u00bb\t\t<\/a>\n\n\t\t\t\t\t<\/div>\n\t\t\t\t<\/div>\n\t\t\t\t\t<\/div>\n\t\t<\/article>\n\t\t\t\t<article class=\"elementor-post elementor-grid-item post-4070 post type-post status-publish format-standard has-post-thumbnail hentry category-sin-categorizar tag-transporte-de-lujo\" role=\"listitem\">\n\t\t\t<div class=\"elementor-post__card\">\n\t\t\t\t<a class=\"elementor-post__thumbnail__link\" href=\"https:\/\/qualitycarsworld.com\/es\/los-beneficios-del-transporte-de-lujo\/\" tabindex=\"-1\" ><div class=\"elementor-post__thumbnail\"><img loading=\"lazy\" decoding=\"async\" width=\"2560\" height=\"1440\" src=\"https:\/\/qualitycarsworld.com\/wp-content\/uploads\/2023\/12\/Quality-Cars-World-VIP-Chofer-Madrid-1.webp\" class=\"attachment-full size-full wp-image-1085\" alt=\"transporte de lujo\" srcset=\"https:\/\/qualitycarsworld.com\/wp-content\/uploads\/2023\/12\/Quality-Cars-World-VIP-Chofer-Madrid-1.webp 2560w, https:\/\/qualitycarsworld.com\/wp-content\/uploads\/2023\/12\/Quality-Cars-World-VIP-Chofer-Madrid-1-300x169.webp 300w, https:\/\/qualitycarsworld.com\/wp-content\/uploads\/2023\/12\/Quality-Cars-World-VIP-Chofer-Madrid-1-1024x576.webp 1024w, https:\/\/qualitycarsworld.com\/wp-content\/uploads\/2023\/12\/Quality-Cars-World-VIP-Chofer-Madrid-1-768x432.webp 768w, https:\/\/qualitycarsworld.com\/wp-content\/uploads\/2023\/12\/Quality-Cars-World-VIP-Chofer-Madrid-1-1536x864.webp 1536w, https:\/\/qualitycarsworld.com\/wp-content\/uploads\/2023\/12\/Quality-Cars-World-VIP-Chofer-Madrid-1-2048x1152.webp 2048w\" sizes=\"(max-width: 2560px) 100vw, 2560px\" \/><\/div><\/a>\n\t\t\t\t<div class=\"elementor-post__text\">\n\t\t\t\t<h3 class=\"elementor-post__title\">\n\t\t\t<a href=\"https:\/\/qualitycarsworld.com\/es\/los-beneficios-del-transporte-de-lujo\/\" >\n\t\t\t\tLos Beneficios del Transporte de Lujo\t\t\t<\/a>\n\t\t<\/h3>\n\t\t\t\t<div class=\"elementor-post__excerpt\">\n\t\t\t<p>Analicemos c\u00f3mo los servicios personalizados pueden transformar completamente su experiencia de viaje, haciendo que cada desplazamiento sea inolvidable.<\/p>\t\t<\/div>\n\t\t\t\t\t<div class=\"elementor-post__read-more-wrapper\">\n\t\t\n\t\t<a class=\"elementor-post__read-more\" href=\"https:\/\/qualitycarsworld.com\/es\/los-beneficios-del-transporte-de-lujo\/\" aria-label=\"M\u00e1s informaci\u00f3n sobre Los Beneficios del Transporte de Lujo\" tabindex=\"-1\" >\n\t\t\tLeer m\u00e1s \u00bb\t\t<\/a>\n\n\t\t\t\t\t<\/div>\n\t\t\t\t<\/div>\n\t\t\t\t\t<\/div>\n\t\t<\/article>\n\t\t\t\t<\/div>\n\t\t\n\t\t\t\t\t\t<\/div>\n\t\t\t\t<\/div>\n\t\t\t\t\t<\/div>\n\t\t\t\t<\/div>\n\t\t\t\t<\/div>\n\t\t","protected":false},"excerpt":{"rendered":"<p>Noticias<\/p>\n","protected":false},"author":1,"featured_media":0,"parent":0,"menu_order":0,"comment_status":"closed","ping_status":"closed","template":"","meta":{"_eb_attr":"","footnotes":""},"class_list":["post-3540","page","type-page","status-publish","hentry"],"_links":{"self":[{"href":"https:\/\/qualitycarsworld.com\/es\/wp-json\/wp\/v2\/pages\/3540","targetHints":{"allow":["GET"]}}],"collection":[{"href":"https:\/\/qualitycarsworld.com\/es\/wp-json\/wp\/v2\/pages"}],"about":[{"href":"https:\/\/qualitycarsworld.com\/es\/wp-json\/wp\/v2\/types\/page"}],"author":[{"embeddable":true,"href":"https:\/\/qualitycarsworld.com\/es\/wp-json\/wp\/v2\/users\/1"}],"replies":[{"embeddable":true,"href":"https:\/\/qualitycarsworld.com\/es\/wp-json\/wp\/v2\/comments?post=3540"}],"version-history":[{"count":14,"href":"https:\/\/qualitycarsworld.com\/es\/wp-json\/wp\/v2\/pages\/3540\/revisions"}],"predecessor-version":[{"id":3779,"href":"https:\/\/qualitycarsworld.com\/es\/wp-json\/wp\/v2\/pages\/3540\/revisions\/3779"}],"wp:attachment":[{"href":"https:\/\/qualitycarsworld.com\/es\/wp-json\/wp\/v2\/media?parent=3540"}],"curies":[{"name":"wp","href":"https:\/\/api.w.org\/{rel}","templated":true}]}}