{"id":2138,"date":"2023-12-26T14:16:56","date_gmt":"2023-12-26T13:16:56","guid":{"rendered":"https:\/\/zealous-lalande.46-231-5-225.plesk.page\/?page_id=2138"},"modified":"2025-12-01T08:48:50","modified_gmt":"2025-12-01T07:48:50","slug":"servicios","status":"publish","type":"page","link":"https:\/\/qualitycarsworld.com\/es\/servicios\/","title":{"rendered":"\u00a0Servicios de alquiler de coches con conductor"},"content":{"rendered":"\t\t<div data-elementor-type=\"wp-page\" data-elementor-id=\"2138\" class=\"elementor elementor-2138\" data-elementor-post-type=\"page\">\n\t\t\t\t<div data-particle_enable=\"false\" data-particle-mobile-disabled=\"false\" class=\"elementor-element elementor-element-47be9f2 e-con-full e-flex e-con e-parent\" data-id=\"47be9f2\" data-element_type=\"container\" data-e-type=\"container\" data-settings=\"{&quot;background_background&quot;:&quot;classic&quot;}\">\n\t\t\t\t<div class=\"elementor-element elementor-element-2cd2c0f elementor-widget elementor-widget-heading\" data-id=\"2cd2c0f\" data-element_type=\"widget\" data-e-type=\"widget\" data-widget_type=\"heading.default\">\n\t\t\t\t<div class=\"elementor-widget-container\">\n\t\t\t\t\t<h1 class=\"elementor-heading-title elementor-size-default\">Servicios<\/h1>\t\t\t\t<\/div>\n\t\t\t\t<\/div>\n\t\t\t\t<\/div>\n\t\t<div data-particle_enable=\"false\" data-particle-mobile-disabled=\"false\" class=\"elementor-element elementor-element-a28a0c1 e-flex e-con-boxed e-con e-parent\" data-id=\"a28a0c1\" data-element_type=\"container\" data-e-type=\"container\">\n\t\t\t\t\t<div class=\"e-con-inner\">\n\t\t<div data-particle_enable=\"false\" data-particle-mobile-disabled=\"false\" class=\"elementor-element elementor-element-7352957 e-con-full e-flex e-con e-child\" data-id=\"7352957\" data-element_type=\"container\" data-e-type=\"container\">\n\t\t\t\t<div class=\"elementor-element elementor-element-1245e75 elementor-widget elementor-widget-image\" data-id=\"1245e75\" data-element_type=\"widget\" data-e-type=\"widget\" data-widget_type=\"image.default\">\n\t\t\t\t<div class=\"elementor-widget-container\">\n\t\t\t\t\t\t\t\t\t\t\t\t\t\t\t<img fetchpriority=\"high\" decoding=\"async\" width=\"1024\" height=\"1024\" src=\"https:\/\/qualitycarsworld.com\/wp-content\/uploads\/2023\/12\/Quality-Cars-Translados-aeropuerto-1024x1024.jpeg\" class=\"attachment-large size-large wp-image-2152\" alt=\"Quality Cars - Traslados aeropuerto\" srcset=\"https:\/\/qualitycarsworld.com\/wp-content\/uploads\/2023\/12\/Quality-Cars-Translados-aeropuerto-1024x1024.jpeg 1024w, https:\/\/qualitycarsworld.com\/wp-content\/uploads\/2023\/12\/Quality-Cars-Translados-aeropuerto-300x300.jpeg 300w, https:\/\/qualitycarsworld.com\/wp-content\/uploads\/2023\/12\/Quality-Cars-Translados-aeropuerto-150x150.jpeg 150w, https:\/\/qualitycarsworld.com\/wp-content\/uploads\/2023\/12\/Quality-Cars-Translados-aeropuerto-768x768.jpeg 768w, https:\/\/qualitycarsworld.com\/wp-content\/uploads\/2023\/12\/Quality-Cars-Translados-aeropuerto.jpeg 1200w\" sizes=\"(max-width: 1024px) 100vw, 1024px\" \/>\t\t\t\t\t\t\t\t\t\t\t\t\t\t\t<\/div>\n\t\t\t\t<\/div>\n\t\t\t\t<div class=\"elementor-element elementor-element-b9118d2 elementor-widget elementor-widget-text-editor\" data-id=\"b9118d2\" data-element_type=\"widget\" data-e-type=\"widget\" data-widget_type=\"text-editor.default\">\n\t\t\t\t<div class=\"elementor-widget-container\">\n\t\t\t\t\t\t\t\t\t<h3 class=\"elementor-heading-title elementor-size-default\">Traslados al Aeropuerto<br \/>&#8216;Adolfo Su\u00e1rez Madrid-Barajas&#8217;<\/h3>\t\t\t\t\t\t\t\t<\/div>\n\t\t\t\t<\/div>\n\t\t\t\t<div class=\"elementor-element elementor-element-0f1d628 elementor-align-center elementor-widget elementor-widget-button\" data-id=\"0f1d628\" data-element_type=\"widget\" data-e-type=\"widget\" data-widget_type=\"button.default\">\n\t\t\t\t<div class=\"elementor-widget-container\">\n\t\t\t\t\t\t\t\t\t<div class=\"elementor-button-wrapper\">\n\t\t\t\t\t<a class=\"elementor-button elementor-button-link elementor-size-sm\" href=\"\/es\/traslados-aeropuerto-madrid-barajas\/\">\n\t\t\t\t\t\t<span class=\"elementor-button-content-wrapper\">\n\t\t\t\t\t\t\t\t\t<span class=\"elementor-button-text\">M\u00e1s info<\/span>\n\t\t\t\t\t<\/span>\n\t\t\t\t\t<\/a>\n\t\t\t\t<\/div>\n\t\t\t\t\t\t\t\t<\/div>\n\t\t\t\t<\/div>\n\t\t\t\t<\/div>\n\t\t<div data-particle_enable=\"false\" data-particle-mobile-disabled=\"false\" class=\"elementor-element elementor-element-0539684 e-con-full e-flex e-con e-child\" data-id=\"0539684\" data-element_type=\"container\" data-e-type=\"container\">\n\t\t\t\t<div class=\"elementor-element elementor-element-0440922 elementor-widget elementor-widget-image\" data-id=\"0440922\" data-element_type=\"widget\" data-e-type=\"widget\" data-widget_type=\"image.default\">\n\t\t\t\t<div class=\"elementor-widget-container\">\n\t\t\t\t\t\t\t\t\t\t\t\t\t\t\t<img decoding=\"async\" width=\"1024\" height=\"1024\" src=\"https:\/\/qualitycarsworld.com\/wp-content\/uploads\/2023\/12\/Quality-Cars-Traslados-VIP-para-empresas-1024x1024.jpg\" class=\"attachment-large size-large wp-image-189\" alt=\"Traslados VIP para Empresas\" srcset=\"https:\/\/qualitycarsworld.com\/wp-content\/uploads\/2023\/12\/Quality-Cars-Traslados-VIP-para-empresas-1024x1024.jpg 1024w, https:\/\/qualitycarsworld.com\/wp-content\/uploads\/2023\/12\/Quality-Cars-Traslados-VIP-para-empresas-300x300.jpg 300w, https:\/\/qualitycarsworld.com\/wp-content\/uploads\/2023\/12\/Quality-Cars-Traslados-VIP-para-empresas-150x150.jpg 150w, https:\/\/qualitycarsworld.com\/wp-content\/uploads\/2023\/12\/Quality-Cars-Traslados-VIP-para-empresas-768x768.jpg 768w, https:\/\/qualitycarsworld.com\/wp-content\/uploads\/2023\/12\/Quality-Cars-Traslados-VIP-para-empresas.jpg 1200w\" sizes=\"(max-width: 1024px) 100vw, 1024px\" \/>\t\t\t\t\t\t\t\t\t\t\t\t\t\t\t<\/div>\n\t\t\t\t<\/div>\n\t\t\t\t<div class=\"elementor-element elementor-element-518210a elementor-widget elementor-widget-text-editor\" data-id=\"518210a\" data-element_type=\"widget\" data-e-type=\"widget\" data-widget_type=\"text-editor.default\">\n\t\t\t\t<div class=\"elementor-widget-container\">\n\t\t\t\t\t\t\t\t\t<h3 class=\"elementor-heading-title elementor-size-default\">Traslados VIP<\/h3><h3 class=\"elementor-heading-title elementor-size-default\">y Empresas<\/h3>\t\t\t\t\t\t\t\t<\/div>\n\t\t\t\t<\/div>\n\t\t\t\t<div class=\"elementor-element elementor-element-4942e1b elementor-align-center elementor-widget elementor-widget-button\" data-id=\"4942e1b\" data-element_type=\"widget\" data-e-type=\"widget\" data-widget_type=\"button.default\">\n\t\t\t\t<div class=\"elementor-widget-container\">\n\t\t\t\t\t\t\t\t\t<div class=\"elementor-button-wrapper\">\n\t\t\t\t\t<a class=\"elementor-button elementor-button-link elementor-size-sm\" href=\"\/es\/transporte-privado-vip-madrid\/\">\n\t\t\t\t\t\t<span class=\"elementor-button-content-wrapper\">\n\t\t\t\t\t\t\t\t\t<span class=\"elementor-button-text\">M\u00e1s info<\/span>\n\t\t\t\t\t<\/span>\n\t\t\t\t\t<\/a>\n\t\t\t\t<\/div>\n\t\t\t\t\t\t\t\t<\/div>\n\t\t\t\t<\/div>\n\t\t\t\t<\/div>\n\t\t<div data-particle_enable=\"false\" data-particle-mobile-disabled=\"false\" class=\"elementor-element elementor-element-1a4e815 e-con-full e-flex e-con e-child\" data-id=\"1a4e815\" data-element_type=\"container\" data-e-type=\"container\">\n\t\t\t\t<div class=\"elementor-element elementor-element-aa1187c elementor-widget elementor-widget-image\" data-id=\"aa1187c\" data-element_type=\"widget\" data-e-type=\"widget\" data-widget_type=\"image.default\">\n\t\t\t\t<div class=\"elementor-widget-container\">\n\t\t\t\t\t\t\t\t\t\t\t\t\t\t\t<img decoding=\"async\" width=\"1024\" height=\"1024\" src=\"https:\/\/qualitycarsworld.com\/wp-content\/uploads\/2023\/12\/Quality-Cars-Bodas-1024x1024.jpeg\" class=\"attachment-large size-large wp-image-2153\" alt=\"Alquiler de coches con conductor\" srcset=\"https:\/\/qualitycarsworld.com\/wp-content\/uploads\/2023\/12\/Quality-Cars-Bodas-1024x1024.jpeg 1024w, https:\/\/qualitycarsworld.com\/wp-content\/uploads\/2023\/12\/Quality-Cars-Bodas-300x300.jpeg 300w, https:\/\/qualitycarsworld.com\/wp-content\/uploads\/2023\/12\/Quality-Cars-Bodas-150x150.jpeg 150w, https:\/\/qualitycarsworld.com\/wp-content\/uploads\/2023\/12\/Quality-Cars-Bodas-768x768.jpeg 768w, https:\/\/qualitycarsworld.com\/wp-content\/uploads\/2023\/12\/Quality-Cars-Bodas.jpeg 1200w\" sizes=\"(max-width: 1024px) 100vw, 1024px\" \/>\t\t\t\t\t\t\t\t\t\t\t\t\t\t\t<\/div>\n\t\t\t\t<\/div>\n\t\t\t\t<div class=\"elementor-element elementor-element-6bd1ab7 elementor-widget elementor-widget-text-editor\" data-id=\"6bd1ab7\" data-element_type=\"widget\" data-e-type=\"widget\" data-widget_type=\"text-editor.default\">\n\t\t\t\t<div class=\"elementor-widget-container\">\n\t\t\t\t\t\t\t\t\t<h3 class=\"elementor-heading-title elementor-size-default\">Coches con Ch\u00f3fer para<br \/>Bodas y Eventos<\/h3>\t\t\t\t\t\t\t\t<\/div>\n\t\t\t\t<\/div>\n\t\t\t\t<div class=\"elementor-element elementor-element-4193d74 elementor-align-center elementor-widget elementor-widget-button\" data-id=\"4193d74\" data-element_type=\"widget\" data-e-type=\"widget\" data-widget_type=\"button.default\">\n\t\t\t\t<div class=\"elementor-widget-container\">\n\t\t\t\t\t\t\t\t\t<div class=\"elementor-button-wrapper\">\n\t\t\t\t\t<a class=\"elementor-button elementor-button-link elementor-size-sm\" href=\"https:\/\/qualitycarsworld.com\/es\/coches-con-chofer-para-bodas-y-eventos\/\">\n\t\t\t\t\t\t<span class=\"elementor-button-content-wrapper\">\n\t\t\t\t\t\t\t\t\t<span class=\"elementor-button-text\">M\u00e1s info<\/span>\n\t\t\t\t\t<\/span>\n\t\t\t\t\t<\/a>\n\t\t\t\t<\/div>\n\t\t\t\t\t\t\t\t<\/div>\n\t\t\t\t<\/div>\n\t\t\t\t<\/div>\n\t\t\t\t\t<\/div>\n\t\t\t\t<\/div>\n\t\t<div data-particle_enable=\"false\" data-particle-mobile-disabled=\"false\" class=\"elementor-element elementor-element-578294c e-flex e-con-boxed e-con e-parent\" data-id=\"578294c\" data-element_type=\"container\" data-e-type=\"container\">\n\t\t\t\t\t<div class=\"e-con-inner\">\n\t\t<div data-particle_enable=\"false\" data-particle-mobile-disabled=\"false\" class=\"elementor-element elementor-element-977082d e-con-full e-flex e-con e-child\" data-id=\"977082d\" data-element_type=\"container\" data-e-type=\"container\">\n\t\t\t\t<div class=\"elementor-element elementor-element-9ad2a0b elementor-widget elementor-widget-image\" data-id=\"9ad2a0b\" data-element_type=\"widget\" data-e-type=\"widget\" data-widget_type=\"image.default\">\n\t\t\t\t<div class=\"elementor-widget-container\">\n\t\t\t\t\t\t\t\t\t\t\t\t\t\t\t<img loading=\"lazy\" decoding=\"async\" width=\"1024\" height=\"1024\" src=\"https:\/\/qualitycarsworld.com\/wp-content\/uploads\/2025\/12\/Quality-Cars-Chofer-privado-horas-1024x1024.webp\" class=\"attachment-large size-large wp-image-4732\" alt=\"Traslados de lujo aeropuerto de Madrid\" srcset=\"https:\/\/qualitycarsworld.com\/wp-content\/uploads\/2025\/12\/Quality-Cars-Chofer-privado-horas-1024x1024.webp 1024w, https:\/\/qualitycarsworld.com\/wp-content\/uploads\/2025\/12\/Quality-Cars-Chofer-privado-horas-300x300.webp 300w, https:\/\/qualitycarsworld.com\/wp-content\/uploads\/2025\/12\/Quality-Cars-Chofer-privado-horas-150x150.webp 150w, https:\/\/qualitycarsworld.com\/wp-content\/uploads\/2025\/12\/Quality-Cars-Chofer-privado-horas-768x768.webp 768w, https:\/\/qualitycarsworld.com\/wp-content\/uploads\/2025\/12\/Quality-Cars-Chofer-privado-horas.webp 1200w\" sizes=\"(max-width: 1024px) 100vw, 1024px\" \/>\t\t\t\t\t\t\t\t\t\t\t\t\t\t\t<\/div>\n\t\t\t\t<\/div>\n\t\t\t\t<div class=\"elementor-element elementor-element-0b9bb5e elementor-widget elementor-widget-text-editor\" data-id=\"0b9bb5e\" data-element_type=\"widget\" data-e-type=\"widget\" data-widget_type=\"text-editor.default\">\n\t\t\t\t<div class=\"elementor-widget-container\">\n\t\t\t\t\t\t\t\t\t<h3 class=\"elementor-heading-title elementor-size-default\">Ch\u00f3fer Privado por Horas<\/h3>\t\t\t\t\t\t\t\t<\/div>\n\t\t\t\t<\/div>\n\t\t\t\t<div class=\"elementor-element elementor-element-2cf8ac1 elementor-align-center elementor-widget elementor-widget-button\" data-id=\"2cf8ac1\" data-element_type=\"widget\" data-e-type=\"widget\" data-widget_type=\"button.default\">\n\t\t\t\t<div class=\"elementor-widget-container\">\n\t\t\t\t\t\t\t\t\t<div class=\"elementor-button-wrapper\">\n\t\t\t\t\t<a class=\"elementor-button elementor-button-link elementor-size-sm\" href=\"\/es\/chofer-privado-horas-madrid\">\n\t\t\t\t\t\t<span class=\"elementor-button-content-wrapper\">\n\t\t\t\t\t\t\t\t\t<span class=\"elementor-button-text\">M\u00e1s info<\/span>\n\t\t\t\t\t<\/span>\n\t\t\t\t\t<\/a>\n\t\t\t\t<\/div>\n\t\t\t\t\t\t\t\t<\/div>\n\t\t\t\t<\/div>\n\t\t\t\t<\/div>\n\t\t<div data-particle_enable=\"false\" data-particle-mobile-disabled=\"false\" class=\"elementor-element elementor-element-f590d2c e-con-full e-flex e-con e-child\" data-id=\"f590d2c\" data-element_type=\"container\" data-e-type=\"container\">\n\t\t\t\t<div class=\"elementor-element elementor-element-85a334b elementor-widget elementor-widget-image\" data-id=\"85a334b\" data-element_type=\"widget\" data-e-type=\"widget\" data-widget_type=\"image.default\">\n\t\t\t\t<div class=\"elementor-widget-container\">\n\t\t\t\t\t\t\t\t\t\t\t\t\t\t\t<img loading=\"lazy\" decoding=\"async\" width=\"1024\" height=\"1024\" src=\"https:\/\/qualitycarsworld.com\/wp-content\/uploads\/2023\/12\/Quality-Cars-Chofer-privado-por-horas-madrid-1024x1024.jpeg\" class=\"attachment-large size-large wp-image-2163\" alt=\"Quality Cars - Cho\u0301fer privado por horas madrid\" srcset=\"https:\/\/qualitycarsworld.com\/wp-content\/uploads\/2023\/12\/Quality-Cars-Chofer-privado-por-horas-madrid-1024x1024.jpeg 1024w, https:\/\/qualitycarsworld.com\/wp-content\/uploads\/2023\/12\/Quality-Cars-Chofer-privado-por-horas-madrid-300x300.jpeg 300w, https:\/\/qualitycarsworld.com\/wp-content\/uploads\/2023\/12\/Quality-Cars-Chofer-privado-por-horas-madrid-150x150.jpeg 150w, https:\/\/qualitycarsworld.com\/wp-content\/uploads\/2023\/12\/Quality-Cars-Chofer-privado-por-horas-madrid-768x768.jpeg 768w, https:\/\/qualitycarsworld.com\/wp-content\/uploads\/2023\/12\/Quality-Cars-Chofer-privado-por-horas-madrid.jpeg 1200w\" sizes=\"(max-width: 1024px) 100vw, 1024px\" \/>\t\t\t\t\t\t\t\t\t\t\t\t\t\t\t<\/div>\n\t\t\t\t<\/div>\n\t\t\t\t<div class=\"elementor-element elementor-element-f40acd0 elementor-widget elementor-widget-text-editor\" data-id=\"f40acd0\" data-element_type=\"widget\" data-e-type=\"widget\" data-widget_type=\"text-editor.default\">\n\t\t\t\t<div class=\"elementor-widget-container\">\n\t\t\t\t\t\t\t\t\t<h3 class=\"elementor-heading-title elementor-size-default\">Ch\u00f3fer Privado en Madrid<\/h3>\t\t\t\t\t\t\t\t<\/div>\n\t\t\t\t<\/div>\n\t\t\t\t<div class=\"elementor-element elementor-element-da7c3b5 elementor-align-center elementor-widget elementor-widget-button\" data-id=\"da7c3b5\" data-element_type=\"widget\" data-e-type=\"widget\" data-widget_type=\"button.default\">\n\t\t\t\t<div class=\"elementor-widget-container\">\n\t\t\t\t\t\t\t\t\t<div class=\"elementor-button-wrapper\">\n\t\t\t\t\t<a class=\"elementor-button elementor-button-link elementor-size-sm\" href=\"\/es\/chofer-privado-madrid\">\n\t\t\t\t\t\t<span class=\"elementor-button-content-wrapper\">\n\t\t\t\t\t\t\t\t\t<span class=\"elementor-button-text\">M\u00e1s info<\/span>\n\t\t\t\t\t<\/span>\n\t\t\t\t\t<\/a>\n\t\t\t\t<\/div>\n\t\t\t\t\t\t\t\t<\/div>\n\t\t\t\t<\/div>\n\t\t\t\t<\/div>\n\t\t<div data-particle_enable=\"false\" data-particle-mobile-disabled=\"false\" class=\"elementor-element elementor-element-d3afdbf e-con-full e-flex e-con e-child\" data-id=\"d3afdbf\" data-element_type=\"container\" data-e-type=\"container\">\n\t\t\t\t<div class=\"elementor-element elementor-element-fdf5c3e elementor-widget elementor-widget-image\" data-id=\"fdf5c3e\" data-element_type=\"widget\" data-e-type=\"widget\" data-widget_type=\"image.default\">\n\t\t\t\t<div class=\"elementor-widget-container\">\n\t\t\t\t\t\t\t\t\t\t\t\t\t\t\t<img loading=\"lazy\" decoding=\"async\" width=\"1024\" height=\"1024\" src=\"https:\/\/qualitycarsworld.com\/wp-content\/uploads\/2023\/12\/Quality-Cars-Excusiones-con-chofer-1024x1024.jpeg\" class=\"attachment-large size-large wp-image-2166\" alt=\"Quality Cars - Excusiones con cho\u0301fer bodega Marques de Riscal\" srcset=\"https:\/\/qualitycarsworld.com\/wp-content\/uploads\/2023\/12\/Quality-Cars-Excusiones-con-chofer-1024x1024.jpeg 1024w, https:\/\/qualitycarsworld.com\/wp-content\/uploads\/2023\/12\/Quality-Cars-Excusiones-con-chofer-300x300.jpeg 300w, https:\/\/qualitycarsworld.com\/wp-content\/uploads\/2023\/12\/Quality-Cars-Excusiones-con-chofer-150x150.jpeg 150w, https:\/\/qualitycarsworld.com\/wp-content\/uploads\/2023\/12\/Quality-Cars-Excusiones-con-chofer-768x768.jpeg 768w, https:\/\/qualitycarsworld.com\/wp-content\/uploads\/2023\/12\/Quality-Cars-Excusiones-con-chofer.jpeg 1200w\" sizes=\"(max-width: 1024px) 100vw, 1024px\" \/>\t\t\t\t\t\t\t\t\t\t\t\t\t\t\t<\/div>\n\t\t\t\t<\/div>\n\t\t\t\t<div class=\"elementor-element elementor-element-38e1ea2 elementor-widget elementor-widget-text-editor\" data-id=\"38e1ea2\" data-element_type=\"widget\" data-e-type=\"widget\" data-widget_type=\"text-editor.default\">\n\t\t\t\t<div class=\"elementor-widget-container\">\n\t\t\t\t\t\t\t\t\t<h3 class=\"elementor-heading-title elementor-size-default\">Tours Privados y Excursiones<\/h3>\t\t\t\t\t\t\t\t<\/div>\n\t\t\t\t<\/div>\n\t\t\t\t<div class=\"elementor-element elementor-element-b94464f elementor-align-center elementor-widget elementor-widget-button\" data-id=\"b94464f\" data-element_type=\"widget\" data-e-type=\"widget\" data-widget_type=\"button.default\">\n\t\t\t\t<div class=\"elementor-widget-container\">\n\t\t\t\t\t\t\t\t\t<div class=\"elementor-button-wrapper\">\n\t\t\t\t\t<a class=\"elementor-button elementor-button-link elementor-size-sm\" href=\"\/es\/tours-privados-por-madrid\">\n\t\t\t\t\t\t<span class=\"elementor-button-content-wrapper\">\n\t\t\t\t\t\t\t\t\t<span class=\"elementor-button-text\">M\u00e1s info<\/span>\n\t\t\t\t\t<\/span>\n\t\t\t\t\t<\/a>\n\t\t\t\t<\/div>\n\t\t\t\t\t\t\t\t<\/div>\n\t\t\t\t<\/div>\n\t\t\t\t<\/div>\n\t\t\t\t\t<\/div>\n\t\t\t\t<\/div>\n\t\t\t\t<\/div>\n\t\t","protected":false},"excerpt":{"rendered":"<p>Servicios Traslados al Aeropuerto&#8216;Adolfo Su\u00e1rez Madrid-Barajas&#8217; M\u00e1s info Traslados VIP y Empresas M\u00e1s info Coches con Ch\u00f3fer paraBodas y Eventos M\u00e1s info Ch\u00f3fer Privado por Horas M\u00e1s info Ch\u00f3fer Privado en Madrid M\u00e1s info Tours Privados y Excursiones M\u00e1s info<\/p>\n","protected":false},"author":2,"featured_media":0,"parent":0,"menu_order":0,"comment_status":"closed","ping_status":"closed","template":"","meta":{"_eb_attr":"","footnotes":""},"class_list":["post-2138","page","type-page","status-publish"],"_links":{"self":[{"href":"https:\/\/qualitycarsworld.com\/es\/wp-json\/wp\/v2\/pages\/2138","targetHints":{"allow":["GET"]}}],"collection":[{"href":"https:\/\/qualitycarsworld.com\/es\/wp-json\/wp\/v2\/pages"}],"about":[{"href":"https:\/\/qualitycarsworld.com\/es\/wp-json\/wp\/v2\/types\/page"}],"author":[{"embeddable":true,"href":"https:\/\/qualitycarsworld.com\/es\/wp-json\/wp\/v2\/users\/2"}],"replies":[{"embeddable":true,"href":"https:\/\/qualitycarsworld.com\/es\/wp-json\/wp\/v2\/comments?post=2138"}],"version-history":[{"count":10,"href":"https:\/\/qualitycarsworld.com\/es\/wp-json\/wp\/v2\/pages\/2138\/revisions"}],"predecessor-version":[{"id":4736,"href":"https:\/\/qualitycarsworld.com\/es\/wp-json\/wp\/v2\/pages\/2138\/revisions\/4736"}],"wp:attachment":[{"href":"https:\/\/qualitycarsworld.com\/es\/wp-json\/wp\/v2\/media?parent=2138"}],"curies":[{"name":"wp","href":"https:\/\/api.w.org\/{rel}","templated":true}]}}