{"id":2066,"date":"2023-12-22T11:52:53","date_gmt":"2023-12-22T10:52:53","guid":{"rendered":"https:\/\/zealous-lalande.46-231-5-225.plesk.page\/?page_id=2066"},"modified":"2025-11-17T09:56:56","modified_gmt":"2025-11-17T08:56:56","slug":"politica-privacidad","status":"publish","type":"page","link":"https:\/\/qualitycarsworld.com\/es\/politica-privacidad\/","title":{"rendered":"Pol\u00edtica de privacidad"},"content":{"rendered":"\t\t<div data-elementor-type=\"wp-page\" data-elementor-id=\"2066\" class=\"elementor elementor-2066\" data-elementor-post-type=\"page\">\n\t\t\t\t<div data-particle_enable=\"false\" data-particle-mobile-disabled=\"false\" class=\"elementor-element elementor-element-47be9f2 e-con-full e-flex e-con e-parent\" data-id=\"47be9f2\" data-element_type=\"container\" data-e-type=\"container\" data-settings=\"{&quot;background_background&quot;:&quot;classic&quot;}\">\n\t\t\t\t<div class=\"elementor-element elementor-element-2cd2c0f elementor-widget elementor-widget-heading\" data-id=\"2cd2c0f\" data-element_type=\"widget\" data-e-type=\"widget\" data-widget_type=\"heading.default\">\n\t\t\t\t<div class=\"elementor-widget-container\">\n\t\t\t\t\t<h1 class=\"elementor-heading-title elementor-size-default\">Pol\u00edtica de privacidad<\/h1>\t\t\t\t<\/div>\n\t\t\t\t<\/div>\n\t\t\t\t<\/div>\n\t\t<div data-particle_enable=\"false\" data-particle-mobile-disabled=\"false\" class=\"elementor-element elementor-element-70cafeb e-flex e-con-boxed e-con e-parent\" data-id=\"70cafeb\" data-element_type=\"container\" data-e-type=\"container\">\n\t\t\t\t\t<div class=\"e-con-inner\">\n\t\t<div data-particle_enable=\"false\" data-particle-mobile-disabled=\"false\" class=\"elementor-element elementor-element-90bec54 e-con-full e-flex e-con e-child\" data-id=\"90bec54\" data-element_type=\"container\" data-e-type=\"container\">\n\t\t\t\t<div class=\"elementor-element elementor-element-557bf60 elementor-widget elementor-widget-text-editor\" data-id=\"557bf60\" data-element_type=\"widget\" data-e-type=\"widget\" data-widget_type=\"text-editor.default\">\n\t\t\t\t<div class=\"elementor-widget-container\">\n\t\t\t\t\t\t\t\t\t<p class=\"x-small\">El sitio web qualitycarsworld.com, (en adelante, el \u201cSitio Web\u201d) es propiedad de QualityCarsWorld (en adelante QUALITY), con domicilio social en Plaza Patricio Aguado 2, 28043 Madrid y correo electr\u00f3nico reservas@qualitycarsworld.com. En cumplimiento de lo dispuesto en la Ley Org\u00e1nica 15\/1999, de 13 de diciembre de Protecci\u00f3n de Datos de Car\u00e1cter Personal, en el RD 1720\/2007 de 21 de diciembre y restante normativa de aplicaci\u00f3n, le informa que:<\/p><p class=\"x-small\">Todos los datos de car\u00e1cter personal facilitados a QUALITY ser\u00e1n tratados de acuerdo con la Ley Org\u00e1nica 15\/1999 de 13 de diciembre de Protecci\u00f3n de Datos de Car\u00e1cter Personal y el RD 1720\/2007 de 21 de diciembre, y quedar\u00e1n incorporados en el fichero Usuarios de la Web, debidamente registrados en la Agencia Espa\u00f1ola de Protecci\u00f3n de Datos.<\/p><p class=\"x-small\">Los datos son recabados para la administraci\u00f3n general y mantenimiento de la web, resoluci\u00f3n de consultas de clientes y usuarios, informaci\u00f3n sobre nuestros servicios, eventos, y temas de inter\u00e9s relacionados con el sector.<\/p><p class=\"x-small\">Siempre que el Usuario no se oponga expresamente, procederemos a remitirle informaci\u00f3n comercial, informaci\u00f3n sobre eventos y temas de inter\u00e9s relacionados con el sector de las nuevas tecnolog\u00edas. La informaci\u00f3n le podr\u00e1 ser remitida por cualquier medio admitido en derecho, incluidos los medios electr\u00f3nicos y los sms. Si no desea recibir publicidad puede indicarlo v\u00eda email en la direcci\u00f3n electr\u00f3nica: info@umbraconsulting.com<\/p><p class=\"x-small\">QUALITY se compromete a proteger la informaci\u00f3n confidencial facilitada para evitar el acceso no autorizado o la manipulaci\u00f3n de la misma.<\/p><p class=\"x-small\">El Usuario certifica que es mayor de 14 a\u00f1os y que posee la capacidad legal necesaria para la prestaci\u00f3n del consentimiento en cuanto al tratamiento de sus datos de car\u00e1cter personal y a la realizaci\u00f3n de cualquier acto de uso del Sitio Web.<\/p><p class=\"x-small\">El Usuario podr\u00e1 ejercitar los derechos de acceso, rectificaci\u00f3n, cancelaci\u00f3n y oposici\u00f3n sobre sus datos personales as\u00ed como el de revocaci\u00f3n del consentimiento para cualquier de las finalidades antes se\u00f1aladas, enviando a QUALITY carta debidamente firmada a nuestra direcci\u00f3n postal o electr\u00f3nica donde consten claramente los datos de contacto, a la cual deber\u00e1 acompa\u00f1arse fotocopia de su DNI\/NIF o documento que acredite su identidad<\/p><p class=\"x-small\">El Usuario autoriza al tratamiento automatizado de los datos personales suministrados en los t\u00e9rminos indicados cuando al consignar sus datos, acepta esta POL\u00cdTICA DE PRIVACIDAD.<\/p>\t\t\t\t\t\t\t\t<\/div>\n\t\t\t\t<\/div>\n\t\t\t\t<\/div>\n\t\t\t\t\t<\/div>\n\t\t\t\t<\/div>\n\t\t\t\t<\/div>\n\t\t","protected":false},"excerpt":{"rendered":"<p>Pol\u00edtica de privacidad El sitio web qualitycarsworld.com, (en adelante, el \u201cSitio Web\u201d) es propiedad de QualityCarsWorld (en adelante QUALITY), con domicilio social en Plaza Patricio Aguado 2, 28043 Madrid y correo electr\u00f3nico reservas@qualitycarsworld.com. En cumplimiento de lo dispuesto en la Ley Org\u00e1nica 15\/1999, de 13 de diciembre de Protecci\u00f3n de Datos de Car\u00e1cter Personal, en &#8230; <a title=\"Pol\u00edtica de privacidad\" class=\"read-more\" href=\"https:\/\/qualitycarsworld.com\/es\/politica-privacidad\/\" aria-label=\"Leer m\u00e1s sobre Pol\u00edtica de privacidad\">Leer m\u00e1s<\/a><\/p>\n","protected":false},"author":2,"featured_media":0,"parent":0,"menu_order":0,"comment_status":"closed","ping_status":"closed","template":"elementor_header_footer","meta":{"_eb_attr":"","footnotes":""},"class_list":["post-2066","page","type-page","status-publish"],"_links":{"self":[{"href":"https:\/\/qualitycarsworld.com\/es\/wp-json\/wp\/v2\/pages\/2066","targetHints":{"allow":["GET"]}}],"collection":[{"href":"https:\/\/qualitycarsworld.com\/es\/wp-json\/wp\/v2\/pages"}],"about":[{"href":"https:\/\/qualitycarsworld.com\/es\/wp-json\/wp\/v2\/types\/page"}],"author":[{"embeddable":true,"href":"https:\/\/qualitycarsworld.com\/es\/wp-json\/wp\/v2\/users\/2"}],"replies":[{"embeddable":true,"href":"https:\/\/qualitycarsworld.com\/es\/wp-json\/wp\/v2\/comments?post=2066"}],"version-history":[{"count":2,"href":"https:\/\/qualitycarsworld.com\/es\/wp-json\/wp\/v2\/pages\/2066\/revisions"}],"predecessor-version":[{"id":4727,"href":"https:\/\/qualitycarsworld.com\/es\/wp-json\/wp\/v2\/pages\/2066\/revisions\/4727"}],"wp:attachment":[{"href":"https:\/\/qualitycarsworld.com\/es\/wp-json\/wp\/v2\/media?parent=2066"}],"curies":[{"name":"wp","href":"https:\/\/api.w.org\/{rel}","templated":true}]}}