{"id":2058,"date":"2023-12-22T11:50:18","date_gmt":"2023-12-22T10:50:18","guid":{"rendered":"https:\/\/zealous-lalande.46-231-5-225.plesk.page\/?page_id=2058"},"modified":"2024-02-20T09:35:33","modified_gmt":"2024-02-20T08:35:33","slug":"aviso-legal","status":"publish","type":"page","link":"https:\/\/qualitycarsworld.com\/es\/aviso-legal\/","title":{"rendered":"Aviso Legal"},"content":{"rendered":"\t\t<div data-elementor-type=\"wp-page\" data-elementor-id=\"2058\" class=\"elementor elementor-2058\" data-elementor-post-type=\"page\">\n\t\t\t\t<div data-particle_enable=\"false\" data-particle-mobile-disabled=\"false\" class=\"elementor-element elementor-element-47be9f2 e-con-full e-flex e-con e-parent\" data-id=\"47be9f2\" data-element_type=\"container\" data-e-type=\"container\" data-settings=\"{&quot;background_background&quot;:&quot;classic&quot;}\">\n\t\t\t\t<div class=\"elementor-element elementor-element-2cd2c0f elementor-widget elementor-widget-heading\" data-id=\"2cd2c0f\" data-element_type=\"widget\" data-e-type=\"widget\" data-widget_type=\"heading.default\">\n\t\t\t\t<div class=\"elementor-widget-container\">\n\t\t\t\t\t<h1 class=\"elementor-heading-title elementor-size-default\">Aviso Legal<\/h1>\t\t\t\t<\/div>\n\t\t\t\t<\/div>\n\t\t\t\t<\/div>\n\t\t<div data-particle_enable=\"false\" data-particle-mobile-disabled=\"false\" class=\"elementor-element elementor-element-70cafeb e-flex e-con-boxed e-con e-parent\" data-id=\"70cafeb\" data-element_type=\"container\" data-e-type=\"container\">\n\t\t\t\t\t<div class=\"e-con-inner\">\n\t\t<div data-particle_enable=\"false\" data-particle-mobile-disabled=\"false\" class=\"elementor-element elementor-element-90bec54 e-con-full e-flex e-con e-child\" data-id=\"90bec54\" data-element_type=\"container\" data-e-type=\"container\">\n\t\t\t\t<div class=\"elementor-element elementor-element-557bf60 elementor-widget elementor-widget-text-editor\" data-id=\"557bf60\" data-element_type=\"widget\" data-e-type=\"widget\" data-widget_type=\"text-editor.default\">\n\t\t\t\t<div class=\"elementor-widget-container\">\n\t\t\t\t\t\t\t\t\t<p class=\"x-small\">El sitio web, www.qualitycarsworld.es, (en adelante, el \u201cSitio Web\u201d) es propiedad de QUALITYCARS WORLD (en adelante QUALITYCARS), con domicilio social en PLAZA PATRICIO AGUADO 2, 1C, 28043, MADRID y C.I.F\/NIF n\u00ba B87194502<\/p><p class=\"x-small\">QUALITYCARS le da la bienvenida y le invita a leer atentamente las Condiciones Generales de Uso de este Sito Web que describen los t\u00e9rminos y condiciones que ser\u00e1n aplicables a su navegaci\u00f3n por el mismo, de conformidad con lo establecido en la normativa espa\u00f1ola de aplicaci\u00f3n. Dado que podr\u00edan modificarse en el futuro estas Condiciones de Uso, le recomendamos que las visite peri\u00f3dicamente para estar debidamente informado de los cambios realizados.<\/p><p class=\"x-small\">Con el \u00e1nimo de que el uso del Sitio Web se ajuste a criterios de transparencia, claridad y sencillez, QUALITYCARS informa al Usuario que cualquier sugerencia, duda o consulta sobre las Condiciones Generales de Uso ser\u00e1 recibida y solucionada contact\u00e1ndonos a trav\u00e9s del tfno. 91 677 14 02, o en la direcci\u00f3n de correo electr\u00f3nico: info@qualitycarsworld.com<\/p><h3>Objeto<\/h3><p class=\"x-small\">El objeto del Aviso Legal, es establecer las condiciones y t\u00e9rminos en los que deber\u00e1 realizarse uso del sitio web, estableciendo las responsabilidades de los usuarios y de QUALITYCARS.<\/p><p class=\"x-small\">QUALITYCARS suministra el contenido y los servicios que est\u00e1n disponibles en el Sitio Web, con sujeci\u00f3n al presente Aviso Legal. El acceso a este Sitio Web o su utilizaci\u00f3n en cualquier forma le otorga la calificaci\u00f3n de \u201cUsuario\u201d e implica la aceptaci\u00f3n sin reservas de todas y cada una de las presentes condiciones de uso, reserv\u00e1ndose QUALITYCARS el derecho a modificarlos en cualquier momento. En consecuencia, ser\u00e1 responsabilidad de todo Usuario, la atenta lectura del Aviso Legal vigente en cada una de las ocasiones en que acceda a este Sitio Web, por lo que si \u00e9ste no est\u00e1 de acuerdo con cualquiera de los mismos aqu\u00ed dispuestos, deber\u00e1 abstenerse respecto al uso del presente Sitio Web.<\/p><p class=\"x-small\">Asimismo, queda advertido de que, en ocasiones, se podr\u00e1n establecer condiciones particulares para la utilizaci\u00f3n en el Sitio Web de contenidos y\/o servicios espec\u00edficos, la utilizaci\u00f3n de dichos contenidos o servicios implicar\u00e1 la aceptaci\u00f3n de las condiciones particulares en ellos especificadas.<\/p><h3>Servicios<\/h3><p class=\"x-small\">A trav\u00e9s del Sitio Web, QUALITYCARS, ofrece a los Usuarios la posibilidad de Conocer los servicios que ofrecemos, visualizar el tipo de coches y consultar las condiciones de uso de dichos servicios. Asi tambi\u00e9n los usuarios podr\u00e1n solicitar informaci\u00f3n o realizar consultas a trav\u00e9s del formulario de contacto habilitado a tal efecto y mantenerse informado sobre temas de inter\u00e9s del sector como eventos nacionales e internacionales.<\/p><h3>Privacidad y tratamiento de datos<\/h3><p class=\"x-small\">Cuando para el acceso a determinados contenidos o servicios sea necesario facilitar datos de car\u00e1cter personal, los Usuarios garantizar\u00e1n su veracidad, exactitud, autenticidad y vigencia. QUALITYCARS dar\u00e1 a dichos datos el tratamiento automatizado que corresponda en funci\u00f3n de su naturaleza o finalidad, en los t\u00e9rminos indicados en la secci\u00f3n de Pol\u00edtica de Privacidad.<\/p><h3>Propiedad Industrial e Intelectual<\/h3><p class=\"x-small\">El Usuario reconoce y acepta que todos los contenidos que se muestran en el Sitio Web y en especial, dise\u00f1os, textos, im\u00e1genes, logos, iconos, botones, software, nombres comerciales, marcas, o cualesquiera otros signos susceptibles de utilizaci\u00f3n industrial y\/o comercial est\u00e1n sujetos a derechos de Propiedad Intelectual y todas las marcas, nombres comerciales o signos distintivos, todos los derechos de propiedad industrial e intelectual, sobre los contenidos y\/o cualesquiera otros elementos insertados en el p\u00e1gina, que son propiedad exclusiva de QUALITYCARS y\/o de terceros, quienes tienen el derecho exclusivo de utilizarlos en el tr\u00e1fico econ\u00f3mico. Por todo ello el Usuario se compromete a no reproducir, copiar, distribuir, poner a disposici\u00f3n o de cualquier otra forma comunicar p\u00fablicamente, transformar o modificar tales contenidos manteniendo indemne a QUALITYCARS de cualquier reclamaci\u00f3n que se derive del incumplimiento de tales obligaciones. En ning\u00fan caso el acceso al Sitio Web implica ning\u00fan tipo de renuncia, transmisi\u00f3n, licencia o cesi\u00f3n total ni parcial de dichos derechos, salvo que se establezca expresamente lo contrario. Las presentes Condiciones Generales de Uso del Sitio Web no confieren a los Usuarios ning\u00fan otro derecho de utilizaci\u00f3n, alteraci\u00f3n, explotaci\u00f3n, reproducci\u00f3n, distribuci\u00f3n o comunicaci\u00f3n p\u00fablica del Sitio Web y\/o de sus Contenidos distintos de los aqu\u00ed expresamente previstos. Cualquier otro uso o explotaci\u00f3n de cualesquiera derechos estar\u00e1 sujeto a la previa y expresa autorizaci\u00f3n espec\u00edficamente otorgada a tal efecto por QUALITYCARS o el tercero titular de los derechos afectados.<\/p><p class=\"x-small\">La validaci\u00f3n o aceptaci\u00f3n por email del Presupuesto por parte del Cliente supone expresamente el conocimiento y aceptaci\u00f3n de estas CGC como parte de la celebraci\u00f3n del Contrato. Salvo prueba en contrario, estas CGC constituyen la prueba del conjunto de transacciones realizadas entre QUALITYCARS y sus Clientes, por lo que los Clientes deber\u00e1n aportar informaci\u00f3n real, actualizada y v\u00e1lida para la formalizaci\u00f3n de esta relaci\u00f3n contractual.<\/p><p class=\"x-small\">Asimismo queda prohibido suprimir, eludir y\/o manipular el copyright as\u00ed como los dispositivos t\u00e9cnicos de protecci\u00f3n, o cualesquiera mecanismos de informaci\u00f3n que pudieren contener los contenidos. El Usuario de este Sitio Web se compromete a respetar los derechos enunciados y a evitar cualquier actuaci\u00f3n que pudiera perjudicarlos, reserv\u00e1ndose en todo caso QUALITYCARS el ejercicio de cuantos medios o acciones legales le correspondan en defensa de sus leg\u00edtimos derechos de propiedad intelectual e industrial.<\/p><h3>Obligaciones y responsabilidades del usuario del sitio web<\/h3><p class=\"x-small\">El Usuario se compromete a:<\/p><p class=\"x-small\">Hacer un uso adecuado y l\u00edcito del Sitio Web as\u00ed como de los contenidos y servicios, de conformidad con: (i) la legislaci\u00f3n aplicable en cada momento; (ii) las Condiciones Generales de Uso del Sitio Web; (iii) la moral y buenas costumbres generalmente aceptadas y (iv) el orden p\u00fablico.<\/p><p class=\"x-small\">Proveerse de todos los medios y requerimientos t\u00e9cnicos que se precisen para acceder al Sitio Web.<\/p><p class=\"x-small\">Facilitar informaci\u00f3n veraz al cumplimentar con sus datos de car\u00e1cter personal los formularios contenidos en el Sitio Web y a mantenerlos actualizados en todo momento de forma que responda, en cada momento, a la situaci\u00f3n real del Usuario. El Usuario ser\u00e1 el \u00fanico responsable de las manifestaciones falsas o inexactas que realice y de los perjuicios que cause a QUALITYCARS o a terceros por la informaci\u00f3n que facilite.<\/p><p class=\"x-small\">No obstante lo establecido en el apartado anterior el Usuario deber\u00e1 asimismo abstenerse de:<\/p><p class=\"x-small\">Hacer un uso no autorizado o fraudulento del Sitio Web y\/o de los contenidos con fines o efectos il\u00edcitos, prohibidos en las presentes Condiciones Generales de Uso, lesivos de los derechos e intereses de terceros, o que de cualquier forma puedan da\u00f1ar, inutilizar, sobrecargar, deteriorar o impedir la normal utilizaci\u00f3n de los servicios o los documentos, archivos y toda clase de contenidos almacenados en cualquier equipo inform\u00e1tico.<\/p><p class=\"x-small\">Acceder o intentar acceder a recursos o \u00e1reas restringidas del Sitio Web, sin cumplir las condiciones exigidas para dicho acceso.<\/p><p class=\"x-small\">Provocar da\u00f1os en los sistemas f\u00edsicos o l\u00f3gicos del Sitio Web, de sus proveedores o de terceros.<\/p><p class=\"x-small\">Introducir o difundir en la red virus inform\u00e1ticos o cualesquiera otros sistemas f\u00edsicos o l\u00f3gicos que sean susceptibles de provocar da\u00f1os en los sistemas f\u00edsicos o l\u00f3gicos de QUALITYCARS, de sus proveedores o de terceros.<\/p><p class=\"x-small\">Intentar acceder, utilizar y\/o manipular los datos de QUALITYCARS, terceros proveedores y otros Usuarios.<\/p><p class=\"x-small\">Reproducir o copiar, distribuir, permitir el acceso del p\u00fablico a trav\u00e9s de cualquier modalidad de comunicaci\u00f3n p\u00fablica, transformar o modificar los contenidos, a menos que se cuente con la autorizaci\u00f3n del titular de los correspondientes derechos o ello resulte legalmente permitido.<\/p><p class=\"x-small\">Suprimir, ocultar o manipular las notas sobre derechos de propiedad intelectual o industrial y dem\u00e1s datos identificativos de los derechos de QUALITYCARS o de terceros incorporados a los contenidos, as\u00ed como los dispositivos t\u00e9cnicos de protecci\u00f3n o cualesquiera mecanismos de informaci\u00f3n que puedan insertarse en los contenidos.<\/p><p class=\"x-small\">Obtener e intentar obtener los contenidos empleando para ello medios o procedimientos distintos de los que, seg\u00fan los casos, se hayan puesto a su disposici\u00f3n a este efecto o se hayan indicado expresamente en las p\u00e1ginas web donde se encuentren los contenidos o, en general, de los que se empleen habitualmente en Internet por no entra\u00f1ar un riesgo de da\u00f1o o inutilizaci\u00f3n del sitio web y\/o de los contenidos.<\/p><p class=\"x-small\">En particular, y a t\u00edtulo meramente indicativo y no exhaustivo, el Usuario se compromete a no transmitir, difundir o poner a disposici\u00f3n de terceros informaciones, datos, contenidos, mensajes, gr\u00e1ficos, dibujos, archivos de sonido y\/o imagen, fotograf\u00edas, grabaciones, software y, en general, cualquier clase de material que:<\/p><p class=\"x-small\">De cualquier forma sea contrario, menosprecie o atente contra los derechos fundamentales y las libertades p\u00fablicas reconocidas constitucionalmente, en los Tratados Internacionales y en el resto de la legislaci\u00f3n vigente.<\/p><p class=\"x-small\">Induzca, incite o promueva actuaciones delictivas, denigratorias, difamatorias, violentas o, en general, contrarias a la ley, a la moral, a las buenas costumbres generalmente aceptadas o al orden p\u00fablico.<\/p><p class=\"x-small\">Incorpore, ponga a disposici\u00f3n o permita acceder a productos, elementos, mensajes y\/o servicios delictivos, violentos, ofensivos, nocivos, degradantes o, en general, contrarios a la ley, a la moral y a las buenas costumbres generalmente aceptadas o al orden p\u00fablico.<\/p><p class=\"x-small\">Induzca o pueda inducir a un estado inaceptable de ansiedad o temor.<\/p><p class=\"x-small\">Induzca o incite a involucrarse en pr\u00e1cticas peligrosas, de riesgo o nocivas para la salud y el equilibrio ps\u00edquico.<\/p><p class=\"x-small\">Se encuentre protegido por la legislaci\u00f3n en materia de protecci\u00f3n intelectual o industrial perteneciente a QUALITYCARS o a terceros sin que haya sido autorizado el uso que se pretenda realizar.<\/p><p class=\"x-small\">Sea contrario al honor, a la intimidad personal y familiar o a la propia imagen de las personas.<\/p><p class=\"x-small\">Constituya cualquier tipo de publicidad.<\/p><p class=\"x-small\">Incluya cualquier tipo de virus o programa que impida el normal funcionamiento del Sitio Web.<\/p><p class=\"x-small\">Si para acceder a algunos de los servicios y\/o contenidos del Sitio Web, se le proporcionara una contrase\u00f1a, se obliga a usarla de manera diligente, manteni\u00e9ndola en todo momento en secreto. En consecuencia, ser\u00e1 responsable de su adecuada custodia y confidencialidad, comprometi\u00e9ndose a no cederla a terceros, de manera temporal o permanente, ni a permitir el acceso a los mencionados servicios y\/o contenidos por parte de personas ajenas. Igualmente, se obliga a notificar a QUALITYCARS cualquier hecho que pueda suponer un uso indebido de su contrase\u00f1a, como, a t\u00edtulo enunciativo, su robo, extrav\u00edo o el acceso no autorizado, con el fin de proceder a su inmediata cancelaci\u00f3n. En consecuencia, mientras no efect\u00fae la notificaci\u00f3n anterior, QUALITYCARS quedar\u00e1 eximida de cualquier responsabilidad que pudiera derivarse del uso indebido de su contrase\u00f1a, siendo de su responsabilidad cualquier utilizaci\u00f3n il\u00edcita de los contenidos y\/o servicios del Sitio Web por cualquier tercero ileg\u00edtimo.<\/p><p class=\"x-small\">Si de manera negligente o dolosa incumpliera cualquiera de las obligaciones establecidas en las presentes Condiciones Generales de Uso, responder\u00e1 por todos los da\u00f1os y perjuicios que de dicho incumplimiento pudieran derivarse para QUALITYCARS<\/p><h3>Responsabilidad de QualityCars<\/h3><p class=\"x-small\">QUALITYCARS no garantiza el acceso continuado, ni la correcta visualizaci\u00f3n, descarga o utilidad de los elementos e informaciones que pueden verse impedidos, dificultados o interrumpidos por factores o circunstancias que est\u00e1n fuera de su control.<\/p><p class=\"x-small\">QUALITYCARS no se hace responsable de las decisiones que pudieran adoptarse como consecuencia del acceso a los contenidos o informaciones ofrecidas.<\/p><p class=\"x-small\">QUALITYCARS podr\u00e1 interrumpir el servicio o resolver de modo inmediato la relaci\u00f3n con el Usuario si detecta que un uso de su Sitio Web o de cualquiera de los servicios ofertados en el mismo son contrarios a las presentes Condiciones Generales de Uso. QUALITYCARS no se hace responsable por da\u00f1os, perjuicios, p\u00e9rdidas, reclamaciones o gastos derivados del uso del Sitio Web. \u00danicamente ser\u00e1 responsable de eliminar, lo antes posible, los contenidos que puedan generar tales perjuicios, siempre que as\u00ed se notifique. En especial no ser\u00e1 responsable de los perjuicios que se pudieran derivar, entre otros, de:<\/p><p class=\"x-small\">a) interferencias, interrupciones, fallos, omisiones, aver\u00edas telef\u00f3nicas, retrasos, bloqueos o desconexiones en el funcionamiento del sistema electr\u00f3nico, motivadas por deficiencias, sobrecargas y errores en las l\u00edneas y redes de telecomunicaciones, o por cualquier otra causa ajena al control de QUALITYCARS<\/p><p class=\"x-small\">b) intromisiones ileg\u00edtimas mediante el uso de programas malignos de cualquier tipo y a trav\u00e9s de cualquier medio de comunicaci\u00f3n, tales como virus inform\u00e1ticos o cualesquiera otros.<\/p><p class=\"x-small\">c) abuso indebido o inadecuado del Sitio Web.<\/p><p class=\"x-small\">d) errores de seguridad o navegaci\u00f3n producidos por un mal funcionamiento del navegador o por el uso de versiones no actualizadas del mismo. Los administradores de QUALITYCARS se reservan el derecho de retirar, total o parcialmente, cualquier contenido o informaci\u00f3n presente en el Sitio Web.<\/p><p class=\"x-small\">QUALITYCARS excluye cualquier responsabilidad por los da\u00f1os y perjuicios de toda naturaleza que pudieran deberse a la mala utilizaci\u00f3n de los servicios de libre disposici\u00f3n y uso por parte de los Usuarios de Sitio Web. Asimismo, QUALITYCARS queda exonerada de cualquier responsabilidad por el contenido e informaciones que puedan ser recibidas como consecuencia de los formularios de recogida de datos, estando los mismos \u00fanicamente para la prestaci\u00f3n de los servicios de consultas y dudas. Por otro lado, en caso de causar da\u00f1os y perjuicios por un uso il\u00edcito o incorrecto de dichos servicios, podr\u00e1 ser el Usuario reclamado por QUALITYCARS de los da\u00f1os o perjuicios causados.<\/p><p class=\"x-small\">Usted defender\u00e1, indemnizar\u00e1 y mantendr\u00e1 a QUALITYCARS indemne frente a cualesquiera da\u00f1os y perjuicios que se deriven de reclamaciones, acciones o demandas de terceros como consecuencia de su acceso o uso del Sitio Web. Asimismo, usted se obliga a indemnizar QUALITYCARS frente a cualesquiera da\u00f1os y perjuicios, que se deriven del uso por su parte de \u201crobots\u201d, \u201cspiders\u201d, \u201ccrawlers\u201d o herramientas similares empleadas con el fin de recabar o extraer datos o de cualquier otra actuaci\u00f3n por su parte que imponga una carga irrazonable sobre el funcionamiento del Sitio Web.<\/p><h3>Hiperv\u00ednculos<\/h3><p class=\"x-small\">El Usuario se obliga a no reproducir de ning\u00fan modo, ni siquiera mediante un hiperenlace o hiperv\u00ednculo, el Sitio Web, as\u00ed como ninguno de sus contenidos, salvo autorizaci\u00f3n expresa y por escrito de QUALITYCARS.<\/p><p class=\"x-small\">El Sitio Web de QUALITYCARS incluye enlaces a otras sitios web gestionados por terceros, con objeto de facilitar el acceso del Usuario a la informaci\u00f3n de empresas colaboradoras y\/o patrocinadoras. Conforme con ello, QUALITYCARS no se responsabiliza del contenido de dichos sitios web, ni se sit\u00faa en una posici\u00f3n de garante ni\/o de parte ofertante de los servicios y\/o informaci\u00f3n que se puedan ofrecer a terceros a trav\u00e9s de los enlaces de terceros.<\/p><p class=\"x-small\">Se concede al Usuario un derecho limitado, revocable y no exclusivo a crear enlaces a la p\u00e1gina principal del Sitio Web exclusivamente para uso privado y no comercial. Los sitios web que incluyan enlace a nuestro Sitio Web (i) no podr\u00e1n dar a entender que QUALITYCARS recomienda ese sitio web o sus servicios o productos; (ii) no podr\u00e1n falsear su relaci\u00f3n con QUALITYCARS, ni afirmar que QUALITYCARS ha autorizado tal enlace, ni incluir marcas, denominaciones, nombres comerciales, logotipos u otros signos distintivos de QUALITYCARS; (iii) no podr\u00e1n incluir contenidos que puedan considerarse de mal gusto, obscenos, ofensivos, controvertidos, que inciten a la violencia o la discriminaci\u00f3n por raz\u00f3n de sexo, raza o religi\u00f3n, contrarios al orden p\u00fablico o il\u00edcitos; (iv) no podr\u00e1n enlazar a ninguna p\u00e1gina del Sitio Web distinta de la p\u00e1gina principal; (v) deber\u00e1 enlazar con la propia direcci\u00f3n del Sitio Web, sin permitir que el sitio web que realice el enlace reproduzca el Sitio Web como parte de su web o dentro de uno de sus \u201cframes\u201d o crear un \u201cbrowser\u201d sobre cualquiera de las p\u00e1ginas del Sitio Web. QUALITYCARS, podr\u00e1 solicitar, en cualquier momento, que elimine cualquier enlace al Sitio Web, despu\u00e9s de lo cual deber\u00e1 proceder de inmediato a su eliminaci\u00f3n. QUALITYCARS, no puede controlar la informaci\u00f3n, contenidos, productos o servicios facilitados por otros sitios web que tengan establecidos enlaces con destino al Sitio Web.<\/p><p class=\"x-small\">En consecuencia, QUALITYCARS, no asume ning\u00fan tipo de responsabilidad por cualquier aspecto relativo a tales sitios web.<\/p><h3>Duraci\u00f3n y terminaci\u00f3n<\/h3><p class=\"x-small\">La prestaci\u00f3n del servicio del presente Sitio Web y los dem\u00e1s servicios tienen en principio una duraci\u00f3n indefinida. No obstante, QUALITYCARS, podr\u00e1 dar por terminada o suspender cualquiera de los servicios del portal. Cuando sea ello posible, QUALITYCARS, anunciar\u00e1 la terminaci\u00f3n o suspensi\u00f3n de la prestaci\u00f3n del servicio determinado.<\/p><h3>Declaraciones y garant\u00edas<\/h3><p class=\"x-small\">En general, los contenidos y servicios ofrecidos en el Sitio Web tienen car\u00e1cter meramente informativo. Por consiguiente, al ofrecerlos, QUALITYCARS, no otorga garant\u00eda ni declaraci\u00f3n alguna en relaci\u00f3n con los contenidos y servicios ofrecidos en el Sitio web, incluyendo, a t\u00edtulo enunciativo, garant\u00edas de licitud, fiabilidad, utilidad, veracidad, exactitud, o comerciabilidad, salvo en la medida en que por ley no puedan excluirse tales declaraciones y garant\u00edas.<\/p><h3>Caso fortuito y fuerza mayor<\/h3><p class=\"x-small\">QUALITYCARS no ser\u00e1 responsable en todo en caso de imposibilidad de prestar servicio, si \u00e9sta se debe a interrupciones prolongadas del suministro el\u00e9ctrico, l\u00edneas de telecomunicaciones, conflictos sociales, huelgas, rebeli\u00f3n, explosiones, inundaciones, actos y omisiones del Gobierno, y en general todos los supuestos de fuerza mayor o de caso fortuito.<\/p><h3>Ley aplicable y jurisdicci\u00f3n<\/h3><p class=\"x-small\">Las presentes Condiciones Generales de Uso, as\u00ed como el uso del Sitio Web, se regir\u00e1n por la legislaci\u00f3n espa\u00f1ola. Cualquier controversia ser\u00e1 resuelta ante los juzgados correspondientes al domicilio de QUALITYCARS<\/p><p class=\"x-small\">En el supuesto de que cualquier estipulaci\u00f3n del presente Aviso Legal resultara inexigible o nula en virtud de la legislaci\u00f3n aplicable o como consecuencia de una resoluci\u00f3n judicial o administrativa, dicha inexigibilidad o nulidad no har\u00e1 que las presentes Condiciones Generales de Uso resulten inexigibles o nulas en su conjunto. En dichos casos, QUALITYCARS, proceder\u00e1 a la modificaci\u00f3n o sustituci\u00f3n de dicha estipulaci\u00f3n por otra que sea v\u00e1lida y exigible y que, en la medida de lo posible, consiga el objetivo y pretensi\u00f3n reflejados en la estipulaci\u00f3n original.<\/p>\t\t\t\t\t\t\t\t<\/div>\n\t\t\t\t<\/div>\n\t\t\t\t<\/div>\n\t\t\t\t\t<\/div>\n\t\t\t\t<\/div>\n\t\t\t\t<\/div>\n\t\t","protected":false},"excerpt":{"rendered":"<p>Aviso Legal El sitio web, www.qualitycarsworld.es, (en adelante, el \u201cSitio Web\u201d) es propiedad de QUALITYCARS WORLD (en adelante QUALITYCARS), con domicilio social en PLAZA PATRICIO AGUADO 2, 1C, 28043, MADRID y C.I.F\/NIF n\u00ba B87194502 QUALITYCARS le da la bienvenida y le invita a leer atentamente las Condiciones Generales de Uso de este Sito Web que &#8230; <a title=\"Aviso Legal\" class=\"read-more\" href=\"https:\/\/qualitycarsworld.com\/es\/aviso-legal\/\" aria-label=\"Leer m\u00e1s sobre Aviso Legal\">Leer m\u00e1s<\/a><\/p>\n","protected":false},"author":2,"featured_media":0,"parent":0,"menu_order":0,"comment_status":"closed","ping_status":"closed","template":"elementor_header_footer","meta":{"_eb_attr":"","footnotes":""},"class_list":["post-2058","page","type-page","status-publish"],"_links":{"self":[{"href":"https:\/\/qualitycarsworld.com\/es\/wp-json\/wp\/v2\/pages\/2058","targetHints":{"allow":["GET"]}}],"collection":[{"href":"https:\/\/qualitycarsworld.com\/es\/wp-json\/wp\/v2\/pages"}],"about":[{"href":"https:\/\/qualitycarsworld.com\/es\/wp-json\/wp\/v2\/types\/page"}],"author":[{"embeddable":true,"href":"https:\/\/qualitycarsworld.com\/es\/wp-json\/wp\/v2\/users\/2"}],"replies":[{"embeddable":true,"href":"https:\/\/qualitycarsworld.com\/es\/wp-json\/wp\/v2\/comments?post=2058"}],"version-history":[{"count":1,"href":"https:\/\/qualitycarsworld.com\/es\/wp-json\/wp\/v2\/pages\/2058\/revisions"}],"predecessor-version":[{"id":3611,"href":"https:\/\/qualitycarsworld.com\/es\/wp-json\/wp\/v2\/pages\/2058\/revisions\/3611"}],"wp:attachment":[{"href":"https:\/\/qualitycarsworld.com\/es\/wp-json\/wp\/v2\/media?parent=2058"}],"curies":[{"name":"wp","href":"https:\/\/api.w.org\/{rel}","templated":true}]}}