{"id":2026,"date":"2023-12-22T11:25:01","date_gmt":"2023-12-22T10:25:01","guid":{"rendered":"https:\/\/zealous-lalande.46-231-5-225.plesk.page\/?page_id=2026"},"modified":"2025-04-14T18:14:21","modified_gmt":"2025-04-14T16:14:21","slug":"chofer-privado-por-horas-en-madrid","status":"publish","type":"page","link":"https:\/\/qualitycarsworld.com\/es\/chofer-privado-por-horas-en-madrid\/","title":{"rendered":"Ch\u00f3fer privado por horas en Madrid"},"content":{"rendered":"\t\t<div data-elementor-type=\"wp-page\" data-elementor-id=\"2026\" class=\"elementor elementor-2026\" data-elementor-post-type=\"page\">\n\t\t\t\t<div data-particle_enable=\"false\" data-particle-mobile-disabled=\"false\" class=\"elementor-element elementor-element-47be9f2 e-con-full e-flex e-con e-parent\" data-id=\"47be9f2\" data-element_type=\"container\" data-e-type=\"container\" data-settings=\"{&quot;background_background&quot;:&quot;classic&quot;}\">\n\t\t\t\t<div class=\"elementor-element elementor-element-2cd2c0f elementor-widget elementor-widget-heading\" data-id=\"2cd2c0f\" data-element_type=\"widget\" data-e-type=\"widget\" data-widget_type=\"heading.default\">\n\t\t\t\t<div class=\"elementor-widget-container\">\n\t\t\t\t\t<h1 class=\"elementor-heading-title elementor-size-default\">Ch\u00f3fer privado por horas<\/h1>\t\t\t\t<\/div>\n\t\t\t\t<\/div>\n\t\t\t\t<\/div>\n\t\t<div data-particle_enable=\"false\" data-particle-mobile-disabled=\"false\" class=\"elementor-element elementor-element-70cafeb e-flex e-con-boxed e-con e-parent\" data-id=\"70cafeb\" data-element_type=\"container\" data-e-type=\"container\">\n\t\t\t\t\t<div class=\"e-con-inner\">\n\t\t<div data-particle_enable=\"false\" data-particle-mobile-disabled=\"false\" class=\"elementor-element elementor-element-90bec54 e-con-full e-flex e-con e-child\" data-id=\"90bec54\" data-element_type=\"container\" data-e-type=\"container\">\n\t\t\t\t<div class=\"elementor-element elementor-element-cc09db1 elementor-widget elementor-widget-heading\" data-id=\"cc09db1\" data-element_type=\"widget\" data-e-type=\"widget\" data-widget_type=\"heading.default\">\n\t\t\t\t<div class=\"elementor-widget-container\">\n\t\t\t\t\t<h2 class=\"elementor-heading-title elementor-size-default\">Madrid a tu Ritmo: Ch\u00f3fer Privado por Horas para Desplazamientos Flexibles<\/h2>\t\t\t\t<\/div>\n\t\t\t\t<\/div>\n\t\t\t\t<div class=\"elementor-element elementor-element-557bf60 elementor-widget elementor-widget-text-editor\" data-id=\"557bf60\" data-element_type=\"widget\" data-e-type=\"widget\" data-widget_type=\"text-editor.default\">\n\t\t\t\t<div class=\"elementor-widget-container\">\n\t\t\t\t\t\t\t\t\t<p>Experimenta la libertad total en tus traslados por Madrid con nuestro servicio de ch\u00f3fer privado por horas. \u00bfNecesitas un conductor a tu disposici\u00f3n durante un tiempo espec\u00edfico? Te ofrecemos la flexibilidad que buscas. Ya sea para recorridos tur\u00edsticos, compromisos de negocios o cualquier otra actividad, nuestro servicio te permite contar con un ch\u00f3fer profesional cuando lo necesites.<\/p><p>Nuestros conductores altamente capacitados se adaptan a tu horario, brind\u00e1ndote la comodidad y la seguridad que requieres en cada viaje. Olv\u00eddate de las preocupaciones por el tiempo: con nosotros, tu agenda es nuestra prioridad. Desde la puntualidad en la recogida hasta la flexibilidad en las rutas, nos aseguramos de que cada minuto que pases con nuestro servicio de ch\u00f3fer por horas sea una experiencia sin complicaciones.<\/p><p>Disfruta de la conveniencia de tener un conductor privado a tu disposici\u00f3n, ya sea para unas horas o durante todo el d\u00eda. Explora Madrid a tu ritmo, sin preocupaciones por el estacionamiento, el tr\u00e1fico o la planificaci\u00f3n de rutas. Nuestra flota de veh\u00edculos de lujo garantiza un viaje c\u00f3modo y elegante en cada trayecto.<\/p><p>Reserva nuestro servicio de ch\u00f3fer privado por horas y aprovecha al m\u00e1ximo tu tiempo en la vibrante capital espa\u00f1ola. Contacta con nosotros hoy mismo y descubre c\u00f3mo la flexibilidad y el confort se combinan para ofrecerte una experiencia de conducci\u00f3n personalizada y sin complicaciones.<\/p>\t\t\t\t\t\t\t\t<\/div>\n\t\t\t\t<\/div>\n\t\t\t\t<\/div>\n\t\t\t\t\t<\/div>\n\t\t\t\t<\/div>\n\t\t<div data-particle_enable=\"false\" data-particle-mobile-disabled=\"false\" class=\"elementor-element elementor-element-fa77580 e-flex e-con-boxed e-con e-parent\" data-id=\"fa77580\" data-element_type=\"container\" data-e-type=\"container\">\n\t\t\t\t\t<div class=\"e-con-inner\">\n\t\t<div data-particle_enable=\"false\" data-particle-mobile-disabled=\"false\" class=\"elementor-element elementor-element-22cd39b e-con-full e-flex e-con e-child\" data-id=\"22cd39b\" data-element_type=\"container\" data-e-type=\"container\">\n\t\t\t\t<div class=\"elementor-element elementor-element-6781a17 elementor-widget elementor-widget-image\" data-id=\"6781a17\" data-element_type=\"widget\" data-e-type=\"widget\" data-widget_type=\"image.default\">\n\t\t\t\t<div class=\"elementor-widget-container\">\n\t\t\t\t\t\t\t\t\t\t\t\t\t\t\t<img fetchpriority=\"high\" decoding=\"async\" width=\"890\" height=\"1214\" src=\"https:\/\/qualitycarsworld.com\/wp-content\/uploads\/2023\/12\/Mercedes-Benz-Clase-E-Quality-Cars-World.jpeg\" class=\"attachment-full size-full wp-image-1438\" alt=\"Mercedes-Benz Clase E Con Conductor\" srcset=\"https:\/\/qualitycarsworld.com\/wp-content\/uploads\/2023\/12\/Mercedes-Benz-Clase-E-Quality-Cars-World.jpeg 890w, https:\/\/qualitycarsworld.com\/wp-content\/uploads\/2023\/12\/Mercedes-Benz-Clase-E-Quality-Cars-World-220x300.jpeg 220w, https:\/\/qualitycarsworld.com\/wp-content\/uploads\/2023\/12\/Mercedes-Benz-Clase-E-Quality-Cars-World-751x1024.jpeg 751w, https:\/\/qualitycarsworld.com\/wp-content\/uploads\/2023\/12\/Mercedes-Benz-Clase-E-Quality-Cars-World-768x1048.jpeg 768w\" sizes=\"(max-width: 890px) 100vw, 890px\" \/>\t\t\t\t\t\t\t\t\t\t\t\t\t\t\t<\/div>\n\t\t\t\t<\/div>\n\t\t\t\t<\/div>\n\t\t<div data-particle_enable=\"false\" data-particle-mobile-disabled=\"false\" class=\"elementor-element elementor-element-f6f9dc1 e-con-full e-flex e-con e-child\" data-id=\"f6f9dc1\" data-element_type=\"container\" data-e-type=\"container\">\n\t\t\t\t<div class=\"elementor-element elementor-element-0e685ab elementor-widget elementor-widget-image\" data-id=\"0e685ab\" data-element_type=\"widget\" data-e-type=\"widget\" data-widget_type=\"image.default\">\n\t\t\t\t<div class=\"elementor-widget-container\">\n\t\t\t\t\t\t\t\t\t\t\t\t\t\t\t<img decoding=\"async\" width=\"890\" height=\"578\" src=\"https:\/\/qualitycarsworld.com\/wp-content\/uploads\/2023\/12\/Quality-Cars-Mercedes-Benz-Clase-E.jpeg\" class=\"attachment-full size-full wp-image-1434\" alt=\"Quality Cars Mercedes Benz Clase E\" srcset=\"https:\/\/qualitycarsworld.com\/wp-content\/uploads\/2023\/12\/Quality-Cars-Mercedes-Benz-Clase-E.jpeg 890w, https:\/\/qualitycarsworld.com\/wp-content\/uploads\/2023\/12\/Quality-Cars-Mercedes-Benz-Clase-E-300x195.jpeg 300w, https:\/\/qualitycarsworld.com\/wp-content\/uploads\/2023\/12\/Quality-Cars-Mercedes-Benz-Clase-E-768x499.jpeg 768w\" sizes=\"(max-width: 890px) 100vw, 890px\" \/>\t\t\t\t\t\t\t\t\t\t\t\t\t\t\t<\/div>\n\t\t\t\t<\/div>\n\t\t\t\t<\/div>\n\t\t<div data-particle_enable=\"false\" data-particle-mobile-disabled=\"false\" class=\"elementor-element elementor-element-64ca589 e-con-full e-flex e-con e-child\" data-id=\"64ca589\" data-element_type=\"container\" data-e-type=\"container\">\n\t\t\t\t<div class=\"elementor-element elementor-element-f981547 elementor-widget elementor-widget-image\" data-id=\"f981547\" data-element_type=\"widget\" data-e-type=\"widget\" data-widget_type=\"image.default\">\n\t\t\t\t<div class=\"elementor-widget-container\">\n\t\t\t\t\t\t\t\t\t\t\t\t\t\t\t<img decoding=\"async\" width=\"890\" height=\"1214\" src=\"https:\/\/qualitycarsworld.com\/wp-content\/uploads\/2023\/12\/Quality-Cars-Mercedes-S.jpeg\" class=\"attachment-full size-full wp-image-1481\" alt=\"Alquilar Mercedes Clase S con chofer privado\" srcset=\"https:\/\/qualitycarsworld.com\/wp-content\/uploads\/2023\/12\/Quality-Cars-Mercedes-S.jpeg 890w, https:\/\/qualitycarsworld.com\/wp-content\/uploads\/2023\/12\/Quality-Cars-Mercedes-S-220x300.jpeg 220w, https:\/\/qualitycarsworld.com\/wp-content\/uploads\/2023\/12\/Quality-Cars-Mercedes-S-751x1024.jpeg 751w, https:\/\/qualitycarsworld.com\/wp-content\/uploads\/2023\/12\/Quality-Cars-Mercedes-S-768x1048.jpeg 768w\" sizes=\"(max-width: 890px) 100vw, 890px\" \/>\t\t\t\t\t\t\t\t\t\t\t\t\t\t\t<\/div>\n\t\t\t\t<\/div>\n\t\t\t\t<\/div>\n\t\t<div data-particle_enable=\"false\" data-particle-mobile-disabled=\"false\" class=\"elementor-element elementor-element-d9c7e93 e-con-full e-flex e-con e-child\" data-id=\"d9c7e93\" data-element_type=\"container\" data-e-type=\"container\">\n\t\t\t\t<div class=\"elementor-element elementor-element-678b298 elementor-widget elementor-widget-image\" data-id=\"678b298\" data-element_type=\"widget\" data-e-type=\"widget\" data-widget_type=\"image.default\">\n\t\t\t\t<div class=\"elementor-widget-container\">\n\t\t\t\t\t\t\t\t\t\t\t\t\t\t\t<img loading=\"lazy\" decoding=\"async\" width=\"890\" height=\"578\" src=\"https:\/\/qualitycarsworld.com\/wp-content\/uploads\/2023\/12\/Quality-Cars-Hotel-Aeropuerto-Transfer-chofer.jpeg\" class=\"attachment-large size-large wp-image-969\" alt=\"traslados de lujo aeropuerto madrid\" srcset=\"https:\/\/qualitycarsworld.com\/wp-content\/uploads\/2023\/12\/Quality-Cars-Hotel-Aeropuerto-Transfer-chofer.jpeg 890w, https:\/\/qualitycarsworld.com\/wp-content\/uploads\/2023\/12\/Quality-Cars-Hotel-Aeropuerto-Transfer-chofer-300x195.jpeg 300w, https:\/\/qualitycarsworld.com\/wp-content\/uploads\/2023\/12\/Quality-Cars-Hotel-Aeropuerto-Transfer-chofer-768x499.jpeg 768w\" sizes=\"(max-width: 890px) 100vw, 890px\" \/>\t\t\t\t\t\t\t\t\t\t\t\t\t\t\t<\/div>\n\t\t\t\t<\/div>\n\t\t\t\t<\/div>\n\t\t<div data-particle_enable=\"false\" data-particle-mobile-disabled=\"false\" class=\"elementor-element elementor-element-5bb6408 e-con-full e-flex e-con e-child\" data-id=\"5bb6408\" data-element_type=\"container\" data-e-type=\"container\">\n\t\t\t\t<div class=\"elementor-element elementor-element-9e96ea2 elementor-widget elementor-widget-image\" data-id=\"9e96ea2\" data-element_type=\"widget\" data-e-type=\"widget\" data-widget_type=\"image.default\">\n\t\t\t\t<div class=\"elementor-widget-container\">\n\t\t\t\t\t\t\t\t\t\t\t\t\t\t\t<img loading=\"lazy\" decoding=\"async\" width=\"751\" height=\"1024\" src=\"https:\/\/qualitycarsworld.com\/wp-content\/uploads\/2023\/12\/Madrid-Quality-Cars-World-751x1024.jpeg\" class=\"attachment-large size-large wp-image-963\" alt=\"traslados aeropuerto madrid barajas\" srcset=\"https:\/\/qualitycarsworld.com\/wp-content\/uploads\/2023\/12\/Madrid-Quality-Cars-World-751x1024.jpeg 751w, https:\/\/qualitycarsworld.com\/wp-content\/uploads\/2023\/12\/Madrid-Quality-Cars-World-220x300.jpeg 220w, https:\/\/qualitycarsworld.com\/wp-content\/uploads\/2023\/12\/Madrid-Quality-Cars-World-768x1048.jpeg 768w, https:\/\/qualitycarsworld.com\/wp-content\/uploads\/2023\/12\/Madrid-Quality-Cars-World.jpeg 890w\" sizes=\"(max-width: 751px) 100vw, 751px\" \/>\t\t\t\t\t\t\t\t\t\t\t\t\t\t\t<\/div>\n\t\t\t\t<\/div>\n\t\t\t\t<\/div>\n\t\t<div data-particle_enable=\"false\" data-particle-mobile-disabled=\"false\" class=\"elementor-element elementor-element-a982d58 e-con-full e-flex e-con e-child\" data-id=\"a982d58\" data-element_type=\"container\" data-e-type=\"container\">\n\t\t\t\t<div class=\"elementor-element elementor-element-ae2af77 elementor-widget elementor-widget-image\" data-id=\"ae2af77\" data-element_type=\"widget\" data-e-type=\"widget\" data-widget_type=\"image.default\">\n\t\t\t\t<div class=\"elementor-widget-container\">\n\t\t\t\t\t\t\t\t\t\t\t\t\t\t\t<img loading=\"lazy\" decoding=\"async\" width=\"890\" height=\"578\" src=\"https:\/\/qualitycarsworld.com\/wp-content\/uploads\/2023\/12\/Alquiler-coche-boda-Quality-Cars-World.jpeg\" class=\"attachment-large size-large wp-image-1164\" alt=\"Ch\u00f3fer privado por horas en Madrid\" srcset=\"https:\/\/qualitycarsworld.com\/wp-content\/uploads\/2023\/12\/Alquiler-coche-boda-Quality-Cars-World.jpeg 890w, https:\/\/qualitycarsworld.com\/wp-content\/uploads\/2023\/12\/Alquiler-coche-boda-Quality-Cars-World-300x195.jpeg 300w, https:\/\/qualitycarsworld.com\/wp-content\/uploads\/2023\/12\/Alquiler-coche-boda-Quality-Cars-World-768x499.jpeg 768w\" sizes=\"(max-width: 890px) 100vw, 890px\" \/>\t\t\t\t\t\t\t\t\t\t\t\t\t\t\t<\/div>\n\t\t\t\t<\/div>\n\t\t\t\t<\/div>\n\t\t\t\t\t<\/div>\n\t\t\t\t<\/div>\n\t\t\t\t<\/div>\n\t\t","protected":false},"excerpt":{"rendered":"<p>Ch\u00f3fer privado por horas Madrid a tu Ritmo: Ch\u00f3fer Privado por Horas para Desplazamientos Flexibles Experimenta la libertad total en tus traslados por Madrid con nuestro servicio de ch\u00f3fer privado por horas. \u00bfNecesitas un conductor a tu disposici\u00f3n durante un tiempo espec\u00edfico? Te ofrecemos la flexibilidad que buscas. Ya sea para recorridos tur\u00edsticos, compromisos de &#8230; <a title=\"Ch\u00f3fer privado por horas en Madrid\" class=\"read-more\" href=\"https:\/\/qualitycarsworld.com\/es\/chofer-privado-por-horas-en-madrid\/\" aria-label=\"Leer m\u00e1s sobre Ch\u00f3fer privado por horas en Madrid\">Leer m\u00e1s<\/a><\/p>\n","protected":false},"author":2,"featured_media":0,"parent":0,"menu_order":0,"comment_status":"closed","ping_status":"closed","template":"elementor_header_footer","meta":{"_eb_attr":"","footnotes":""},"class_list":["post-2026","page","type-page","status-publish"],"_links":{"self":[{"href":"https:\/\/qualitycarsworld.com\/es\/wp-json\/wp\/v2\/pages\/2026","targetHints":{"allow":["GET"]}}],"collection":[{"href":"https:\/\/qualitycarsworld.com\/es\/wp-json\/wp\/v2\/pages"}],"about":[{"href":"https:\/\/qualitycarsworld.com\/es\/wp-json\/wp\/v2\/types\/page"}],"author":[{"embeddable":true,"href":"https:\/\/qualitycarsworld.com\/es\/wp-json\/wp\/v2\/users\/2"}],"replies":[{"embeddable":true,"href":"https:\/\/qualitycarsworld.com\/es\/wp-json\/wp\/v2\/comments?post=2026"}],"version-history":[{"count":4,"href":"https:\/\/qualitycarsworld.com\/es\/wp-json\/wp\/v2\/pages\/2026\/revisions"}],"predecessor-version":[{"id":4167,"href":"https:\/\/qualitycarsworld.com\/es\/wp-json\/wp\/v2\/pages\/2026\/revisions\/4167"}],"wp:attachment":[{"href":"https:\/\/qualitycarsworld.com\/es\/wp-json\/wp\/v2\/media?parent=2026"}],"curies":[{"name":"wp","href":"https:\/\/api.w.org\/{rel}","templated":true}]}}