{"id":2004,"date":"2023-12-22T11:15:10","date_gmt":"2023-12-22T10:15:10","guid":{"rendered":"https:\/\/zealous-lalande.46-231-5-225.plesk.page\/?page_id=2004"},"modified":"2025-04-11T18:32:32","modified_gmt":"2025-04-11T16:32:32","slug":"chofer-privado-madrid","status":"publish","type":"page","link":"https:\/\/qualitycarsworld.com\/es\/chofer-privado-madrid\/","title":{"rendered":"Ch\u00f3fer privado en Madrid"},"content":{"rendered":"\t\t<div data-elementor-type=\"wp-page\" data-elementor-id=\"2004\" class=\"elementor elementor-2004\" data-elementor-post-type=\"page\">\n\t\t\t\t<div data-particle_enable=\"false\" data-particle-mobile-disabled=\"false\" class=\"elementor-element elementor-element-47be9f2 e-con-full e-flex e-con e-parent\" data-id=\"47be9f2\" data-element_type=\"container\" data-e-type=\"container\" data-settings=\"{&quot;background_background&quot;:&quot;classic&quot;}\">\n\t\t\t\t<div class=\"elementor-element elementor-element-2cd2c0f elementor-widget elementor-widget-heading\" data-id=\"2cd2c0f\" data-element_type=\"widget\" data-e-type=\"widget\" data-widget_type=\"heading.default\">\n\t\t\t\t<div class=\"elementor-widget-container\">\n\t\t\t\t\t<h1 class=\"elementor-heading-title elementor-size-default\">Ch\u00f3fer privado en Madrid<\/h1>\t\t\t\t<\/div>\n\t\t\t\t<\/div>\n\t\t\t\t<\/div>\n\t\t<div data-particle_enable=\"false\" data-particle-mobile-disabled=\"false\" class=\"elementor-element elementor-element-70cafeb e-flex e-con-boxed e-con e-parent\" data-id=\"70cafeb\" data-element_type=\"container\" data-e-type=\"container\">\n\t\t\t\t\t<div class=\"e-con-inner\">\n\t\t<div data-particle_enable=\"false\" data-particle-mobile-disabled=\"false\" class=\"elementor-element elementor-element-90bec54 e-con-full e-flex e-con e-child\" data-id=\"90bec54\" data-element_type=\"container\" data-e-type=\"container\">\n\t\t\t\t<div class=\"elementor-element elementor-element-cc09db1 elementor-widget elementor-widget-heading\" data-id=\"cc09db1\" data-element_type=\"widget\" data-e-type=\"widget\" data-widget_type=\"heading.default\">\n\t\t\t\t<div class=\"elementor-widget-container\">\n\t\t\t\t\t<h2 class=\"elementor-heading-title elementor-size-default\">Descubre Madrid: Servicio de Ch\u00f3fer Privado para Viajes Exclusivos<\/h2>\t\t\t\t<\/div>\n\t\t\t\t<\/div>\n\t\t\t\t<div class=\"elementor-element elementor-element-557bf60 elementor-widget elementor-widget-text-editor\" data-id=\"557bf60\" data-element_type=\"widget\" data-e-type=\"widget\" data-widget_type=\"text-editor.default\">\n\t\t\t\t<div class=\"elementor-widget-container\">\n\t\t\t\t\t\t\t\t\t<p>Descubre la excelencia en el transporte personal con nuestro servicio de ch\u00f3fer privado en Madrid. Nuestro compromiso es brindarte una experiencia \u00fanica y distinguida en cada viaje. Desde la llegada al aeropuerto hasta desplazamientos dentro de la ciudad, nuestros ch\u00f3feres expertos est\u00e1n dedicados a ofrecerte comodidad, puntualidad y un servicio de primera categor\u00eda.<\/p><p>En cada recorrido, te garantizamos un trato personalizado y una atenci\u00f3n impecable a tus necesidades. Nuestros conductores conocen cada rinc\u00f3n de Madrid, asegurando rutas eficientes y la exploraci\u00f3n de los lugares m\u00e1s emblem\u00e1ticos con un toque de exclusividad.<\/p><p>Con nuestra flota de veh\u00edculos de lujo, disfrutar\u00e1s de un viaje c\u00f3modo y seguro. Nos enorgullecemos de mantener est\u00e1ndares de calidad excepcionales, priorizando tu tranquilidad y bienestar en cada trayecto.<\/p><p>Ya sea para eventos corporativos, tours tur\u00edsticos o simplemente para moverte con estilo por la ciudad, nuestro servicio de ch\u00f3fer privado en Madrid se adapta a tus necesidades. Reserva con nosotros y experimenta la elegancia y conveniencia de tener un ch\u00f3fer dedicado a ofrecerte un viaje inolvidable por la cautivadora Madrid.<\/p><p><a href=\"https:\/\/qualitycarsworld.com\/es\/contacto\/\">Cont\u00e1ctanos<\/a> ahora y descubre c\u00f3mo nuestro servicio de ch\u00f3fer privado transformar\u00e1 por completo tu experiencia de viaje en la capital espa\u00f1ola. Conf\u00eda en nosotros para brindarte un servicio excepcional, marcado por la excelencia en cada detalle.<\/p>\t\t\t\t\t\t\t\t<\/div>\n\t\t\t\t<\/div>\n\t\t\t\t<\/div>\n\t\t\t\t\t<\/div>\n\t\t\t\t<\/div>\n\t\t<div data-particle_enable=\"false\" data-particle-mobile-disabled=\"false\" class=\"elementor-element elementor-element-fa77580 e-flex e-con-boxed e-con e-parent\" data-id=\"fa77580\" data-element_type=\"container\" data-e-type=\"container\">\n\t\t\t\t\t<div class=\"e-con-inner\">\n\t\t<div data-particle_enable=\"false\" data-particle-mobile-disabled=\"false\" class=\"elementor-element elementor-element-22cd39b e-con-full e-flex e-con e-child\" data-id=\"22cd39b\" data-element_type=\"container\" data-e-type=\"container\">\n\t\t\t\t<div class=\"elementor-element elementor-element-6781a17 elementor-widget elementor-widget-image\" data-id=\"6781a17\" data-element_type=\"widget\" data-e-type=\"widget\" data-widget_type=\"image.default\">\n\t\t\t\t<div class=\"elementor-widget-container\">\n\t\t\t\t\t\t\t\t\t\t\t\t\t\t\t<img fetchpriority=\"high\" decoding=\"async\" width=\"890\" height=\"1214\" src=\"https:\/\/qualitycarsworld.com\/wp-content\/uploads\/2023\/12\/Aeropuerto-Madrid-Quality-Cars-Transfers.jpeg\" class=\"attachment-full size-full wp-image-965\" alt=\"traslados aeropuerto madrid\" srcset=\"https:\/\/qualitycarsworld.com\/wp-content\/uploads\/2023\/12\/Aeropuerto-Madrid-Quality-Cars-Transfers.jpeg 890w, https:\/\/qualitycarsworld.com\/wp-content\/uploads\/2023\/12\/Aeropuerto-Madrid-Quality-Cars-Transfers-220x300.jpeg 220w, https:\/\/qualitycarsworld.com\/wp-content\/uploads\/2023\/12\/Aeropuerto-Madrid-Quality-Cars-Transfers-751x1024.jpeg 751w, https:\/\/qualitycarsworld.com\/wp-content\/uploads\/2023\/12\/Aeropuerto-Madrid-Quality-Cars-Transfers-768x1048.jpeg 768w\" sizes=\"(max-width: 890px) 100vw, 890px\" \/>\t\t\t\t\t\t\t\t\t\t\t\t\t\t\t<\/div>\n\t\t\t\t<\/div>\n\t\t\t\t<\/div>\n\t\t<div data-particle_enable=\"false\" data-particle-mobile-disabled=\"false\" class=\"elementor-element elementor-element-f6f9dc1 e-con-full e-flex e-con e-child\" data-id=\"f6f9dc1\" data-element_type=\"container\" data-e-type=\"container\">\n\t\t\t\t<div class=\"elementor-element elementor-element-0e685ab elementor-widget elementor-widget-image\" data-id=\"0e685ab\" data-element_type=\"widget\" data-e-type=\"widget\" data-widget_type=\"image.default\">\n\t\t\t\t<div class=\"elementor-widget-container\">\n\t\t\t\t\t\t\t\t\t\t\t\t\t\t\t<img decoding=\"async\" width=\"890\" height=\"578\" src=\"https:\/\/qualitycarsworld.com\/wp-content\/uploads\/2023\/12\/Quality-Cars-Mercedes-Benz-Clase-E.jpeg\" class=\"attachment-full size-full wp-image-1434\" alt=\"Quality Cars Mercedes Benz Clase E\" srcset=\"https:\/\/qualitycarsworld.com\/wp-content\/uploads\/2023\/12\/Quality-Cars-Mercedes-Benz-Clase-E.jpeg 890w, https:\/\/qualitycarsworld.com\/wp-content\/uploads\/2023\/12\/Quality-Cars-Mercedes-Benz-Clase-E-300x195.jpeg 300w, https:\/\/qualitycarsworld.com\/wp-content\/uploads\/2023\/12\/Quality-Cars-Mercedes-Benz-Clase-E-768x499.jpeg 768w\" sizes=\"(max-width: 890px) 100vw, 890px\" \/>\t\t\t\t\t\t\t\t\t\t\t\t\t\t\t<\/div>\n\t\t\t\t<\/div>\n\t\t\t\t<\/div>\n\t\t<div data-particle_enable=\"false\" data-particle-mobile-disabled=\"false\" class=\"elementor-element elementor-element-64ca589 e-con-full e-flex e-con e-child\" data-id=\"64ca589\" data-element_type=\"container\" data-e-type=\"container\">\n\t\t\t\t<div class=\"elementor-element elementor-element-f981547 elementor-widget elementor-widget-image\" data-id=\"f981547\" data-element_type=\"widget\" data-e-type=\"widget\" data-widget_type=\"image.default\">\n\t\t\t\t<div class=\"elementor-widget-container\">\n\t\t\t\t\t\t\t\t\t\t\t\t\t\t\t<img decoding=\"async\" width=\"890\" height=\"1214\" src=\"https:\/\/qualitycarsworld.com\/wp-content\/uploads\/2023\/12\/Quality-Cars-Boda.jpeg\" class=\"attachment-full size-full wp-image-1163\" alt=\"Quality Cars Boda\" srcset=\"https:\/\/qualitycarsworld.com\/wp-content\/uploads\/2023\/12\/Quality-Cars-Boda.jpeg 890w, https:\/\/qualitycarsworld.com\/wp-content\/uploads\/2023\/12\/Quality-Cars-Boda-220x300.jpeg 220w, https:\/\/qualitycarsworld.com\/wp-content\/uploads\/2023\/12\/Quality-Cars-Boda-751x1024.jpeg 751w, https:\/\/qualitycarsworld.com\/wp-content\/uploads\/2023\/12\/Quality-Cars-Boda-768x1048.jpeg 768w\" sizes=\"(max-width: 890px) 100vw, 890px\" \/>\t\t\t\t\t\t\t\t\t\t\t\t\t\t\t<\/div>\n\t\t\t\t<\/div>\n\t\t\t\t<\/div>\n\t\t<div data-particle_enable=\"false\" data-particle-mobile-disabled=\"false\" class=\"elementor-element elementor-element-d9c7e93 e-con-full e-flex e-con e-child\" data-id=\"d9c7e93\" data-element_type=\"container\" data-e-type=\"container\">\n\t\t\t\t<div class=\"elementor-element elementor-element-678b298 elementor-widget elementor-widget-image\" data-id=\"678b298\" data-element_type=\"widget\" data-e-type=\"widget\" data-widget_type=\"image.default\">\n\t\t\t\t<div class=\"elementor-widget-container\">\n\t\t\t\t\t\t\t\t\t\t\t\t\t\t\t<img loading=\"lazy\" decoding=\"async\" width=\"890\" height=\"578\" src=\"https:\/\/qualitycarsworld.com\/wp-content\/uploads\/2023\/12\/Quality-Cars-Hotel-Aeropuerto-Transfer-chofer.jpeg\" class=\"attachment-large size-large wp-image-969\" alt=\"traslados de lujo aeropuerto madrid\" srcset=\"https:\/\/qualitycarsworld.com\/wp-content\/uploads\/2023\/12\/Quality-Cars-Hotel-Aeropuerto-Transfer-chofer.jpeg 890w, https:\/\/qualitycarsworld.com\/wp-content\/uploads\/2023\/12\/Quality-Cars-Hotel-Aeropuerto-Transfer-chofer-300x195.jpeg 300w, https:\/\/qualitycarsworld.com\/wp-content\/uploads\/2023\/12\/Quality-Cars-Hotel-Aeropuerto-Transfer-chofer-768x499.jpeg 768w\" sizes=\"(max-width: 890px) 100vw, 890px\" \/>\t\t\t\t\t\t\t\t\t\t\t\t\t\t\t<\/div>\n\t\t\t\t<\/div>\n\t\t\t\t<\/div>\n\t\t<div data-particle_enable=\"false\" data-particle-mobile-disabled=\"false\" class=\"elementor-element elementor-element-5bb6408 e-con-full e-flex e-con e-child\" data-id=\"5bb6408\" data-element_type=\"container\" data-e-type=\"container\">\n\t\t\t\t<div class=\"elementor-element elementor-element-9e96ea2 elementor-widget elementor-widget-image\" data-id=\"9e96ea2\" data-element_type=\"widget\" data-e-type=\"widget\" data-widget_type=\"image.default\">\n\t\t\t\t<div class=\"elementor-widget-container\">\n\t\t\t\t\t\t\t\t\t\t\t\t\t\t\t<img loading=\"lazy\" decoding=\"async\" width=\"751\" height=\"1024\" src=\"https:\/\/qualitycarsworld.com\/wp-content\/uploads\/2023\/12\/Madrid-Quality-Cars-World-751x1024.jpeg\" class=\"attachment-large size-large wp-image-963\" alt=\"traslados aeropuerto madrid barajas\" srcset=\"https:\/\/qualitycarsworld.com\/wp-content\/uploads\/2023\/12\/Madrid-Quality-Cars-World-751x1024.jpeg 751w, https:\/\/qualitycarsworld.com\/wp-content\/uploads\/2023\/12\/Madrid-Quality-Cars-World-220x300.jpeg 220w, https:\/\/qualitycarsworld.com\/wp-content\/uploads\/2023\/12\/Madrid-Quality-Cars-World-768x1048.jpeg 768w, https:\/\/qualitycarsworld.com\/wp-content\/uploads\/2023\/12\/Madrid-Quality-Cars-World.jpeg 890w\" sizes=\"(max-width: 751px) 100vw, 751px\" \/>\t\t\t\t\t\t\t\t\t\t\t\t\t\t\t<\/div>\n\t\t\t\t<\/div>\n\t\t\t\t<\/div>\n\t\t<div data-particle_enable=\"false\" data-particle-mobile-disabled=\"false\" class=\"elementor-element elementor-element-a982d58 e-con-full e-flex e-con e-child\" data-id=\"a982d58\" data-element_type=\"container\" data-e-type=\"container\">\n\t\t\t\t<div class=\"elementor-element elementor-element-ae2af77 elementor-widget elementor-widget-image\" data-id=\"ae2af77\" data-element_type=\"widget\" data-e-type=\"widget\" data-widget_type=\"image.default\">\n\t\t\t\t<div class=\"elementor-widget-container\">\n\t\t\t\t\t\t\t\t\t\t\t\t\t\t\t<img loading=\"lazy\" decoding=\"async\" width=\"890\" height=\"578\" src=\"https:\/\/qualitycarsworld.com\/wp-content\/uploads\/2023\/12\/Quality-Cars-V-Premium.png\" class=\"attachment-large size-large wp-image-1519\" alt=\"Ch\u00f3fer privado en Madrid\" srcset=\"https:\/\/qualitycarsworld.com\/wp-content\/uploads\/2023\/12\/Quality-Cars-V-Premium.png 890w, https:\/\/qualitycarsworld.com\/wp-content\/uploads\/2023\/12\/Quality-Cars-V-Premium-300x195.png 300w, https:\/\/qualitycarsworld.com\/wp-content\/uploads\/2023\/12\/Quality-Cars-V-Premium-768x499.png 768w\" sizes=\"(max-width: 890px) 100vw, 890px\" \/>\t\t\t\t\t\t\t\t\t\t\t\t\t\t\t<\/div>\n\t\t\t\t<\/div>\n\t\t\t\t<\/div>\n\t\t\t\t\t<\/div>\n\t\t\t\t<\/div>\n\t\t\t\t<\/div>\n\t\t","protected":false},"excerpt":{"rendered":"<p>Ch\u00f3fer privado en Madrid Descubre Madrid: Servicio de Ch\u00f3fer Privado para Viajes Exclusivos Descubre la excelencia en el transporte personal con nuestro servicio de ch\u00f3fer privado en Madrid. Nuestro compromiso es brindarte una experiencia \u00fanica y distinguida en cada viaje. Desde la llegada al aeropuerto hasta desplazamientos dentro de la ciudad, nuestros ch\u00f3feres expertos est\u00e1n &#8230; <a title=\"Ch\u00f3fer privado en Madrid\" class=\"read-more\" href=\"https:\/\/qualitycarsworld.com\/es\/chofer-privado-madrid\/\" aria-label=\"Leer m\u00e1s sobre Ch\u00f3fer privado en Madrid\">Leer m\u00e1s<\/a><\/p>\n","protected":false},"author":2,"featured_media":0,"parent":0,"menu_order":0,"comment_status":"closed","ping_status":"closed","template":"elementor_header_footer","meta":{"_eb_attr":"","footnotes":""},"class_list":["post-2004","page","type-page","status-publish"],"_links":{"self":[{"href":"https:\/\/qualitycarsworld.com\/es\/wp-json\/wp\/v2\/pages\/2004","targetHints":{"allow":["GET"]}}],"collection":[{"href":"https:\/\/qualitycarsworld.com\/es\/wp-json\/wp\/v2\/pages"}],"about":[{"href":"https:\/\/qualitycarsworld.com\/es\/wp-json\/wp\/v2\/types\/page"}],"author":[{"embeddable":true,"href":"https:\/\/qualitycarsworld.com\/es\/wp-json\/wp\/v2\/users\/2"}],"replies":[{"embeddable":true,"href":"https:\/\/qualitycarsworld.com\/es\/wp-json\/wp\/v2\/comments?post=2004"}],"version-history":[{"count":7,"href":"https:\/\/qualitycarsworld.com\/es\/wp-json\/wp\/v2\/pages\/2004\/revisions"}],"predecessor-version":[{"id":4358,"href":"https:\/\/qualitycarsworld.com\/es\/wp-json\/wp\/v2\/pages\/2004\/revisions\/4358"}],"wp:attachment":[{"href":"https:\/\/qualitycarsworld.com\/es\/wp-json\/wp\/v2\/media?parent=2004"}],"curies":[{"name":"wp","href":"https:\/\/api.w.org\/{rel}","templated":true}]}}