{"id":1747,"date":"2023-12-21T17:05:35","date_gmt":"2023-12-21T16:05:35","guid":{"rendered":"https:\/\/zealous-lalande.46-231-5-225.plesk.page\/?page_id=1747"},"modified":"2025-04-14T19:08:07","modified_gmt":"2025-04-14T17:08:07","slug":"tours-privados-por-madrid","status":"publish","type":"page","link":"https:\/\/qualitycarsworld.com\/es\/tours-privados-por-madrid\/","title":{"rendered":"Tours privados por Madrid"},"content":{"rendered":"\t\t<div data-elementor-type=\"wp-page\" data-elementor-id=\"1747\" class=\"elementor elementor-1747\" data-elementor-post-type=\"page\">\n\t\t\t\t<div data-particle_enable=\"false\" data-particle-mobile-disabled=\"false\" class=\"elementor-element elementor-element-47be9f2 e-con-full e-flex e-con e-parent\" data-id=\"47be9f2\" data-element_type=\"container\" data-e-type=\"container\" data-settings=\"{&quot;background_background&quot;:&quot;classic&quot;}\">\n\t\t\t\t<div class=\"elementor-element elementor-element-2cd2c0f elementor-widget elementor-widget-heading\" data-id=\"2cd2c0f\" data-element_type=\"widget\" data-e-type=\"widget\" data-widget_type=\"heading.default\">\n\t\t\t\t<div class=\"elementor-widget-container\">\n\t\t\t\t\t<h1 class=\"elementor-heading-title elementor-size-default\">Tours privados y excursiones<\/h1>\t\t\t\t<\/div>\n\t\t\t\t<\/div>\n\t\t\t\t<\/div>\n\t\t<div data-particle_enable=\"false\" data-particle-mobile-disabled=\"false\" class=\"elementor-element elementor-element-5056474 e-con-full e-flex e-con e-parent\" data-id=\"5056474\" data-element_type=\"container\" data-e-type=\"container\">\n\t\t<div data-particle_enable=\"false\" data-particle-mobile-disabled=\"false\" class=\"elementor-element elementor-element-99296ce e-con-full e-flex e-con e-child\" data-id=\"99296ce\" data-element_type=\"container\" data-e-type=\"container\">\n\t\t\t\t<div class=\"elementor-element elementor-element-0739d3c elementor-arrows-position-inside elementor-widget elementor-widget-image-carousel\" data-id=\"0739d3c\" data-element_type=\"widget\" data-e-type=\"widget\" data-settings=\"{&quot;slides_to_show&quot;:&quot;1&quot;,&quot;navigation&quot;:&quot;arrows&quot;,&quot;speed&quot;:900,&quot;autoplay&quot;:&quot;yes&quot;,&quot;pause_on_hover&quot;:&quot;yes&quot;,&quot;pause_on_interaction&quot;:&quot;yes&quot;,&quot;autoplay_speed&quot;:5000,&quot;infinite&quot;:&quot;yes&quot;,&quot;effect&quot;:&quot;slide&quot;}\" data-widget_type=\"image-carousel.default\">\n\t\t\t\t<div class=\"elementor-widget-container\">\n\t\t\t\t\t\t\t<div class=\"elementor-image-carousel-wrapper swiper\" role=\"region\" aria-roledescription=\"carousel\" aria-label=\"Carrusel de im\u00e1genes\" dir=\"ltr\">\n\t\t\t<div class=\"elementor-image-carousel swiper-wrapper swiper-image-stretch\" aria-live=\"off\">\n\t\t\t\t\t\t\t\t<div class=\"swiper-slide\" role=\"group\" aria-roledescription=\"slide\" aria-label=\"1 de 6\"><figure class=\"swiper-slide-inner\"><img decoding=\"async\" class=\"swiper-slide-image\" src=\"https:\/\/qualitycarsworld.com\/wp-content\/uploads\/2023\/12\/6-1.jpg\" alt=\"Tours Privados por Madrid con gu\u00eda tur\u00edstico\" \/><\/figure><\/div><div class=\"swiper-slide\" role=\"group\" aria-roledescription=\"slide\" aria-label=\"2 de 6\"><figure class=\"swiper-slide-inner\"><img decoding=\"async\" class=\"swiper-slide-image\" src=\"https:\/\/qualitycarsworld.com\/wp-content\/uploads\/2023\/12\/1-3.jpg\" alt=\"Tour por Madrid privado de lujo\" \/><\/figure><\/div><div class=\"swiper-slide\" role=\"group\" aria-roledescription=\"slide\" aria-label=\"3 de 6\"><figure class=\"swiper-slide-inner\"><img decoding=\"async\" class=\"swiper-slide-image\" src=\"https:\/\/qualitycarsworld.com\/wp-content\/uploads\/2023\/12\/2-1.jpg\" alt=\"Madrid Tours Privados con chofer\" \/><\/figure><\/div><div class=\"swiper-slide\" role=\"group\" aria-roledescription=\"slide\" aria-label=\"4 de 6\"><figure class=\"swiper-slide-inner\"><img decoding=\"async\" class=\"swiper-slide-image\" src=\"https:\/\/qualitycarsworld.com\/wp-content\/uploads\/2023\/12\/3-1.jpg\" alt=\"gran via\" \/><\/figure><\/div><div class=\"swiper-slide\" role=\"group\" aria-roledescription=\"slide\" aria-label=\"5 de 6\"><figure class=\"swiper-slide-inner\"><img decoding=\"async\" class=\"swiper-slide-image\" src=\"https:\/\/qualitycarsworld.com\/wp-content\/uploads\/2023\/12\/4.jpg\" alt=\"4\" \/><\/figure><\/div><div class=\"swiper-slide\" role=\"group\" aria-roledescription=\"slide\" aria-label=\"6 de 6\"><figure class=\"swiper-slide-inner\"><img decoding=\"async\" class=\"swiper-slide-image\" src=\"https:\/\/qualitycarsworld.com\/wp-content\/uploads\/2023\/12\/5-1.jpg\" alt=\"retiro\" \/><\/figure><\/div>\t\t\t<\/div>\n\t\t\t\t\t\t\t\t\t\t\t\t<div class=\"elementor-swiper-button elementor-swiper-button-prev\" role=\"button\" tabindex=\"0\">\n\t\t\t\t\t\t<svg aria-hidden=\"true\" class=\"e-font-icon-svg e-eicon-chevron-left\" viewBox=\"0 0 1000 1000\" xmlns=\"http:\/\/www.w3.org\/2000\/svg\"><path d=\"M646 125C629 125 613 133 604 142L308 442C296 454 292 471 292 487 292 504 296 521 308 533L604 854C617 867 629 875 646 875 663 875 679 871 692 858 704 846 713 829 713 812 713 796 708 779 692 767L438 487 692 225C700 217 708 204 708 187 708 171 704 154 692 142 675 129 663 125 646 125Z\"><\/path><\/svg>\t\t\t\t\t<\/div>\n\t\t\t\t\t<div class=\"elementor-swiper-button elementor-swiper-button-next\" role=\"button\" tabindex=\"0\">\n\t\t\t\t\t\t<svg aria-hidden=\"true\" class=\"e-font-icon-svg e-eicon-chevron-right\" viewBox=\"0 0 1000 1000\" xmlns=\"http:\/\/www.w3.org\/2000\/svg\"><path d=\"M696 533C708 521 713 504 713 487 713 471 708 454 696 446L400 146C388 133 375 125 354 125 338 125 325 129 313 142 300 154 292 171 292 187 292 204 296 221 308 233L563 492 304 771C292 783 288 800 288 817 288 833 296 850 308 863 321 871 338 875 354 875 371 875 388 867 400 854L696 533Z\"><\/path><\/svg>\t\t\t\t\t<\/div>\n\t\t\t\t\n\t\t\t\t\t\t\t\t\t<\/div>\n\t\t\t\t\t\t<\/div>\n\t\t\t\t<\/div>\n\t\t\t\t<\/div>\n\t\t<div data-particle_enable=\"false\" data-particle-mobile-disabled=\"false\" class=\"elementor-element elementor-element-3354ff9 e-con-full e-flex e-con e-child\" data-id=\"3354ff9\" data-element_type=\"container\" data-e-type=\"container\">\n\t\t\t\t<div class=\"elementor-element elementor-element-6dd926d elementor-widget elementor-widget-heading\" data-id=\"6dd926d\" data-element_type=\"widget\" data-e-type=\"widget\" data-widget_type=\"heading.default\">\n\t\t\t\t<div class=\"elementor-widget-container\">\n\t\t\t\t\t<h2 class=\"elementor-heading-title elementor-size-default\">Tours privados por Madrid<\/h2>\t\t\t\t<\/div>\n\t\t\t\t<\/div>\n\t\t\t\t<div class=\"elementor-element elementor-element-75e80a9 elementor-widget elementor-widget-text-editor\" data-id=\"75e80a9\" data-element_type=\"widget\" data-e-type=\"widget\" data-widget_type=\"text-editor.default\">\n\t\t\t\t<div class=\"elementor-widget-container\">\n\t\t\t\t\t\t\t\t\t<p>\u00bfViene a Madrid por turismo? En QualityCarsWorld le proponemos un\u00a0<b>tour por la ciudad<\/b>\u00a0de 4 horas. En \u00e9l, nos enfocaremos en mostrarle los principales lugares de la capital de Espa\u00f1a.<\/p><p>Para ello, le recogeremos en su hotel, en el Aeropuerto de Barajas o en la estaci\u00f3n de tren que nos indique. Tendr\u00e1 la posibilidad de elegir el veh\u00edculo con\u00a0<a href=\"https:\/\/qualitycarsworld.com\/\">ch\u00f3fer particular para familias<\/a>\u00a0o empresas que usted desee. Ya que contamos con una flota de m\u00e1s de cien\u00a0<b>veh\u00edculos de alta gama<\/b>.<\/p><p>El recorrido que le proponemos se realizar\u00e1 por los\u00a0<b>principales lugares de Madrid<\/b>, por medio de una panor\u00e1mica de la ciudad. Pararemos en los espacios y monumentos m\u00e1s representativos. Entre ellos, Puerta de Alcal\u00e1, Serrano, Colon, Bernabeu, las Torres, Templo de Debod, Palacio Peal, Plaza Mayor, Atocha y Paseo del Prado. Nuestro conductor privador les ofrecer\u00e1, a grandes rasgos, la posibilidad de conocer curiosidades de la ciudad. As\u00ed como de algunos de los monumentos parando a menudo a hacer fotos.<\/p><p>Tambi\u00e9n le brindamos la posibilidad de contratar a parte nuestros\u00a0<b>servicios de gu\u00eda tur\u00edstico<\/b>. Con este servicio, un gu\u00eda profesional les dar\u00e1 todos los detalles de los lugares que vayan visitando. Y si quieren inmortalizar el momento, les ofrecemos contratar nuestros servicios de\u00a0<b>fot\u00f3grafa personal<\/b>. Y si quiere degustar su gastronom\u00eda m\u00e1s tradicional, le aconsejaremos los restaurantes a los que podr\u00e1 acudir.<\/p>\t\t\t\t\t\t\t\t<\/div>\n\t\t\t\t<\/div>\n\t\t\t\t<\/div>\n\t\t\t\t<\/div>\n\t\t<div data-particle_enable=\"false\" data-particle-mobile-disabled=\"false\" class=\"elementor-element elementor-element-de08358 e-con-full e-flex e-con e-parent\" data-id=\"de08358\" data-element_type=\"container\" data-e-type=\"container\">\n\t\t<div data-particle_enable=\"false\" data-particle-mobile-disabled=\"false\" class=\"elementor-element elementor-element-4c693e2 e-con-full e-flex e-con e-child\" data-id=\"4c693e2\" data-element_type=\"container\" data-e-type=\"container\">\n\t\t\t\t<div class=\"elementor-element elementor-element-8e1d73a elementor-widget elementor-widget-heading\" data-id=\"8e1d73a\" data-element_type=\"widget\" data-e-type=\"widget\" data-widget_type=\"heading.default\">\n\t\t\t\t<div class=\"elementor-widget-container\">\n\t\t\t\t\t<h3 class=\"elementor-heading-title elementor-size-default\">Tour privado Madrid Shopping<\/h3>\t\t\t\t<\/div>\n\t\t\t\t<\/div>\n\t\t\t\t<div class=\"elementor-element elementor-element-f79cfe2 elementor-widget elementor-widget-text-editor\" data-id=\"f79cfe2\" data-element_type=\"widget\" data-e-type=\"widget\" data-widget_type=\"text-editor.default\">\n\t\t\t\t<div class=\"elementor-widget-container\">\n\t\t\t\t\t\t\t\t\t<p>\u00bfLe gustar\u00eda ir de compras por Madrid? QualityCarsWorld le propone la posibilidad de realizar un\u00a0<b>Madrid Shopping tour<\/b>\u00a0con todo lujo de detalles. Podr\u00e1 elegir el d\u00eda para disfrutar de este tour, y el veh\u00edculo que desee que la recoja de su hotel o vivienda. Usted no tendr\u00e1 que preocuparse por nada. Solo tendr\u00e1 que disfrutar de sus compras por la\u00a0<b>calle Serrano, el Corte Ingl\u00e9s, o la Milla de Oro<\/b>\u00a0entre el barrio de la Castellana y Recoletos. O, si lo desea, podemos llevarle a Las Rozas Village.<\/p><p>Nuestros conductores profesionales har\u00e1n que su viaje sea c\u00f3modo. Y tratar\u00e1n de evitar los molestos atascos de la capital. Durante su viaje de shopping, podr\u00e1 disfrutar de un coche de alta gama con los mejores acabados y equipamientos. Entre ellos, wifi cars. Y para\u00a0<b>clientes VIP<\/b>, disponemos de un servicio Premium con copa de cava o champagne incluida. Disfrute de sus compras por la ciudad y rel\u00e1jese en el veh\u00edculo elegido por usted.<\/p>\t\t\t\t\t\t\t\t<\/div>\n\t\t\t\t<\/div>\n\t\t\t\t<\/div>\n\t\t<div data-particle_enable=\"false\" data-particle-mobile-disabled=\"false\" class=\"elementor-element elementor-element-d428b54 e-con-full e-flex e-con e-child\" data-id=\"d428b54\" data-element_type=\"container\" data-e-type=\"container\">\n\t\t\t\t<div class=\"elementor-element elementor-element-21f0ca5 elementor-widget elementor-widget-image\" data-id=\"21f0ca5\" data-element_type=\"widget\" data-e-type=\"widget\" data-widget_type=\"image.default\">\n\t\t\t\t<div class=\"elementor-widget-container\">\n\t\t\t\t\t\t\t\t\t\t\t\t\t\t\t<img fetchpriority=\"high\" decoding=\"async\" width=\"1024\" height=\"1024\" src=\"https:\/\/qualitycarsworld.com\/wp-content\/uploads\/2023\/12\/quality-cars-shopping-1024x1024.jpeg\" class=\"attachment-large size-large wp-image-1786\" alt=\"Tour privado por madrid shopping\" srcset=\"https:\/\/qualitycarsworld.com\/wp-content\/uploads\/2023\/12\/quality-cars-shopping-1024x1024.jpeg 1024w, https:\/\/qualitycarsworld.com\/wp-content\/uploads\/2023\/12\/quality-cars-shopping-300x300.jpeg 300w, https:\/\/qualitycarsworld.com\/wp-content\/uploads\/2023\/12\/quality-cars-shopping-150x150.jpeg 150w, https:\/\/qualitycarsworld.com\/wp-content\/uploads\/2023\/12\/quality-cars-shopping-768x768.jpeg 768w, https:\/\/qualitycarsworld.com\/wp-content\/uploads\/2023\/12\/quality-cars-shopping.jpeg 1200w\" sizes=\"(max-width: 1024px) 100vw, 1024px\" \/>\t\t\t\t\t\t\t\t\t\t\t\t\t\t\t<\/div>\n\t\t\t\t<\/div>\n\t\t\t\t<\/div>\n\t\t\t\t<\/div>\n\t\t<div data-particle_enable=\"false\" data-particle-mobile-disabled=\"false\" class=\"elementor-element elementor-element-84a1da7 e-con-full e-flex e-con e-parent\" data-id=\"84a1da7\" data-element_type=\"container\" data-e-type=\"container\">\n\t\t<div data-particle_enable=\"false\" data-particle-mobile-disabled=\"false\" class=\"elementor-element elementor-element-d4e0374 e-con-full e-flex e-con e-child\" data-id=\"d4e0374\" data-element_type=\"container\" data-e-type=\"container\">\n\t\t\t\t<div class=\"elementor-element elementor-element-2bff15c elementor-widget elementor-widget-video\" data-id=\"2bff15c\" data-element_type=\"widget\" data-e-type=\"widget\" data-settings=\"{&quot;video_type&quot;:&quot;hosted&quot;,&quot;controls&quot;:&quot;yes&quot;}\" data-widget_type=\"video.default\">\n\t\t\t\t<div class=\"elementor-widget-container\">\n\t\t\t\t\t\t\t<div class=\"e-hosted-video elementor-wrapper elementor-open-inline\">\n\t\t\t\t\t<video class=\"elementor-video\" src=\"https:\/\/qualitycarsworld.com\/wp-content\/uploads\/2023\/12\/toledo.mp4\" controls=\"\" preload=\"metadata\" controlsList=\"nodownload\" poster=\"https:\/\/qualitycarsworld.com\/wp-content\/uploads\/2023\/12\/Excusion-toledo-quality-cars.jpeg\"><\/video>\n\t\t\t\t<\/div>\n\t\t\t\t\t\t<\/div>\n\t\t\t\t<\/div>\n\t\t\t\t<\/div>\n\t\t<div data-particle_enable=\"false\" data-particle-mobile-disabled=\"false\" class=\"elementor-element elementor-element-9375529 e-con-full e-flex e-con e-child\" data-id=\"9375529\" data-element_type=\"container\" data-e-type=\"container\">\n\t\t\t\t<div class=\"elementor-element elementor-element-68e9cfe elementor-widget elementor-widget-heading\" data-id=\"68e9cfe\" data-element_type=\"widget\" data-e-type=\"widget\" data-widget_type=\"heading.default\">\n\t\t\t\t<div class=\"elementor-widget-container\">\n\t\t\t\t\t<h3 class=\"elementor-heading-title elementor-size-default\">Excusi\u00f3n a Toledo<\/h3>\t\t\t\t<\/div>\n\t\t\t\t<\/div>\n\t\t\t\t<div class=\"elementor-element elementor-element-7ce2a90 elementor-widget elementor-widget-text-editor\" data-id=\"7ce2a90\" data-element_type=\"widget\" data-e-type=\"widget\" data-widget_type=\"text-editor.default\">\n\t\t\t\t<div class=\"elementor-widget-container\">\n\t\t\t\t\t\t\t\t\t<p>Si lo que le apetece, adem\u00e1s de conocer Madrid en un veh\u00edculo privado con ch\u00f3fer, es visitar Toledo, con QualityCarsWorld, es posible. Contamos con un\u00a0<b>servicio de excursi\u00f3n a Toledo<\/b>. Se trata de una ciudad muy pr\u00f3xima a la capital que est\u00e1 llena de impresionantes monumentos y cultura.<\/p><p>Con un centro hist\u00f3rico impresionante, Toledo es cuna de civilizaciones. Destaca su catedral, las vistas panor\u00e1micas desde el r\u00edo Tajo, o su Alc\u00e1zar, entre otros. Su cercan\u00eda con el parque tem\u00e1tico <b>Puy du Fou<\/b>. El barrio jud\u00edo con la plaza Zocodover y la Sinagoga de Santa Mar\u00eda la Blanca, le est\u00e1n esperando. Adem\u00e1s, podr\u00e1n elegir el tipo de veh\u00edculo que quieren para su excursi\u00f3n. Tambi\u00e9n para grupos. Y con la posibilidad de\u00a0<b>contratar un gu\u00eda de turismo profesional<\/b>\u00a0para que les explique todos los pormenores de los monumentos que van a visitar.<\/p><p>Como colof\u00f3n, les proponemos comer en uno de los\u00a0<b>mejores restaurantes de la ciudad<\/b>. Donde el famoso cochinillo ser\u00e1 el protagonista del men\u00fa. Este viaje tiene una duraci\u00f3n de 8 horas, incluyendo el desplazamiento en veh\u00edculo privado de ida y de vuelta.\u00a0<\/p>\t\t\t\t\t\t\t\t<\/div>\n\t\t\t\t<\/div>\n\t\t\t\t<\/div>\n\t\t\t\t<\/div>\n\t\t<div data-particle_enable=\"false\" data-particle-mobile-disabled=\"false\" class=\"elementor-element elementor-element-48191be e-con-full e-flex e-con e-parent\" data-id=\"48191be\" data-element_type=\"container\" data-e-type=\"container\">\n\t\t<div data-particle_enable=\"false\" data-particle-mobile-disabled=\"false\" class=\"elementor-element elementor-element-e0fe4c5 e-con-full e-flex e-con e-child\" data-id=\"e0fe4c5\" data-element_type=\"container\" data-e-type=\"container\">\n\t\t\t\t<div class=\"elementor-element elementor-element-1b868d6 elementor-widget elementor-widget-heading\" data-id=\"1b868d6\" data-element_type=\"widget\" data-e-type=\"widget\" data-widget_type=\"heading.default\">\n\t\t\t\t<div class=\"elementor-widget-container\">\n\t\t\t\t\t<h3 class=\"elementor-heading-title elementor-size-default\">Excursi\u00f3n a Segovia\n<\/h3>\t\t\t\t<\/div>\n\t\t\t\t<\/div>\n\t\t\t\t<div class=\"elementor-element elementor-element-695a772 elementor-widget elementor-widget-text-editor\" data-id=\"695a772\" data-element_type=\"widget\" data-e-type=\"widget\" data-widget_type=\"text-editor.default\">\n\t\t\t\t<div class=\"elementor-widget-container\">\n\t\t\t\t\t\t\t\t\t<p>Segovia es otra de las impresionantes ciudades que se pueden visitar cerca de Madrid. Por ello, QualityCarsWorld tambi\u00e9n brinda la posibilidad a sus clientes de conocerla. Al igual que en otros tours que realizamos, en este de Segovia, podr\u00e1 disponer de un\u00a0<b>veh\u00edculo privado de alta gama con ch\u00f3fer particular<\/b>.<\/p><p>El viaje a esta ciudad, se centrar\u00e1 en sus principales monumentos. La idea es mostrar una panor\u00e1mica completa de la ciudad, as\u00ed como visitar sus hitos principales. El acueducto, la catedral, sus preciosas e intrincadas calles\u2026 Con la posibilidad de contratar nuestro\u00a0<b>servicio de gu\u00eda tur\u00edstico profesional<\/b>, que ser\u00e1 el encargado de mostrar con todo detalle los lugares que se visitan.<\/p><p>Se trata de una ciudad con mucha riqueza cultural y gastron\u00f3mica, por lo que, su conductor privado, les aconsejar\u00e1 cu\u00e1les son los mejores restaurantes para degustar comida segoviana de calidad.<\/p><p>Nuestros conductores profesionales har\u00e1n que su viaje sea c\u00f3modo. Y tratar\u00e1n de evitar los molestos atascos de la capital. Durante su viaje de shopping, podr\u00e1 disfrutar de un coche de alta gama con los mejores acabados y equipamientos. Entre ellos, wifi cars. Y para\u00a0<b>clientes VIP<\/b>, disponemos de un servicio Premium con copa de cava o champagne incluida. Disfrute de sus compras por la ciudad y rel\u00e1jese en el veh\u00edculo elegido por usted.<\/p>\t\t\t\t\t\t\t\t<\/div>\n\t\t\t\t<\/div>\n\t\t\t\t<\/div>\n\t\t<div data-particle_enable=\"false\" data-particle-mobile-disabled=\"false\" class=\"elementor-element elementor-element-d139454 e-con-full e-flex e-con e-child\" data-id=\"d139454\" data-element_type=\"container\" data-e-type=\"container\">\n\t\t\t\t<div class=\"elementor-element elementor-element-33c7945 elementor-widget elementor-widget-video\" data-id=\"33c7945\" data-element_type=\"widget\" data-e-type=\"widget\" data-settings=\"{&quot;video_type&quot;:&quot;hosted&quot;,&quot;controls&quot;:&quot;yes&quot;}\" data-widget_type=\"video.default\">\n\t\t\t\t<div class=\"elementor-widget-container\">\n\t\t\t\t\t\t\t<div class=\"e-hosted-video elementor-wrapper elementor-open-inline\">\n\t\t\t\t\t<video class=\"elementor-video\" src=\"https:\/\/qualitycarsworld.com\/wp-content\/uploads\/2023\/12\/segovia.mp4\" controls=\"\" preload=\"metadata\" controlsList=\"nodownload\" poster=\"https:\/\/qualitycarsworld.com\/wp-content\/uploads\/2023\/12\/segovia.jpeg\"><\/video>\n\t\t\t\t<\/div>\n\t\t\t\t\t\t<\/div>\n\t\t\t\t<\/div>\n\t\t\t\t<\/div>\n\t\t\t\t<\/div>\n\t\t\t\t<\/div>\n\t\t","protected":false},"excerpt":{"rendered":"<p>Tours privados y excursiones Tours privados por Madrid \u00bfViene a Madrid por turismo? En QualityCarsWorld le proponemos un\u00a0tour por la ciudad\u00a0de 4 horas. En \u00e9l, nos enfocaremos en mostrarle los principales lugares de la capital de Espa\u00f1a. Para ello, le recogeremos en su hotel, en el Aeropuerto de Barajas o en la estaci\u00f3n de tren &#8230; <a title=\"Tours privados por Madrid\" class=\"read-more\" href=\"https:\/\/qualitycarsworld.com\/es\/tours-privados-por-madrid\/\" aria-label=\"Leer m\u00e1s sobre Tours privados por Madrid\">Leer m\u00e1s<\/a><\/p>\n","protected":false},"author":2,"featured_media":0,"parent":0,"menu_order":0,"comment_status":"closed","ping_status":"closed","template":"elementor_header_footer","meta":{"_eb_attr":"","footnotes":""},"class_list":["post-1747","page","type-page","status-publish"],"_links":{"self":[{"href":"https:\/\/qualitycarsworld.com\/es\/wp-json\/wp\/v2\/pages\/1747","targetHints":{"allow":["GET"]}}],"collection":[{"href":"https:\/\/qualitycarsworld.com\/es\/wp-json\/wp\/v2\/pages"}],"about":[{"href":"https:\/\/qualitycarsworld.com\/es\/wp-json\/wp\/v2\/types\/page"}],"author":[{"embeddable":true,"href":"https:\/\/qualitycarsworld.com\/es\/wp-json\/wp\/v2\/users\/2"}],"replies":[{"embeddable":true,"href":"https:\/\/qualitycarsworld.com\/es\/wp-json\/wp\/v2\/comments?post=1747"}],"version-history":[{"count":13,"href":"https:\/\/qualitycarsworld.com\/es\/wp-json\/wp\/v2\/pages\/1747\/revisions"}],"predecessor-version":[{"id":3890,"href":"https:\/\/qualitycarsworld.com\/es\/wp-json\/wp\/v2\/pages\/1747\/revisions\/3890"}],"wp:attachment":[{"href":"https:\/\/qualitycarsworld.com\/es\/wp-json\/wp\/v2\/media?parent=1747"}],"curies":[{"name":"wp","href":"https:\/\/api.w.org\/{rel}","templated":true}]}}