{"id":1514,"date":"2023-12-21T13:19:21","date_gmt":"2023-12-21T12:19:21","guid":{"rendered":"https:\/\/zealous-lalande.46-231-5-225.plesk.page\/?page_id=1514"},"modified":"2025-04-14T17:46:23","modified_gmt":"2025-04-14T15:46:23","slug":"mercedes-benz-clase-v-premium-con-conductor","status":"publish","type":"page","link":"https:\/\/qualitycarsworld.com\/es\/mercedes-benz-clase-v-premium-con-conductor\/","title":{"rendered":"Alquiler de Mercedes-Benz Clase V Premium con conductor"},"content":{"rendered":"\t\t<div data-elementor-type=\"wp-page\" data-elementor-id=\"1514\" class=\"elementor elementor-1514\" data-elementor-post-type=\"page\">\n\t\t\t\t<div data-particle_enable=\"false\" data-particle-mobile-disabled=\"false\" class=\"elementor-element elementor-element-47be9f2 e-con-full e-flex e-con e-parent\" data-id=\"47be9f2\" data-element_type=\"container\" data-e-type=\"container\" data-settings=\"{&quot;background_background&quot;:&quot;classic&quot;}\">\n\t\t\t\t<div class=\"elementor-element elementor-element-2cd2c0f elementor-widget elementor-widget-heading\" data-id=\"2cd2c0f\" data-element_type=\"widget\" data-e-type=\"widget\" data-widget_type=\"heading.default\">\n\t\t\t\t<div class=\"elementor-widget-container\">\n\t\t\t\t\t<h1 class=\"elementor-heading-title elementor-size-default\">Mercedes Benz Clase V Premium<\/h1>\t\t\t\t<\/div>\n\t\t\t\t<\/div>\n\t\t\t\t<\/div>\n\t\t<div data-particle_enable=\"false\" data-particle-mobile-disabled=\"false\" class=\"elementor-element elementor-element-70cafeb e-flex e-con-boxed e-con e-parent\" data-id=\"70cafeb\" data-element_type=\"container\" data-e-type=\"container\">\n\t\t\t\t\t<div class=\"e-con-inner\">\n\t\t<div data-particle_enable=\"false\" data-particle-mobile-disabled=\"false\" class=\"elementor-element elementor-element-90bec54 e-con-full e-flex e-con e-child\" data-id=\"90bec54\" data-element_type=\"container\" data-e-type=\"container\">\n\t\t\t\t<div class=\"elementor-element elementor-element-cc09db1 elementor-widget elementor-widget-heading\" data-id=\"cc09db1\" data-element_type=\"widget\" data-e-type=\"widget\" data-widget_type=\"heading.default\">\n\t\t\t\t<div class=\"elementor-widget-container\">\n\t\t\t\t\t<h2 class=\"elementor-heading-title elementor-size-default\">Alquiler de Mercedes-Benz Clase V Premium con conductor\n<\/h2>\t\t\t\t<\/div>\n\t\t\t\t<\/div>\n\t\t\t\t<div class=\"elementor-element elementor-element-557bf60 elementor-widget elementor-widget-text-editor\" data-id=\"557bf60\" data-element_type=\"widget\" data-e-type=\"widget\" data-widget_type=\"text-editor.default\">\n\t\t\t\t<div class=\"elementor-widget-container\">\n\t\t\t\t\t\t\t\t\t<p>\u00bfViajan en grupo a Madrid? \u00bfNecesitan que les traslademos al Aeropuerto de Madrid Barajas o a su hotel? En QualityCarsWorld contamos con veh\u00edculos de lujo para grupos. Entre ellos, destacamos el\u00a0<b>Mercedes Benz Clase V<\/b>.<\/p><p>Un monovolumen de lujo de color negro y asientos de cuero con todas las comodidades para el traslado de varios pasajeros. Se trata de un veh\u00edculo muy espacioso con dos filas de asientos para un m\u00e1ximo de siete pasajeros y una capacidad de 6 maletas grandes y 4 peque\u00f1as. Espacio, dise\u00f1o y seguridad en este veh\u00edculo con\u00a0<a href=\"https:\/\/qualitycarsworld.com\/\">ch\u00f3fer para viajes largos<\/a>\u00a0que ponemos a su disposici\u00f3n para sus traslados en Madrid.<\/p><p>En QualityCarsWorld, estamos especializados en\u00a0<b>traslados en veh\u00edculos privados<\/b>\u00a0con conductor en Madrid y alrededores. Les recogeremos en el lugar y hora acordados y les llevaremos al lugar que nos indiquen. Nuestro ch\u00f3fer, les llevar\u00e1 por la ruta m\u00e1s r\u00e1pida y c\u00f3moda. Y ustedes solo tendr\u00e1n que ponerse c\u00f3modos y disfrutar del viaje.<\/p><p>ESPACIO, DISE\u00d1O y SEGURIDAD<\/p><p>Se trata de un veh\u00edculo monovolumen de lujo de color negro y asientos de cuero con todas las comodidades aptos para el traslado de varios pasajeros. Con espacio para un m\u00e1ximo de 7 personas y un habit\u00e1culo extremadamente vers\u00e1til, ofrece las mejores condiciones para que pueda usted disfrutar de sus viajes, sea cual sea su destino. En las dos filas de asientos de la parte trasera se pueden combinar para adaptarse a las necesidades de cada cliente, en l\u00ednea o en modo sal\u00f3n.<\/p><div>Aspectos destacados del exterior:<\/div><div><ul><li>Sistema de frenos de 43,2 cm (17 pulgadas), pinzas de freno con inscripci\u00f3n Mercedes-Benz<\/li><li>Parrilla del radiador en est\u00e9tica de diamante<\/li><li>AIRMATIC<\/li><li>Aire acondicionado con regulaci\u00f3n semiautm\u00e1tica Tempomatic<\/li><li>Asientos con suspensi\u00f3n de confort<\/li><li>Extralarga; mucho espacio de maletero quedando con mucho espacio tambi\u00e9n el interior para la comodidad de los pasajeros.<br \/><div class=\"vc_row wpb_row vc_row-fluid\">\u00a0<\/div><\/li><\/ul><\/div>\t\t\t\t\t\t\t\t<\/div>\n\t\t\t\t<\/div>\n\t\t\t\t<\/div>\n\t\t\t\t\t<\/div>\n\t\t\t\t<\/div>\n\t\t<div data-particle_enable=\"false\" data-particle-mobile-disabled=\"false\" class=\"elementor-element elementor-element-93e3eb6 e-con-full e-flex e-con e-parent\" data-id=\"93e3eb6\" data-element_type=\"container\" data-e-type=\"container\">\n\t\t<div data-particle_enable=\"false\" data-particle-mobile-disabled=\"false\" class=\"elementor-element elementor-element-49df858 e-flex e-con-boxed e-con e-child\" data-id=\"49df858\" data-element_type=\"container\" data-e-type=\"container\" data-settings=\"{&quot;background_background&quot;:&quot;classic&quot;}\">\n\t\t\t\t\t<div class=\"e-con-inner\">\n\t\t<div data-particle_enable=\"false\" data-particle-mobile-disabled=\"false\" class=\"elementor-element elementor-element-cc64861 e-con-full e-flex e-con e-child\" data-id=\"cc64861\" data-element_type=\"container\" data-e-type=\"container\">\n\t\t\t\t<div class=\"elementor-element elementor-element-f36e1ae elementor-view-default elementor-position-block-start elementor-mobile-position-block-start elementor-widget elementor-widget-icon-box\" data-id=\"f36e1ae\" data-element_type=\"widget\" data-e-type=\"widget\" data-widget_type=\"icon-box.default\">\n\t\t\t\t<div class=\"elementor-widget-container\">\n\t\t\t\t\t\t\t<div class=\"elementor-icon-box-wrapper\">\n\n\t\t\t\t\t\t<div class=\"elementor-icon-box-icon\">\n\t\t\t\t<span  class=\"elementor-icon\">\n\t\t\t\t<svg aria-hidden=\"true\" class=\"e-font-icon-svg e-fas-car\" viewBox=\"0 0 512 512\" xmlns=\"http:\/\/www.w3.org\/2000\/svg\"><path d=\"M499.99 176h-59.87l-16.64-41.6C406.38 91.63 365.57 64 319.5 64h-127c-46.06 0-86.88 27.63-103.99 70.4L71.87 176H12.01C4.2 176-1.53 183.34.37 190.91l6 24C7.7 220.25 12.5 224 18.01 224h20.07C24.65 235.73 16 252.78 16 272v48c0 16.12 6.16 30.67 16 41.93V416c0 17.67 14.33 32 32 32h32c17.67 0 32-14.33 32-32v-32h256v32c0 17.67 14.33 32 32 32h32c17.67 0 32-14.33 32-32v-54.07c9.84-11.25 16-25.8 16-41.93v-48c0-19.22-8.65-36.27-22.07-48H494c5.51 0 10.31-3.75 11.64-9.09l6-24c1.89-7.57-3.84-14.91-11.65-14.91zm-352.06-17.83c7.29-18.22 24.94-30.17 44.57-30.17h127c19.63 0 37.28 11.95 44.57 30.17L384 208H128l19.93-49.83zM96 319.8c-19.2 0-32-12.76-32-31.9S76.8 256 96 256s48 28.71 48 47.85-28.8 15.95-48 15.95zm320 0c-19.2 0-48 3.19-48-15.95S396.8 256 416 256s32 12.76 32 31.9-12.8 31.9-32 31.9z\"><\/path><\/svg>\t\t\t\t<\/span>\n\t\t\t<\/div>\n\t\t\t\n\t\t\t\t\t\t<div class=\"elementor-icon-box-content\">\n\n\t\t\t\t\t\t\t\t\t<h3 class=\"elementor-icon-box-title\">\n\t\t\t\t\t\t<span  >\n\t\t\t\t\t\t\tCapacidad: 7 Pasajeros\t\t\t\t\t\t<\/span>\n\t\t\t\t\t<\/h3>\n\t\t\t\t\n\t\t\t\t\n\t\t\t<\/div>\n\t\t\t\n\t\t<\/div>\n\t\t\t\t\t\t<\/div>\n\t\t\t\t<\/div>\n\t\t\t\t<\/div>\n\t\t<div data-particle_enable=\"false\" data-particle-mobile-disabled=\"false\" class=\"elementor-element elementor-element-c896e5e e-con-full e-flex e-con e-child\" data-id=\"c896e5e\" data-element_type=\"container\" data-e-type=\"container\">\n\t\t\t\t<div class=\"elementor-element elementor-element-0209307 elementor-view-default elementor-position-block-start elementor-mobile-position-block-start elementor-widget elementor-widget-icon-box\" data-id=\"0209307\" data-element_type=\"widget\" data-e-type=\"widget\" data-widget_type=\"icon-box.default\">\n\t\t\t\t<div class=\"elementor-widget-container\">\n\t\t\t\t\t\t\t<div class=\"elementor-icon-box-wrapper\">\n\n\t\t\t\t\t\t<div class=\"elementor-icon-box-icon\">\n\t\t\t\t<span  class=\"elementor-icon\">\n\t\t\t\t<svg aria-hidden=\"true\" class=\"e-font-icon-svg e-fas-suitcase-rolling\" viewBox=\"0 0 384 512\" xmlns=\"http:\/\/www.w3.org\/2000\/svg\"><path d=\"M336 160H48c-26.51 0-48 21.49-48 48v224c0 26.51 21.49 48 48 48h16v16c0 8.84 7.16 16 16 16h32c8.84 0 16-7.16 16-16v-16h128v16c0 8.84 7.16 16 16 16h32c8.84 0 16-7.16 16-16v-16h16c26.51 0 48-21.49 48-48V208c0-26.51-21.49-48-48-48zm-16 216c0 4.42-3.58 8-8 8H72c-4.42 0-8-3.58-8-8v-16c0-4.42 3.58-8 8-8h240c4.42 0 8 3.58 8 8v16zm0-96c0 4.42-3.58 8-8 8H72c-4.42 0-8-3.58-8-8v-16c0-4.42 3.58-8 8-8h240c4.42 0 8 3.58 8 8v16zM144 48h96v80h48V48c0-26.51-21.49-48-48-48h-96c-26.51 0-48 21.49-48 48v80h48V48z\"><\/path><\/svg>\t\t\t\t<\/span>\n\t\t\t<\/div>\n\t\t\t\n\t\t\t\t\t\t<div class=\"elementor-icon-box-content\">\n\n\t\t\t\t\t\t\t\t\t<h3 class=\"elementor-icon-box-title\">\n\t\t\t\t\t\t<span  >\n\t\t\t\t\t\t\tEquipaje: 7 Maletas\t\t\t\t\t\t<\/span>\n\t\t\t\t\t<\/h3>\n\t\t\t\t\n\t\t\t\t\n\t\t\t<\/div>\n\t\t\t\n\t\t<\/div>\n\t\t\t\t\t\t<\/div>\n\t\t\t\t<\/div>\n\t\t\t\t<\/div>\n\t\t\t\t\t<\/div>\n\t\t\t\t<\/div>\n\t\t\t\t<\/div>\n\t\t<div data-particle_enable=\"false\" data-particle-mobile-disabled=\"false\" class=\"elementor-element elementor-element-fa77580 e-flex e-con-boxed e-con e-parent\" data-id=\"fa77580\" data-element_type=\"container\" data-e-type=\"container\">\n\t\t\t\t\t<div class=\"e-con-inner\">\n\t\t<div data-particle_enable=\"false\" data-particle-mobile-disabled=\"false\" class=\"elementor-element elementor-element-22cd39b e-con-full e-flex e-con e-child\" data-id=\"22cd39b\" data-element_type=\"container\" data-e-type=\"container\">\n\t\t\t\t<div class=\"elementor-element elementor-element-6781a17 elementor-widget elementor-widget-image\" data-id=\"6781a17\" data-element_type=\"widget\" data-e-type=\"widget\" data-widget_type=\"image.default\">\n\t\t\t\t<div class=\"elementor-widget-container\">\n\t\t\t\t\t\t\t\t\t\t\t\t\t\t\t<img fetchpriority=\"high\" decoding=\"async\" width=\"890\" height=\"1214\" src=\"https:\/\/qualitycarsworld.com\/wp-content\/uploads\/2023\/12\/Madrid-Quality-Cars-World.jpeg\" class=\"attachment-full size-full wp-image-963\" alt=\"traslados aeropuerto madrid barajas\" srcset=\"https:\/\/qualitycarsworld.com\/wp-content\/uploads\/2023\/12\/Madrid-Quality-Cars-World.jpeg 890w, https:\/\/qualitycarsworld.com\/wp-content\/uploads\/2023\/12\/Madrid-Quality-Cars-World-220x300.jpeg 220w, https:\/\/qualitycarsworld.com\/wp-content\/uploads\/2023\/12\/Madrid-Quality-Cars-World-751x1024.jpeg 751w, https:\/\/qualitycarsworld.com\/wp-content\/uploads\/2023\/12\/Madrid-Quality-Cars-World-768x1048.jpeg 768w\" sizes=\"(max-width: 890px) 100vw, 890px\" \/>\t\t\t\t\t\t\t\t\t\t\t\t\t\t\t<\/div>\n\t\t\t\t<\/div>\n\t\t\t\t<\/div>\n\t\t<div data-particle_enable=\"false\" data-particle-mobile-disabled=\"false\" class=\"elementor-element elementor-element-f6f9dc1 e-con-full e-flex e-con e-child\" data-id=\"f6f9dc1\" data-element_type=\"container\" data-e-type=\"container\">\n\t\t\t\t<div class=\"elementor-element elementor-element-0e685ab elementor-widget elementor-widget-image\" data-id=\"0e685ab\" data-element_type=\"widget\" data-e-type=\"widget\" data-widget_type=\"image.default\">\n\t\t\t\t<div class=\"elementor-widget-container\">\n\t\t\t\t\t\t\t\t\t\t\t\t\t\t\t<img decoding=\"async\" width=\"890\" height=\"578\" src=\"https:\/\/qualitycarsworld.com\/wp-content\/uploads\/2023\/12\/Mercedes-V-Premium-Beige.jpeg\" class=\"attachment-full size-full wp-image-2289\" alt=\"Mercedes-Benz Clase V Premium con conductor\" srcset=\"https:\/\/qualitycarsworld.com\/wp-content\/uploads\/2023\/12\/Mercedes-V-Premium-Beige.jpeg 890w, https:\/\/qualitycarsworld.com\/wp-content\/uploads\/2023\/12\/Mercedes-V-Premium-Beige-300x195.jpeg 300w, https:\/\/qualitycarsworld.com\/wp-content\/uploads\/2023\/12\/Mercedes-V-Premium-Beige-768x499.jpeg 768w\" sizes=\"(max-width: 890px) 100vw, 890px\" \/>\t\t\t\t\t\t\t\t\t\t\t\t\t\t\t<\/div>\n\t\t\t\t<\/div>\n\t\t\t\t<\/div>\n\t\t<div data-particle_enable=\"false\" data-particle-mobile-disabled=\"false\" class=\"elementor-element elementor-element-64ca589 e-con-full e-flex e-con e-child\" data-id=\"64ca589\" data-element_type=\"container\" data-e-type=\"container\">\n\t\t\t\t<div class=\"elementor-element elementor-element-f981547 elementor-widget elementor-widget-image\" data-id=\"f981547\" data-element_type=\"widget\" data-e-type=\"widget\" data-widget_type=\"image.default\">\n\t\t\t\t<div class=\"elementor-widget-container\">\n\t\t\t\t\t\t\t\t\t\t\t\t\t\t\t<img decoding=\"async\" width=\"890\" height=\"1214\" src=\"https:\/\/qualitycarsworld.com\/wp-content\/uploads\/2023\/12\/Quality-Cars-Boda.jpeg\" class=\"attachment-full size-full wp-image-1163\" alt=\"Quality Cars Boda\" srcset=\"https:\/\/qualitycarsworld.com\/wp-content\/uploads\/2023\/12\/Quality-Cars-Boda.jpeg 890w, https:\/\/qualitycarsworld.com\/wp-content\/uploads\/2023\/12\/Quality-Cars-Boda-220x300.jpeg 220w, https:\/\/qualitycarsworld.com\/wp-content\/uploads\/2023\/12\/Quality-Cars-Boda-751x1024.jpeg 751w, https:\/\/qualitycarsworld.com\/wp-content\/uploads\/2023\/12\/Quality-Cars-Boda-768x1048.jpeg 768w\" sizes=\"(max-width: 890px) 100vw, 890px\" \/>\t\t\t\t\t\t\t\t\t\t\t\t\t\t\t<\/div>\n\t\t\t\t<\/div>\n\t\t\t\t<\/div>\n\t\t<div data-particle_enable=\"false\" data-particle-mobile-disabled=\"false\" class=\"elementor-element elementor-element-d9c7e93 e-con-full e-flex e-con e-child\" data-id=\"d9c7e93\" data-element_type=\"container\" data-e-type=\"container\">\n\t\t\t\t<div class=\"elementor-element elementor-element-678b298 elementor-widget elementor-widget-image\" data-id=\"678b298\" data-element_type=\"widget\" data-e-type=\"widget\" data-widget_type=\"image.default\">\n\t\t\t\t<div class=\"elementor-widget-container\">\n\t\t\t\t\t\t\t\t\t\t\t\t\t\t\t<img loading=\"lazy\" decoding=\"async\" width=\"890\" height=\"578\" src=\"https:\/\/qualitycarsworld.com\/wp-content\/uploads\/2023\/12\/Quality-Cars-Aeropuerto-Madrid-1.jpeg\" class=\"attachment-large size-large wp-image-961\" alt=\"traslados aeropuerto madrid\" srcset=\"https:\/\/qualitycarsworld.com\/wp-content\/uploads\/2023\/12\/Quality-Cars-Aeropuerto-Madrid-1.jpeg 890w, https:\/\/qualitycarsworld.com\/wp-content\/uploads\/2023\/12\/Quality-Cars-Aeropuerto-Madrid-1-300x195.jpeg 300w, https:\/\/qualitycarsworld.com\/wp-content\/uploads\/2023\/12\/Quality-Cars-Aeropuerto-Madrid-1-768x499.jpeg 768w\" sizes=\"(max-width: 890px) 100vw, 890px\" \/>\t\t\t\t\t\t\t\t\t\t\t\t\t\t\t<\/div>\n\t\t\t\t<\/div>\n\t\t\t\t<\/div>\n\t\t<div data-particle_enable=\"false\" data-particle-mobile-disabled=\"false\" class=\"elementor-element elementor-element-5bb6408 e-con-full e-flex e-con e-child\" data-id=\"5bb6408\" data-element_type=\"container\" data-e-type=\"container\">\n\t\t\t\t<div class=\"elementor-element elementor-element-9e96ea2 elementor-widget elementor-widget-image\" data-id=\"9e96ea2\" data-element_type=\"widget\" data-e-type=\"widget\" data-widget_type=\"image.default\">\n\t\t\t\t<div class=\"elementor-widget-container\">\n\t\t\t\t\t\t\t\t\t\t\t\t\t\t\t<img loading=\"lazy\" decoding=\"async\" width=\"751\" height=\"1024\" src=\"https:\/\/qualitycarsworld.com\/wp-content\/uploads\/2023\/12\/Mercedes-V-premium-751x1024.jpeg\" class=\"attachment-large size-large wp-image-2294\" alt=\"Mercedes V premium\" srcset=\"https:\/\/qualitycarsworld.com\/wp-content\/uploads\/2023\/12\/Mercedes-V-premium-751x1024.jpeg 751w, https:\/\/qualitycarsworld.com\/wp-content\/uploads\/2023\/12\/Mercedes-V-premium-220x300.jpeg 220w, https:\/\/qualitycarsworld.com\/wp-content\/uploads\/2023\/12\/Mercedes-V-premium-768x1048.jpeg 768w, https:\/\/qualitycarsworld.com\/wp-content\/uploads\/2023\/12\/Mercedes-V-premium.jpeg 890w\" sizes=\"(max-width: 751px) 100vw, 751px\" \/>\t\t\t\t\t\t\t\t\t\t\t\t\t\t\t<\/div>\n\t\t\t\t<\/div>\n\t\t\t\t<\/div>\n\t\t<div data-particle_enable=\"false\" data-particle-mobile-disabled=\"false\" class=\"elementor-element elementor-element-a982d58 e-con-full e-flex e-con e-child\" data-id=\"a982d58\" data-element_type=\"container\" data-e-type=\"container\">\n\t\t\t\t<div class=\"elementor-element elementor-element-ae2af77 elementor-widget elementor-widget-image\" data-id=\"ae2af77\" data-element_type=\"widget\" data-e-type=\"widget\" data-widget_type=\"image.default\">\n\t\t\t\t<div class=\"elementor-widget-container\">\n\t\t\t\t\t\t\t\t\t\t\t\t\t\t\t<img loading=\"lazy\" decoding=\"async\" width=\"890\" height=\"578\" src=\"https:\/\/qualitycarsworld.com\/wp-content\/uploads\/2023\/12\/Quality-Cars-Mercedes-Van.jpeg\" class=\"attachment-large size-large wp-image-1506\" alt=\"Alquiler de Mercedes Clase V Premium con conductor\" srcset=\"https:\/\/qualitycarsworld.com\/wp-content\/uploads\/2023\/12\/Quality-Cars-Mercedes-Van.jpeg 890w, https:\/\/qualitycarsworld.com\/wp-content\/uploads\/2023\/12\/Quality-Cars-Mercedes-Van-300x195.jpeg 300w, https:\/\/qualitycarsworld.com\/wp-content\/uploads\/2023\/12\/Quality-Cars-Mercedes-Van-768x499.jpeg 768w\" sizes=\"(max-width: 890px) 100vw, 890px\" \/>\t\t\t\t\t\t\t\t\t\t\t\t\t\t\t<\/div>\n\t\t\t\t<\/div>\n\t\t\t\t<\/div>\n\t\t\t\t\t<\/div>\n\t\t\t\t<\/div>\n\t\t<div data-particle_enable=\"false\" data-particle-mobile-disabled=\"false\" class=\"elementor-element elementor-element-30ea76b e-flex e-con-boxed e-con e-parent\" data-id=\"30ea76b\" data-element_type=\"container\" data-e-type=\"container\" data-settings=\"{&quot;background_background&quot;:&quot;classic&quot;}\">\n\t\t\t\t\t<div class=\"e-con-inner\">\n\t\t<div data-particle_enable=\"false\" data-particle-mobile-disabled=\"false\" class=\"elementor-element elementor-element-c5aa8f5 e-con-full e-flex e-con e-child\" data-id=\"c5aa8f5\" data-element_type=\"container\" data-e-type=\"container\">\n\t\t\t\t<div class=\"elementor-element elementor-element-630fb32 elementor-widget elementor-widget-icon-box\" data-id=\"630fb32\" data-element_type=\"widget\" data-e-type=\"widget\" data-widget_type=\"icon-box.default\">\n\t\t\t\t<div class=\"elementor-widget-container\">\n\t\t\t\t\t\t\t<div class=\"elementor-icon-box-wrapper\">\n\n\t\t\t\n\t\t\t\t\t\t<div class=\"elementor-icon-box-content\">\n\n\t\t\t\t\t\t\t\t\t<h4 class=\"elementor-icon-box-title\">\n\t\t\t\t\t\t<span  >\n\t\t\t\t\t\t\tColor Exterior\t\t\t\t\t\t<\/span>\n\t\t\t\t\t<\/h4>\n\t\t\t\t\n\t\t\t\t\t\t\t\t\t<p class=\"elementor-icon-box-description\">\n\t\t\t\t\t\tNegro\t\t\t\t\t<\/p>\n\t\t\t\t\n\t\t\t<\/div>\n\t\t\t\n\t\t<\/div>\n\t\t\t\t\t\t<\/div>\n\t\t\t\t<\/div>\n\t\t\t\t<div class=\"elementor-element elementor-element-ed08069 elementor-widget elementor-widget-icon-box\" data-id=\"ed08069\" data-element_type=\"widget\" data-e-type=\"widget\" data-widget_type=\"icon-box.default\">\n\t\t\t\t<div class=\"elementor-widget-container\">\n\t\t\t\t\t\t\t<div class=\"elementor-icon-box-wrapper\">\n\n\t\t\t\n\t\t\t\t\t\t<div class=\"elementor-icon-box-content\">\n\n\t\t\t\t\t\t\t\t\t<h4 class=\"elementor-icon-box-title\">\n\t\t\t\t\t\t<span  >\n\t\t\t\t\t\t\tInterior\t\t\t\t\t\t<\/span>\n\t\t\t\t\t<\/h4>\n\t\t\t\t\n\t\t\t\t\t\t\t\t\t<p class=\"elementor-icon-box-description\">\n\t\t\t\t\t\tCuero Beige\t\t\t\t\t<\/p>\n\t\t\t\t\n\t\t\t<\/div>\n\t\t\t\n\t\t<\/div>\n\t\t\t\t\t\t<\/div>\n\t\t\t\t<\/div>\n\t\t\t\t<\/div>\n\t\t<div data-particle_enable=\"false\" data-particle-mobile-disabled=\"false\" class=\"elementor-element elementor-element-366d8b7 e-con-full e-flex e-con e-child\" data-id=\"366d8b7\" data-element_type=\"container\" data-e-type=\"container\">\n\t\t<div data-particle_enable=\"false\" data-particle-mobile-disabled=\"false\" class=\"elementor-element elementor-element-7789975 e-flex e-con-boxed e-con e-child\" data-id=\"7789975\" data-element_type=\"container\" data-e-type=\"container\">\n\t\t\t\t\t<div class=\"e-con-inner\">\n\t\t\t\t<div class=\"elementor-element elementor-element-f049b16 elementor-widget elementor-widget-icon-box\" data-id=\"f049b16\" data-element_type=\"widget\" data-e-type=\"widget\" data-widget_type=\"icon-box.default\">\n\t\t\t\t<div class=\"elementor-widget-container\">\n\t\t\t\t\t\t\t<div class=\"elementor-icon-box-wrapper\">\n\n\t\t\t\n\t\t\t\t\t\t<div class=\"elementor-icon-box-content\">\n\n\t\t\t\t\t\t\t\t\t<h4 class=\"elementor-icon-box-title\">\n\t\t\t\t\t\t<span  >\n\t\t\t\t\t\t\tExtras Sin Coste\t\t\t\t\t\t<\/span>\n\t\t\t\t\t<\/h4>\n\t\t\t\t\n\t\t\t\t\t\t\t\t\t<p class=\"elementor-icon-box-description\">\n\t\t\t\t\t\tWifi | Agua | Prensa | Sonido Soudround Burmester | Radio | Cargador | Dispositivos Electr\u00f3nicos | Silla para Ni\u00f1os\t\t\t\t\t<\/p>\n\t\t\t\t\n\t\t\t<\/div>\n\t\t\t\n\t\t<\/div>\n\t\t\t\t\t\t<\/div>\n\t\t\t\t<\/div>\n\t\t\t\t\t<\/div>\n\t\t\t\t<\/div>\n\t\t<div data-particle_enable=\"false\" data-particle-mobile-disabled=\"false\" class=\"elementor-element elementor-element-e48250c e-flex e-con-boxed e-con e-child\" data-id=\"e48250c\" data-element_type=\"container\" data-e-type=\"container\">\n\t\t\t\t\t<div class=\"e-con-inner\">\n\t\t\t\t<div class=\"elementor-element elementor-element-87a3a72 elementor-widget elementor-widget-icon-box\" data-id=\"87a3a72\" data-element_type=\"widget\" data-e-type=\"widget\" data-widget_type=\"icon-box.default\">\n\t\t\t\t<div class=\"elementor-widget-container\">\n\t\t\t\t\t\t\t<div class=\"elementor-icon-box-wrapper\">\n\n\t\t\t\n\t\t\t\t\t\t<div class=\"elementor-icon-box-content\">\n\n\t\t\t\t\t\t\t\t\t<h4 class=\"elementor-icon-box-title\">\n\t\t\t\t\t\t<span  >\n\t\t\t\t\t\t\tExtras Con Coste\t\t\t\t\t\t<\/span>\n\t\t\t\t\t<\/h4>\n\t\t\t\t\n\t\t\t\t\t\t\t\t\t<p class=\"elementor-icon-box-description\">\n\t\t\t\t\t\tCarta de Aguas | Carta de Champagne | Asistencia en Aeropuerto\n\t\t\t\t\t<\/p>\n\t\t\t\t\n\t\t\t<\/div>\n\t\t\t\n\t\t<\/div>\n\t\t\t\t\t\t<\/div>\n\t\t\t\t<\/div>\n\t\t\t\t\t<\/div>\n\t\t\t\t<\/div>\n\t\t\t\t<\/div>\n\t\t\t\t\t<\/div>\n\t\t\t\t<\/div>\n\t\t\t\t<\/div>\n\t\t","protected":false},"excerpt":{"rendered":"<p>Mercedes Benz Clase V Premium Alquiler de Mercedes-Benz Clase V Premium con conductor \u00bfViajan en grupo a Madrid? \u00bfNecesitan que les traslademos al Aeropuerto de Madrid Barajas o a su hotel? En QualityCarsWorld contamos con veh\u00edculos de lujo para grupos. Entre ellos, destacamos el\u00a0Mercedes Benz Clase V. Un monovolumen de lujo de color negro y &#8230; <a title=\"Alquiler de Mercedes-Benz Clase V Premium con conductor\" class=\"read-more\" href=\"https:\/\/qualitycarsworld.com\/es\/mercedes-benz-clase-v-premium-con-conductor\/\" aria-label=\"Leer m\u00e1s sobre Alquiler de Mercedes-Benz Clase V Premium con conductor\">Leer m\u00e1s<\/a><\/p>\n","protected":false},"author":2,"featured_media":0,"parent":0,"menu_order":0,"comment_status":"closed","ping_status":"closed","template":"elementor_header_footer","meta":{"_eb_attr":"","footnotes":""},"class_list":["post-1514","page","type-page","status-publish"],"_links":{"self":[{"href":"https:\/\/qualitycarsworld.com\/es\/wp-json\/wp\/v2\/pages\/1514","targetHints":{"allow":["GET"]}}],"collection":[{"href":"https:\/\/qualitycarsworld.com\/es\/wp-json\/wp\/v2\/pages"}],"about":[{"href":"https:\/\/qualitycarsworld.com\/es\/wp-json\/wp\/v2\/types\/page"}],"author":[{"embeddable":true,"href":"https:\/\/qualitycarsworld.com\/es\/wp-json\/wp\/v2\/users\/2"}],"replies":[{"embeddable":true,"href":"https:\/\/qualitycarsworld.com\/es\/wp-json\/wp\/v2\/comments?post=1514"}],"version-history":[{"count":4,"href":"https:\/\/qualitycarsworld.com\/es\/wp-json\/wp\/v2\/pages\/1514\/revisions"}],"predecessor-version":[{"id":4394,"href":"https:\/\/qualitycarsworld.com\/es\/wp-json\/wp\/v2\/pages\/1514\/revisions\/4394"}],"wp:attachment":[{"href":"https:\/\/qualitycarsworld.com\/es\/wp-json\/wp\/v2\/media?parent=1514"}],"curies":[{"name":"wp","href":"https:\/\/api.w.org\/{rel}","templated":true}]}}