{"id":1461,"date":"2023-12-21T12:29:18","date_gmt":"2023-12-21T11:29:18","guid":{"rendered":"https:\/\/zealous-lalande.46-231-5-225.plesk.page\/?page_id=1461"},"modified":"2025-12-01T08:54:06","modified_gmt":"2025-12-01T07:54:06","slug":"mercedes-benz-clase-s-con-conductor","status":"publish","type":"page","link":"https:\/\/qualitycarsworld.com\/es\/mercedes-benz-clase-s-con-conductor\/","title":{"rendered":"Alquiler de Mercedes-Benz Clase S con conductor"},"content":{"rendered":"\t\t<div data-elementor-type=\"wp-page\" data-elementor-id=\"1461\" class=\"elementor elementor-1461\" data-elementor-post-type=\"page\">\n\t\t\t\t<div data-particle_enable=\"false\" data-particle-mobile-disabled=\"false\" class=\"elementor-element elementor-element-47be9f2 e-con-full e-flex e-con e-parent\" data-id=\"47be9f2\" data-element_type=\"container\" data-e-type=\"container\" data-settings=\"{&quot;background_background&quot;:&quot;classic&quot;}\">\n\t\t\t\t<div class=\"elementor-element elementor-element-2cd2c0f elementor-widget elementor-widget-heading\" data-id=\"2cd2c0f\" data-element_type=\"widget\" data-e-type=\"widget\" data-widget_type=\"heading.default\">\n\t\t\t\t<div class=\"elementor-widget-container\">\n\t\t\t\t\t<h1 class=\"elementor-heading-title elementor-size-default\">Mercedes Benz Clase S<\/h1>\t\t\t\t<\/div>\n\t\t\t\t<\/div>\n\t\t\t\t<\/div>\n\t\t<div data-particle_enable=\"false\" data-particle-mobile-disabled=\"false\" class=\"elementor-element elementor-element-70cafeb e-flex e-con-boxed e-con e-parent\" data-id=\"70cafeb\" data-element_type=\"container\" data-e-type=\"container\">\n\t\t\t\t\t<div class=\"e-con-inner\">\n\t\t<div data-particle_enable=\"false\" data-particle-mobile-disabled=\"false\" class=\"elementor-element elementor-element-90bec54 e-con-full e-flex e-con e-child\" data-id=\"90bec54\" data-element_type=\"container\" data-e-type=\"container\">\n\t\t\t\t<div class=\"elementor-element elementor-element-cc09db1 elementor-widget elementor-widget-heading\" data-id=\"cc09db1\" data-element_type=\"widget\" data-e-type=\"widget\" data-widget_type=\"heading.default\">\n\t\t\t\t<div class=\"elementor-widget-container\">\n\t\t\t\t\t<h2 class=\"elementor-heading-title elementor-size-default\">Alquiler de Mercedes-Benz Clase S con conductor\n<\/h2>\t\t\t\t<\/div>\n\t\t\t\t<\/div>\n\t\t\t\t<div class=\"elementor-element elementor-element-557bf60 elementor-widget elementor-widget-text-editor\" data-id=\"557bf60\" data-element_type=\"widget\" data-e-type=\"widget\" data-widget_type=\"text-editor.default\">\n\t\t\t\t<div class=\"elementor-widget-container\">\n\t\t\t\t\t\t\t\t\t<p>\u00bfNecesita un veh\u00edculo de alta gama con conductor para moverse por Madrid? Tenemos el coche que necesita. En\u00a0<b>QualityCarsWorld<\/b>\u00a0estamos especializados en\u00a0<a href=\"https:\/\/qualitycarsworld.com\/\">veh\u00edculos de alquiler con conductor<\/a>.<\/p><p>Y, entre nuestra flota de m\u00e1s de 100 veh\u00edculos, destaca el Mercedes Benz Clase S. Siendo uno de los m\u00e1s solicitados en el\u00a0<a href=\"https:\/\/qualitycarsworld.com\/es\/alquiler-coches-bodas-madrid\/\">alquiler de coche para bodas<\/a>.<\/p><p>Tiene una capacidad para 3 pasajeros y un maletero en el que cabr\u00e1n dos maletas. Su <b>elegancia, potencia y lujo<\/b>, le hacen sobresalir. Y sus prestaciones har\u00e1n que su viaje o traslado sea de lo m\u00e1s confortable. Cuenta con tecnolog\u00eda funci\u00f3n masaje ENERGIZING en los asientos, sonido surround Burmester\u00ae High End 3D con 24 altavoces o el sistema de comunicaci\u00f3n a bordo COMAND Online.<\/p><p>Con este veh\u00edculo, solo tendr\u00e1 que relajarse mientras uno de nuestros ch\u00f3feres lo lleva a donde usted necesite. Todo ello, mientras consulta su correo, atiende una videollamada o lee noticias.<\/p><div class=\"default-style\"><div>En la Clase S, el lujo moderno y el confort exquisito alcanzan una nueva dimensi\u00f3n. Es un refugio ideal para todos aquellos que ven en el autom\u00f3vil mucho m\u00e1s que un medio de transporte.<\/div><div>\u00a0<\/div><div>Innovadores equipos de confort proporcionan vivencias de conducci\u00f3n impresionantes desde el asiento del conductor hasta la parte trasera.<\/div><div>\u00a0<\/div><\/div><div class=\"default-style\"><strong>El exterior del Clase S<\/strong><\/div><div class=\"default-style\"><div>\u00a0<\/div><div>Est\u00e9tica distinguida y generosidad lujosa, unidas en una armon\u00eda ideal. El dise\u00f1o refleja claridad sensual en su expresi\u00f3n m\u00e1s moderna.<\/div><div class=\"default-style\">\u00a0<\/div><div><strong>El interior del Clase S<\/strong><\/div><\/div><div class=\"default-style\"><div>\u00a0<\/div><div>El Clase S\u00a0combina una amplia selecci\u00f3n de materiales nobles con superficies de tacto fino. Una t\u00e9cnica innovadora y pantallas de alta definici\u00f3n le imprimen su car\u00e1cter avanzado. A ello se suma la integraci\u00f3n de sistemas de alta tecnolog\u00eda e infoentretenimiento con una arquitectura de f\u00e1cil manejo.<\/div><div class=\"default-style\">\u00a0<\/div><div class=\"default-style\">M\u00e1ximo confort de asiento en las plazas traseras. Los asientos multicontorno no solo convencen por sus ajustes, que permiten adoptar una posici\u00f3n de asiento ideal. Gracias a sus distintos programas de masaje tienen tambi\u00e9n un efecto vitalizante o relajante. La calefacci\u00f3n para la nuca y los hombros integrada en el coj\u00edn adicional proporciona asimismo una agradable sensaci\u00f3n de bienestar.<\/div><div>\u00a0<\/div><div class=\"default-style\"><strong>Paquete exclusivo<\/strong><\/div><div class=\"default-style\"><div class=\"owc-simple-teaser-item__description owc-rte-stylings\"><div>Con el paquete exclusivo disfrutar\u00e1s de un ambiente fant\u00e1stico. Casi todas las superficies del habit\u00e1culo est\u00e1n recubiertas de napa selecta, mientras que en el techo interior se utiliza microfibra MICROCUT de alta calidad.<\/div><div>\u00a0<\/div><ul><li>Sistemas multimedia<\/li><li>Sistema de asistencia a la conducci\u00f3n<\/li><li>PRE-SAFE\u00ae PLUS<\/li><li>ATTENTION ASSIST<\/li><li>Airbags laterales traseros<\/li><li>Protecci\u00f3n del veh\u00edculo GUARD 360\u00b0 Plus<\/li><\/ul><\/div><\/div><\/div><div class=\"wpb_column vc_column_container vc_col-sm-12\"><div class=\"vc_column-inner\"><div class=\"wpb_wrapper\"><div class=\"theme-component-list theme-component-list-style-2\">\u00a0<\/div><\/div><\/div><\/div>\t\t\t\t\t\t\t\t<\/div>\n\t\t\t\t<\/div>\n\t\t\t\t<\/div>\n\t\t\t\t\t<\/div>\n\t\t\t\t<\/div>\n\t\t<div data-particle_enable=\"false\" data-particle-mobile-disabled=\"false\" class=\"elementor-element elementor-element-24df09a e-con-full e-flex e-con e-parent\" data-id=\"24df09a\" data-element_type=\"container\" data-e-type=\"container\">\n\t\t<div data-particle_enable=\"false\" data-particle-mobile-disabled=\"false\" class=\"elementor-element elementor-element-d1a95ef e-flex e-con-boxed e-con e-child\" data-id=\"d1a95ef\" data-element_type=\"container\" data-e-type=\"container\" data-settings=\"{&quot;background_background&quot;:&quot;classic&quot;}\">\n\t\t\t\t\t<div class=\"e-con-inner\">\n\t\t<div data-particle_enable=\"false\" data-particle-mobile-disabled=\"false\" class=\"elementor-element elementor-element-3def97c e-con-full e-flex e-con e-child\" data-id=\"3def97c\" data-element_type=\"container\" data-e-type=\"container\">\n\t\t\t\t<div class=\"elementor-element elementor-element-01428dd elementor-view-default elementor-position-block-start elementor-mobile-position-block-start elementor-widget elementor-widget-icon-box\" data-id=\"01428dd\" data-element_type=\"widget\" data-e-type=\"widget\" data-widget_type=\"icon-box.default\">\n\t\t\t\t<div class=\"elementor-widget-container\">\n\t\t\t\t\t\t\t<div class=\"elementor-icon-box-wrapper\">\n\n\t\t\t\t\t\t<div class=\"elementor-icon-box-icon\">\n\t\t\t\t<span  class=\"elementor-icon\">\n\t\t\t\t<svg aria-hidden=\"true\" class=\"e-font-icon-svg e-fas-car\" viewBox=\"0 0 512 512\" xmlns=\"http:\/\/www.w3.org\/2000\/svg\"><path d=\"M499.99 176h-59.87l-16.64-41.6C406.38 91.63 365.57 64 319.5 64h-127c-46.06 0-86.88 27.63-103.99 70.4L71.87 176H12.01C4.2 176-1.53 183.34.37 190.91l6 24C7.7 220.25 12.5 224 18.01 224h20.07C24.65 235.73 16 252.78 16 272v48c0 16.12 6.16 30.67 16 41.93V416c0 17.67 14.33 32 32 32h32c17.67 0 32-14.33 32-32v-32h256v32c0 17.67 14.33 32 32 32h32c17.67 0 32-14.33 32-32v-54.07c9.84-11.25 16-25.8 16-41.93v-48c0-19.22-8.65-36.27-22.07-48H494c5.51 0 10.31-3.75 11.64-9.09l6-24c1.89-7.57-3.84-14.91-11.65-14.91zm-352.06-17.83c7.29-18.22 24.94-30.17 44.57-30.17h127c19.63 0 37.28 11.95 44.57 30.17L384 208H128l19.93-49.83zM96 319.8c-19.2 0-32-12.76-32-31.9S76.8 256 96 256s48 28.71 48 47.85-28.8 15.95-48 15.95zm320 0c-19.2 0-48 3.19-48-15.95S396.8 256 416 256s32 12.76 32 31.9-12.8 31.9-32 31.9z\"><\/path><\/svg>\t\t\t\t<\/span>\n\t\t\t<\/div>\n\t\t\t\n\t\t\t\t\t\t<div class=\"elementor-icon-box-content\">\n\n\t\t\t\t\t\t\t\t\t<h3 class=\"elementor-icon-box-title\">\n\t\t\t\t\t\t<span  >\n\t\t\t\t\t\t\tCapacidad: 3 Pasajeros\t\t\t\t\t\t<\/span>\n\t\t\t\t\t<\/h3>\n\t\t\t\t\n\t\t\t\t\n\t\t\t<\/div>\n\t\t\t\n\t\t<\/div>\n\t\t\t\t\t\t<\/div>\n\t\t\t\t<\/div>\n\t\t\t\t<\/div>\n\t\t<div data-particle_enable=\"false\" data-particle-mobile-disabled=\"false\" class=\"elementor-element elementor-element-493b4ae e-con-full e-flex e-con e-child\" data-id=\"493b4ae\" data-element_type=\"container\" data-e-type=\"container\">\n\t\t\t\t<div class=\"elementor-element elementor-element-aeca31c elementor-view-default elementor-position-block-start elementor-mobile-position-block-start elementor-widget elementor-widget-icon-box\" data-id=\"aeca31c\" data-element_type=\"widget\" data-e-type=\"widget\" data-widget_type=\"icon-box.default\">\n\t\t\t\t<div class=\"elementor-widget-container\">\n\t\t\t\t\t\t\t<div class=\"elementor-icon-box-wrapper\">\n\n\t\t\t\t\t\t<div class=\"elementor-icon-box-icon\">\n\t\t\t\t<span  class=\"elementor-icon\">\n\t\t\t\t<svg aria-hidden=\"true\" class=\"e-font-icon-svg e-fas-suitcase-rolling\" viewBox=\"0 0 384 512\" xmlns=\"http:\/\/www.w3.org\/2000\/svg\"><path d=\"M336 160H48c-26.51 0-48 21.49-48 48v224c0 26.51 21.49 48 48 48h16v16c0 8.84 7.16 16 16 16h32c8.84 0 16-7.16 16-16v-16h128v16c0 8.84 7.16 16 16 16h32c8.84 0 16-7.16 16-16v-16h16c26.51 0 48-21.49 48-48V208c0-26.51-21.49-48-48-48zm-16 216c0 4.42-3.58 8-8 8H72c-4.42 0-8-3.58-8-8v-16c0-4.42 3.58-8 8-8h240c4.42 0 8 3.58 8 8v16zm0-96c0 4.42-3.58 8-8 8H72c-4.42 0-8-3.58-8-8v-16c0-4.42 3.58-8 8-8h240c4.42 0 8 3.58 8 8v16zM144 48h96v80h48V48c0-26.51-21.49-48-48-48h-96c-26.51 0-48 21.49-48 48v80h48V48z\"><\/path><\/svg>\t\t\t\t<\/span>\n\t\t\t<\/div>\n\t\t\t\n\t\t\t\t\t\t<div class=\"elementor-icon-box-content\">\n\n\t\t\t\t\t\t\t\t\t<h3 class=\"elementor-icon-box-title\">\n\t\t\t\t\t\t<span  >\n\t\t\t\t\t\t\tEquipaje: 2 Maletas\t\t\t\t\t\t<\/span>\n\t\t\t\t\t<\/h3>\n\t\t\t\t\n\t\t\t\t\n\t\t\t<\/div>\n\t\t\t\n\t\t<\/div>\n\t\t\t\t\t\t<\/div>\n\t\t\t\t<\/div>\n\t\t\t\t<\/div>\n\t\t\t\t\t<\/div>\n\t\t\t\t<\/div>\n\t\t\t\t<\/div>\n\t\t<div data-particle_enable=\"false\" data-particle-mobile-disabled=\"false\" class=\"elementor-element elementor-element-fa77580 e-flex e-con-boxed e-con e-parent\" data-id=\"fa77580\" data-element_type=\"container\" data-e-type=\"container\">\n\t\t\t\t\t<div class=\"e-con-inner\">\n\t\t<div data-particle_enable=\"false\" data-particle-mobile-disabled=\"false\" class=\"elementor-element elementor-element-22cd39b e-con-full e-flex e-con e-child\" data-id=\"22cd39b\" data-element_type=\"container\" data-e-type=\"container\">\n\t\t\t\t<div class=\"elementor-element elementor-element-6781a17 elementor-widget elementor-widget-image\" data-id=\"6781a17\" data-element_type=\"widget\" data-e-type=\"widget\" data-widget_type=\"image.default\">\n\t\t\t\t<div class=\"elementor-widget-container\">\n\t\t\t\t\t\t\t\t\t\t\t\t\t\t\t<img fetchpriority=\"high\" decoding=\"async\" width=\"890\" height=\"1214\" src=\"https:\/\/qualitycarsworld.com\/wp-content\/uploads\/2025\/12\/Merces-Benz-Clase-S-Quality-Cars.webp\" class=\"attachment-full size-full wp-image-4737\" alt=\"Mercedes-Benz Clase S con Conductor\" srcset=\"https:\/\/qualitycarsworld.com\/wp-content\/uploads\/2025\/12\/Merces-Benz-Clase-S-Quality-Cars.webp 890w, https:\/\/qualitycarsworld.com\/wp-content\/uploads\/2025\/12\/Merces-Benz-Clase-S-Quality-Cars-220x300.webp 220w, https:\/\/qualitycarsworld.com\/wp-content\/uploads\/2025\/12\/Merces-Benz-Clase-S-Quality-Cars-751x1024.webp 751w, https:\/\/qualitycarsworld.com\/wp-content\/uploads\/2025\/12\/Merces-Benz-Clase-S-Quality-Cars-768x1048.webp 768w\" sizes=\"(max-width: 890px) 100vw, 890px\" \/>\t\t\t\t\t\t\t\t\t\t\t\t\t\t\t<\/div>\n\t\t\t\t<\/div>\n\t\t\t\t<\/div>\n\t\t<div data-particle_enable=\"false\" data-particle-mobile-disabled=\"false\" class=\"elementor-element elementor-element-f6f9dc1 e-con-full e-flex e-con e-child\" data-id=\"f6f9dc1\" data-element_type=\"container\" data-e-type=\"container\">\n\t\t\t\t<div class=\"elementor-element elementor-element-0e685ab elementor-widget elementor-widget-image\" data-id=\"0e685ab\" data-element_type=\"widget\" data-e-type=\"widget\" data-widget_type=\"image.default\">\n\t\t\t\t<div class=\"elementor-widget-container\">\n\t\t\t\t\t\t\t\t\t\t\t\t\t\t\t<img decoding=\"async\" width=\"890\" height=\"578\" src=\"https:\/\/qualitycarsworld.com\/wp-content\/uploads\/2023\/12\/Clase-S.jpeg\" class=\"attachment-full size-full wp-image-1491\" alt=\"Clase S\" srcset=\"https:\/\/qualitycarsworld.com\/wp-content\/uploads\/2023\/12\/Clase-S.jpeg 890w, https:\/\/qualitycarsworld.com\/wp-content\/uploads\/2023\/12\/Clase-S-300x195.jpeg 300w, https:\/\/qualitycarsworld.com\/wp-content\/uploads\/2023\/12\/Clase-S-768x499.jpeg 768w\" sizes=\"(max-width: 890px) 100vw, 890px\" \/>\t\t\t\t\t\t\t\t\t\t\t\t\t\t\t<\/div>\n\t\t\t\t<\/div>\n\t\t\t\t<\/div>\n\t\t<div data-particle_enable=\"false\" data-particle-mobile-disabled=\"false\" class=\"elementor-element elementor-element-64ca589 e-con-full e-flex e-con e-child\" data-id=\"64ca589\" data-element_type=\"container\" data-e-type=\"container\">\n\t\t\t\t<div class=\"elementor-element elementor-element-f981547 elementor-widget elementor-widget-image\" data-id=\"f981547\" data-element_type=\"widget\" data-e-type=\"widget\" data-widget_type=\"image.default\">\n\t\t\t\t<div class=\"elementor-widget-container\">\n\t\t\t\t\t\t\t\t\t\t\t\t\t\t\t<img decoding=\"async\" width=\"890\" height=\"1214\" src=\"https:\/\/qualitycarsworld.com\/wp-content\/uploads\/2023\/12\/Quality-Cars-Mercedes-S.jpeg\" class=\"attachment-full size-full wp-image-1481\" alt=\"Alquilar Mercedes Clase S con chofer privado\" srcset=\"https:\/\/qualitycarsworld.com\/wp-content\/uploads\/2023\/12\/Quality-Cars-Mercedes-S.jpeg 890w, https:\/\/qualitycarsworld.com\/wp-content\/uploads\/2023\/12\/Quality-Cars-Mercedes-S-220x300.jpeg 220w, https:\/\/qualitycarsworld.com\/wp-content\/uploads\/2023\/12\/Quality-Cars-Mercedes-S-751x1024.jpeg 751w, https:\/\/qualitycarsworld.com\/wp-content\/uploads\/2023\/12\/Quality-Cars-Mercedes-S-768x1048.jpeg 768w\" sizes=\"(max-width: 890px) 100vw, 890px\" \/>\t\t\t\t\t\t\t\t\t\t\t\t\t\t\t<\/div>\n\t\t\t\t<\/div>\n\t\t\t\t<\/div>\n\t\t<div data-particle_enable=\"false\" data-particle-mobile-disabled=\"false\" class=\"elementor-element elementor-element-d9c7e93 e-con-full e-flex e-con e-child\" data-id=\"d9c7e93\" data-element_type=\"container\" data-e-type=\"container\">\n\t\t\t\t<div class=\"elementor-element elementor-element-678b298 elementor-widget elementor-widget-image\" data-id=\"678b298\" data-element_type=\"widget\" data-e-type=\"widget\" data-widget_type=\"image.default\">\n\t\t\t\t<div class=\"elementor-widget-container\">\n\t\t\t\t\t\t\t\t\t\t\t\t\t\t\t<img loading=\"lazy\" decoding=\"async\" width=\"890\" height=\"578\" src=\"https:\/\/qualitycarsworld.com\/wp-content\/uploads\/2023\/12\/Mercedes-Benz-Clase-S-Quality-Cars-World.jpeg\" class=\"attachment-large size-large wp-image-1487\" alt=\"Mercedes Benz Clase S - Quality Cars World\" srcset=\"https:\/\/qualitycarsworld.com\/wp-content\/uploads\/2023\/12\/Mercedes-Benz-Clase-S-Quality-Cars-World.jpeg 890w, https:\/\/qualitycarsworld.com\/wp-content\/uploads\/2023\/12\/Mercedes-Benz-Clase-S-Quality-Cars-World-300x195.jpeg 300w, https:\/\/qualitycarsworld.com\/wp-content\/uploads\/2023\/12\/Mercedes-Benz-Clase-S-Quality-Cars-World-768x499.jpeg 768w\" sizes=\"(max-width: 890px) 100vw, 890px\" \/>\t\t\t\t\t\t\t\t\t\t\t\t\t\t\t<\/div>\n\t\t\t\t<\/div>\n\t\t\t\t<\/div>\n\t\t<div data-particle_enable=\"false\" data-particle-mobile-disabled=\"false\" class=\"elementor-element elementor-element-5bb6408 e-con-full e-flex e-con e-child\" data-id=\"5bb6408\" data-element_type=\"container\" data-e-type=\"container\">\n\t\t\t\t<div class=\"elementor-element elementor-element-9e96ea2 elementor-widget elementor-widget-image\" data-id=\"9e96ea2\" data-element_type=\"widget\" data-e-type=\"widget\" data-widget_type=\"image.default\">\n\t\t\t\t<div class=\"elementor-widget-container\">\n\t\t\t\t\t\t\t\t\t\t\t\t\t\t\t<img loading=\"lazy\" decoding=\"async\" width=\"751\" height=\"1024\" src=\"https:\/\/qualitycarsworld.com\/wp-content\/uploads\/2023\/12\/Quality-Cars-World-Mercedes-S-751x1024.jpeg\" class=\"attachment-large size-large wp-image-1480\" alt=\"Alquilar Mercedes Clase S con chofer privado en Madrid\" srcset=\"https:\/\/qualitycarsworld.com\/wp-content\/uploads\/2023\/12\/Quality-Cars-World-Mercedes-S-751x1024.jpeg 751w, https:\/\/qualitycarsworld.com\/wp-content\/uploads\/2023\/12\/Quality-Cars-World-Mercedes-S-220x300.jpeg 220w, https:\/\/qualitycarsworld.com\/wp-content\/uploads\/2023\/12\/Quality-Cars-World-Mercedes-S-768x1048.jpeg 768w, https:\/\/qualitycarsworld.com\/wp-content\/uploads\/2023\/12\/Quality-Cars-World-Mercedes-S.jpeg 890w\" sizes=\"(max-width: 751px) 100vw, 751px\" \/>\t\t\t\t\t\t\t\t\t\t\t\t\t\t\t<\/div>\n\t\t\t\t<\/div>\n\t\t\t\t<\/div>\n\t\t<div data-particle_enable=\"false\" data-particle-mobile-disabled=\"false\" class=\"elementor-element elementor-element-a982d58 e-con-full e-flex e-con e-child\" data-id=\"a982d58\" data-element_type=\"container\" data-e-type=\"container\">\n\t\t\t\t<div class=\"elementor-element elementor-element-ae2af77 elementor-widget elementor-widget-image\" data-id=\"ae2af77\" data-element_type=\"widget\" data-e-type=\"widget\" data-widget_type=\"image.default\">\n\t\t\t\t<div class=\"elementor-widget-container\">\n\t\t\t\t\t\t\t\t\t\t\t\t\t\t\t<img loading=\"lazy\" decoding=\"async\" width=\"890\" height=\"578\" src=\"https:\/\/qualitycarsworld.com\/wp-content\/uploads\/2024\/01\/Mercedes-S.jpeg\" class=\"attachment-large size-large wp-image-3217\" alt=\"Alquiler de Mercedes-Benz Clase S con conductor privado Madrid\" srcset=\"https:\/\/qualitycarsworld.com\/wp-content\/uploads\/2024\/01\/Mercedes-S.jpeg 890w, https:\/\/qualitycarsworld.com\/wp-content\/uploads\/2024\/01\/Mercedes-S-300x195.jpeg 300w, https:\/\/qualitycarsworld.com\/wp-content\/uploads\/2024\/01\/Mercedes-S-768x499.jpeg 768w\" sizes=\"(max-width: 890px) 100vw, 890px\" \/>\t\t\t\t\t\t\t\t\t\t\t\t\t\t\t<\/div>\n\t\t\t\t<\/div>\n\t\t\t\t<\/div>\n\t\t\t\t\t<\/div>\n\t\t\t\t<\/div>\n\t\t<div data-particle_enable=\"false\" data-particle-mobile-disabled=\"false\" class=\"elementor-element elementor-element-60106ec e-flex e-con-boxed e-con e-parent\" data-id=\"60106ec\" data-element_type=\"container\" data-e-type=\"container\" data-settings=\"{&quot;background_background&quot;:&quot;classic&quot;}\">\n\t\t\t\t\t<div class=\"e-con-inner\">\n\t\t<div data-particle_enable=\"false\" data-particle-mobile-disabled=\"false\" class=\"elementor-element elementor-element-5fee84b e-con-full e-flex e-con e-child\" data-id=\"5fee84b\" data-element_type=\"container\" data-e-type=\"container\">\n\t\t\t\t<div class=\"elementor-element elementor-element-f9c88d8 elementor-widget elementor-widget-icon-box\" data-id=\"f9c88d8\" data-element_type=\"widget\" data-e-type=\"widget\" data-widget_type=\"icon-box.default\">\n\t\t\t\t<div class=\"elementor-widget-container\">\n\t\t\t\t\t\t\t<div class=\"elementor-icon-box-wrapper\">\n\n\t\t\t\n\t\t\t\t\t\t<div class=\"elementor-icon-box-content\">\n\n\t\t\t\t\t\t\t\t\t<h4 class=\"elementor-icon-box-title\">\n\t\t\t\t\t\t<span  >\n\t\t\t\t\t\t\tColor Exterior\t\t\t\t\t\t<\/span>\n\t\t\t\t\t<\/h4>\n\t\t\t\t\n\t\t\t\t\t\t\t\t\t<p class=\"elementor-icon-box-description\">\n\t\t\t\t\t\tNegro\t\t\t\t\t<\/p>\n\t\t\t\t\n\t\t\t<\/div>\n\t\t\t\n\t\t<\/div>\n\t\t\t\t\t\t<\/div>\n\t\t\t\t<\/div>\n\t\t\t\t<div class=\"elementor-element elementor-element-f0f93ca elementor-widget elementor-widget-icon-box\" data-id=\"f0f93ca\" data-element_type=\"widget\" data-e-type=\"widget\" data-widget_type=\"icon-box.default\">\n\t\t\t\t<div class=\"elementor-widget-container\">\n\t\t\t\t\t\t\t<div class=\"elementor-icon-box-wrapper\">\n\n\t\t\t\n\t\t\t\t\t\t<div class=\"elementor-icon-box-content\">\n\n\t\t\t\t\t\t\t\t\t<h4 class=\"elementor-icon-box-title\">\n\t\t\t\t\t\t<span  >\n\t\t\t\t\t\t\tInterior\t\t\t\t\t\t<\/span>\n\t\t\t\t\t<\/h4>\n\t\t\t\t\n\t\t\t\t\t\t\t\t\t<p class=\"elementor-icon-box-description\">\n\t\t\t\t\t\tCuero Beige\t\t\t\t\t<\/p>\n\t\t\t\t\n\t\t\t<\/div>\n\t\t\t\n\t\t<\/div>\n\t\t\t\t\t\t<\/div>\n\t\t\t\t<\/div>\n\t\t\t\t<\/div>\n\t\t<div data-particle_enable=\"false\" data-particle-mobile-disabled=\"false\" class=\"elementor-element elementor-element-f4982df e-con-full e-flex e-con e-child\" data-id=\"f4982df\" data-element_type=\"container\" data-e-type=\"container\">\n\t\t<div data-particle_enable=\"false\" data-particle-mobile-disabled=\"false\" class=\"elementor-element elementor-element-799ebef e-flex e-con-boxed e-con e-child\" data-id=\"799ebef\" data-element_type=\"container\" data-e-type=\"container\">\n\t\t\t\t\t<div class=\"e-con-inner\">\n\t\t\t\t<div class=\"elementor-element elementor-element-f72490f elementor-widget elementor-widget-icon-box\" data-id=\"f72490f\" data-element_type=\"widget\" data-e-type=\"widget\" data-widget_type=\"icon-box.default\">\n\t\t\t\t<div class=\"elementor-widget-container\">\n\t\t\t\t\t\t\t<div class=\"elementor-icon-box-wrapper\">\n\n\t\t\t\n\t\t\t\t\t\t<div class=\"elementor-icon-box-content\">\n\n\t\t\t\t\t\t\t\t\t<h4 class=\"elementor-icon-box-title\">\n\t\t\t\t\t\t<span  >\n\t\t\t\t\t\t\tExtras Sin Coste\t\t\t\t\t\t<\/span>\n\t\t\t\t\t<\/h4>\n\t\t\t\t\n\t\t\t\t\t\t\t\t\t<p class=\"elementor-icon-box-description\">\n\t\t\t\t\t\tWifi | Agua | Prensa | Sonido Soudround Burmester | Radio | Cargador | Dispositivos Electr\u00f3nicos | Silla para Ni\u00f1os\t\t\t\t\t<\/p>\n\t\t\t\t\n\t\t\t<\/div>\n\t\t\t\n\t\t<\/div>\n\t\t\t\t\t\t<\/div>\n\t\t\t\t<\/div>\n\t\t\t\t\t<\/div>\n\t\t\t\t<\/div>\n\t\t<div data-particle_enable=\"false\" data-particle-mobile-disabled=\"false\" class=\"elementor-element elementor-element-ba39086 e-flex e-con-boxed e-con e-child\" data-id=\"ba39086\" data-element_type=\"container\" data-e-type=\"container\">\n\t\t\t\t\t<div class=\"e-con-inner\">\n\t\t\t\t<div class=\"elementor-element elementor-element-40b4741 elementor-widget elementor-widget-icon-box\" data-id=\"40b4741\" data-element_type=\"widget\" data-e-type=\"widget\" data-widget_type=\"icon-box.default\">\n\t\t\t\t<div class=\"elementor-widget-container\">\n\t\t\t\t\t\t\t<div class=\"elementor-icon-box-wrapper\">\n\n\t\t\t\n\t\t\t\t\t\t<div class=\"elementor-icon-box-content\">\n\n\t\t\t\t\t\t\t\t\t<h4 class=\"elementor-icon-box-title\">\n\t\t\t\t\t\t<span  >\n\t\t\t\t\t\t\tExtras Con Coste\t\t\t\t\t\t<\/span>\n\t\t\t\t\t<\/h4>\n\t\t\t\t\n\t\t\t\t\t\t\t\t\t<p class=\"elementor-icon-box-description\">\n\t\t\t\t\t\tCarta de Aguas | Carta de Champagne | Asistencia en Aeropuerto\n\t\t\t\t\t<\/p>\n\t\t\t\t\n\t\t\t<\/div>\n\t\t\t\n\t\t<\/div>\n\t\t\t\t\t\t<\/div>\n\t\t\t\t<\/div>\n\t\t\t\t\t<\/div>\n\t\t\t\t<\/div>\n\t\t\t\t<\/div>\n\t\t\t\t\t<\/div>\n\t\t\t\t<\/div>\n\t\t\t\t<\/div>\n\t\t","protected":false},"excerpt":{"rendered":"<p>Mercedes Benz Clase S Alquiler de Mercedes-Benz Clase S con conductor \u00bfNecesita un veh\u00edculo de alta gama con conductor para moverse por Madrid? Tenemos el coche que necesita. En\u00a0QualityCarsWorld\u00a0estamos especializados en\u00a0veh\u00edculos de alquiler con conductor. Y, entre nuestra flota de m\u00e1s de 100 veh\u00edculos, destaca el Mercedes Benz Clase S. Siendo uno de los m\u00e1s &#8230; <a title=\"Alquiler de Mercedes-Benz Clase S con conductor\" class=\"read-more\" href=\"https:\/\/qualitycarsworld.com\/es\/mercedes-benz-clase-s-con-conductor\/\" aria-label=\"Leer m\u00e1s sobre Alquiler de Mercedes-Benz Clase S con conductor\">Leer m\u00e1s<\/a><\/p>\n","protected":false},"author":2,"featured_media":0,"parent":0,"menu_order":0,"comment_status":"closed","ping_status":"closed","template":"elementor_header_footer","meta":{"_eb_attr":"","footnotes":""},"class_list":["post-1461","page","type-page","status-publish"],"_links":{"self":[{"href":"https:\/\/qualitycarsworld.com\/es\/wp-json\/wp\/v2\/pages\/1461","targetHints":{"allow":["GET"]}}],"collection":[{"href":"https:\/\/qualitycarsworld.com\/es\/wp-json\/wp\/v2\/pages"}],"about":[{"href":"https:\/\/qualitycarsworld.com\/es\/wp-json\/wp\/v2\/types\/page"}],"author":[{"embeddable":true,"href":"https:\/\/qualitycarsworld.com\/es\/wp-json\/wp\/v2\/users\/2"}],"replies":[{"embeddable":true,"href":"https:\/\/qualitycarsworld.com\/es\/wp-json\/wp\/v2\/comments?post=1461"}],"version-history":[{"count":7,"href":"https:\/\/qualitycarsworld.com\/es\/wp-json\/wp\/v2\/pages\/1461\/revisions"}],"predecessor-version":[{"id":4741,"href":"https:\/\/qualitycarsworld.com\/es\/wp-json\/wp\/v2\/pages\/1461\/revisions\/4741"}],"wp:attachment":[{"href":"https:\/\/qualitycarsworld.com\/es\/wp-json\/wp\/v2\/media?parent=1461"}],"curies":[{"name":"wp","href":"https:\/\/api.w.org\/{rel}","templated":true}]}}