{"id":1210,"date":"2023-12-19T13:42:46","date_gmt":"2023-12-19T12:42:46","guid":{"rendered":"https:\/\/zealous-lalande.46-231-5-225.plesk.page\/?page_id=1210"},"modified":"2025-08-07T18:07:35","modified_gmt":"2025-08-07T16:07:35","slug":"sobre-nosotros","status":"publish","type":"page","link":"https:\/\/qualitycarsworld.com\/es\/sobre-nosotros\/","title":{"rendered":"Sobre nosotros"},"content":{"rendered":"\t\t<div data-elementor-type=\"wp-page\" data-elementor-id=\"1210\" class=\"elementor elementor-1210\" data-elementor-post-type=\"page\">\n\t\t\t\t<div data-particle_enable=\"false\" data-particle-mobile-disabled=\"false\" class=\"elementor-element elementor-element-47be9f2 e-con-full e-flex e-con e-parent\" data-id=\"47be9f2\" data-element_type=\"container\" data-e-type=\"container\" data-settings=\"{&quot;background_background&quot;:&quot;classic&quot;}\">\n\t\t\t\t<div class=\"elementor-element elementor-element-2cd2c0f elementor-widget elementor-widget-heading\" data-id=\"2cd2c0f\" data-element_type=\"widget\" data-e-type=\"widget\" data-widget_type=\"heading.default\">\n\t\t\t\t<div class=\"elementor-widget-container\">\n\t\t\t\t\t<h1 class=\"elementor-heading-title elementor-size-default\">Sobre Nosotros<\/h1>\t\t\t\t<\/div>\n\t\t\t\t<\/div>\n\t\t\t\t<\/div>\n\t\t<div data-particle_enable=\"false\" data-particle-mobile-disabled=\"false\" class=\"elementor-element elementor-element-b5268ac e-flex e-con-boxed e-con e-parent\" data-id=\"b5268ac\" data-element_type=\"container\" data-e-type=\"container\">\n\t\t\t\t\t<div class=\"e-con-inner\">\n\t\t<div data-particle_enable=\"false\" data-particle-mobile-disabled=\"false\" class=\"elementor-element elementor-element-9f23343 e-con-full e-flex e-con e-child\" data-id=\"9f23343\" data-element_type=\"container\" data-e-type=\"container\">\n\t\t\t\t<div class=\"elementor-element elementor-element-cc09db1 elementor-widget elementor-widget-heading\" data-id=\"cc09db1\" data-element_type=\"widget\" data-e-type=\"widget\" data-widget_type=\"heading.default\">\n\t\t\t\t<div class=\"elementor-widget-container\">\n\t\t\t\t\t<h2 class=\"elementor-heading-title elementor-size-default\">Empresa familiar desde 2009<\/h2>\t\t\t\t<\/div>\n\t\t\t\t<\/div>\n\t\t\t\t<div class=\"elementor-element elementor-element-557bf60 elementor-widget elementor-widget-text-editor\" data-id=\"557bf60\" data-element_type=\"widget\" data-e-type=\"widget\" data-widget_type=\"text-editor.default\">\n\t\t\t\t<div class=\"elementor-widget-container\">\n\t\t\t\t\t\t\t\t\t<p>Somos una\u00a0<b>empresa familiar<\/b>\u00a0de alquiler de veh\u00edculos con conductor. Nuestra historia empez\u00f3 en 2009, momento en el que nuestra fundadora, Cristina, decidi\u00f3 poner en pr\u00e1ctica todo lo que hab\u00eda aprendido en otras empresas del sector. Comenz\u00f3 con un solo veh\u00edculo y un conductor, y poco a poco, fue d\u00e1ndole forma a\u00a0<a href=\"https:\/\/qualitycarsworld.com\/\">QualityCarsWorld<\/a>.<\/p><p>Estamos especializados en dar un servicio de calidad de\u00a0<b>transporte privado en coches de alta gama<\/b>. Somos referente en el sector y tenemos sede en Madrid, aunque ofrecemos nuestro servicio en toda Espa\u00f1a. Estamos con usted, si necesita un servicio de\u00a0<a href=\"https:\/\/qualitycarsworld.com\/traslados-aeropuerto-madrid-barajas\/\">traslados al aeropuerto de Madrid<\/a>, contratar su\u00a0<a href=\"https:\/\/qualitycarsworld.com\/es\/chofer-privado-madrid\/\" target=\"_blank\" rel=\"noopener\">transporte de Barajas a Atocha<\/a>. O, alquilar\u00a0<a href=\"https:\/\/qualitycarsworld.com\/alquiler-coches-bodas-madrid\/\">coches para bodas en Madrid<\/a>.<\/p><p>Nuestro objetivo es solucionar de forma r\u00e1pida y eficiente las necesidades de traslados de cada uno de nuestros clientes, ayud\u00e1ndoles a simplificar al m\u00e1ximo las gestiones para que puedan disfrutar de una experiencia \u00fanica en cada traslado.<\/p>\t\t\t\t\t\t\t\t<\/div>\n\t\t\t\t<\/div>\n\t\t\t\t<\/div>\n\t\t<div data-particle_enable=\"false\" data-particle-mobile-disabled=\"false\" class=\"elementor-element elementor-element-2a2410b e-con-full e-flex e-con e-child\" data-id=\"2a2410b\" data-element_type=\"container\" data-e-type=\"container\">\n\t\t\t\t<\/div>\n\t\t\t\t\t<\/div>\n\t\t\t\t<\/div>\n\t\t<div data-particle_enable=\"false\" data-particle-mobile-disabled=\"false\" class=\"elementor-element elementor-element-29dabdd e-con-full e-flex e-con e-parent\" data-id=\"29dabdd\" data-element_type=\"container\" data-e-type=\"container\">\n\t\t\t\t<\/div>\n\t\t<div data-particle_enable=\"false\" data-particle-mobile-disabled=\"false\" class=\"elementor-element elementor-element-e3580c1 e-flex e-con-boxed e-con e-parent\" data-id=\"e3580c1\" data-element_type=\"container\" data-e-type=\"container\">\n\t\t\t\t\t<div class=\"e-con-inner\">\n\t\t\t\t<div class=\"elementor-element elementor-element-3bdfb23 elementor-widget elementor-widget-heading\" data-id=\"3bdfb23\" data-element_type=\"widget\" data-e-type=\"widget\" data-widget_type=\"heading.default\">\n\t\t\t\t<div class=\"elementor-widget-container\">\n\t\t\t\t\t<h3 class=\"elementor-heading-title elementor-size-default\">Conoce a nuestros conductores<\/h3>\t\t\t\t<\/div>\n\t\t\t\t<\/div>\n\t\t\t\t\t<\/div>\n\t\t\t\t<\/div>\n\t\t<div data-particle_enable=\"false\" data-particle-mobile-disabled=\"false\" class=\"elementor-element elementor-element-29ca178 e-flex e-con-boxed e-con e-parent\" data-id=\"29ca178\" data-element_type=\"container\" data-e-type=\"container\">\n\t\t\t\t\t<div class=\"e-con-inner\">\n\t\t<div data-particle_enable=\"false\" data-particle-mobile-disabled=\"false\" class=\"elementor-element elementor-element-834a438 e-con-full e-flex e-con e-child\" data-id=\"834a438\" data-element_type=\"container\" data-e-type=\"container\">\n\t\t\t\t<div class=\"elementor-element elementor-element-580b1a7 elementor-widget elementor-widget-image\" data-id=\"580b1a7\" data-element_type=\"widget\" data-e-type=\"widget\" data-widget_type=\"image.default\">\n\t\t\t\t<div class=\"elementor-widget-container\">\n\t\t\t\t\t\t\t\t\t\t\t\t\t\t\t<img fetchpriority=\"high\" decoding=\"async\" width=\"798\" height=\"1024\" src=\"https:\/\/qualitycarsworld.com\/wp-content\/uploads\/2024\/01\/Quality-Cars-Carlos-798x1024.jpg\" class=\"attachment-large size-large wp-image-2814\" alt=\"Quality Cars - Con\u00f3cenos\" srcset=\"https:\/\/qualitycarsworld.com\/wp-content\/uploads\/2024\/01\/Quality-Cars-Carlos-798x1024.jpg 798w, https:\/\/qualitycarsworld.com\/wp-content\/uploads\/2024\/01\/Quality-Cars-Carlos-234x300.jpg 234w, https:\/\/qualitycarsworld.com\/wp-content\/uploads\/2024\/01\/Quality-Cars-Carlos-768x986.jpg 768w, https:\/\/qualitycarsworld.com\/wp-content\/uploads\/2024\/01\/Quality-Cars-Carlos.jpg 800w\" sizes=\"(max-width: 798px) 100vw, 798px\" \/>\t\t\t\t\t\t\t\t\t\t\t\t\t\t\t<\/div>\n\t\t\t\t<\/div>\n\t\t\t\t<div class=\"elementor-element elementor-element-c6f22dd elementor-widget elementor-widget-text-editor\" data-id=\"c6f22dd\" data-element_type=\"widget\" data-e-type=\"widget\" data-widget_type=\"text-editor.default\">\n\t\t\t\t<div class=\"elementor-widget-container\">\n\t\t\t\t\t\t\t\t\t<p>Carlos<\/p>\t\t\t\t\t\t\t\t<\/div>\n\t\t\t\t<\/div>\n\t\t\t\t<\/div>\n\t\t<div data-particle_enable=\"false\" data-particle-mobile-disabled=\"false\" class=\"elementor-element elementor-element-19b39d8 e-con-full e-flex e-con e-child\" data-id=\"19b39d8\" data-element_type=\"container\" data-e-type=\"container\">\n\t\t\t\t<div class=\"elementor-element elementor-element-5172c2d elementor-widget elementor-widget-image\" data-id=\"5172c2d\" data-element_type=\"widget\" data-e-type=\"widget\" data-widget_type=\"image.default\">\n\t\t\t\t<div class=\"elementor-widget-container\">\n\t\t\t\t\t\t\t\t\t\t\t\t\t\t\t<img decoding=\"async\" width=\"798\" height=\"1024\" src=\"https:\/\/qualitycarsworld.com\/wp-content\/uploads\/2024\/01\/Quality-Cars-Emilio-798x1024.jpg\" class=\"attachment-large size-large wp-image-2816\" alt=\"Alquiler de veh\u00edculos de lujo con conductor\" srcset=\"https:\/\/qualitycarsworld.com\/wp-content\/uploads\/2024\/01\/Quality-Cars-Emilio-798x1024.jpg 798w, https:\/\/qualitycarsworld.com\/wp-content\/uploads\/2024\/01\/Quality-Cars-Emilio-234x300.jpg 234w, https:\/\/qualitycarsworld.com\/wp-content\/uploads\/2024\/01\/Quality-Cars-Emilio-768x986.jpg 768w, https:\/\/qualitycarsworld.com\/wp-content\/uploads\/2024\/01\/Quality-Cars-Emilio.jpg 800w\" sizes=\"(max-width: 798px) 100vw, 798px\" \/>\t\t\t\t\t\t\t\t\t\t\t\t\t\t\t<\/div>\n\t\t\t\t<\/div>\n\t\t\t\t<div class=\"elementor-element elementor-element-28838e5 elementor-widget elementor-widget-text-editor\" data-id=\"28838e5\" data-element_type=\"widget\" data-e-type=\"widget\" data-widget_type=\"text-editor.default\">\n\t\t\t\t<div class=\"elementor-widget-container\">\n\t\t\t\t\t\t\t\t\t<p>Emilio<\/p>\t\t\t\t\t\t\t\t<\/div>\n\t\t\t\t<\/div>\n\t\t\t\t<\/div>\n\t\t<div data-particle_enable=\"false\" data-particle-mobile-disabled=\"false\" class=\"elementor-element elementor-element-76307d2 e-con-full e-flex e-con e-child\" data-id=\"76307d2\" data-element_type=\"container\" data-e-type=\"container\">\n\t\t\t\t<div class=\"elementor-element elementor-element-181f5fd elementor-widget elementor-widget-image\" data-id=\"181f5fd\" data-element_type=\"widget\" data-e-type=\"widget\" data-widget_type=\"image.default\">\n\t\t\t\t<div class=\"elementor-widget-container\">\n\t\t\t\t\t\t\t\t\t\t\t\t\t\t\t<img decoding=\"async\" width=\"798\" height=\"1024\" src=\"https:\/\/qualitycarsworld.com\/wp-content\/uploads\/2024\/01\/Quality-Cars-Rodrigo-798x1024.jpg\" class=\"attachment-large size-large wp-image-2818\" alt=\"Quality Cars - Rodrigo\" srcset=\"https:\/\/qualitycarsworld.com\/wp-content\/uploads\/2024\/01\/Quality-Cars-Rodrigo-798x1024.jpg 798w, https:\/\/qualitycarsworld.com\/wp-content\/uploads\/2024\/01\/Quality-Cars-Rodrigo-234x300.jpg 234w, https:\/\/qualitycarsworld.com\/wp-content\/uploads\/2024\/01\/Quality-Cars-Rodrigo-768x986.jpg 768w, https:\/\/qualitycarsworld.com\/wp-content\/uploads\/2024\/01\/Quality-Cars-Rodrigo.jpg 800w\" sizes=\"(max-width: 798px) 100vw, 798px\" \/>\t\t\t\t\t\t\t\t\t\t\t\t\t\t\t<\/div>\n\t\t\t\t<\/div>\n\t\t\t\t<div class=\"elementor-element elementor-element-7b71c42 elementor-widget elementor-widget-text-editor\" data-id=\"7b71c42\" data-element_type=\"widget\" data-e-type=\"widget\" data-widget_type=\"text-editor.default\">\n\t\t\t\t<div class=\"elementor-widget-container\">\n\t\t\t\t\t\t\t\t\t<p>Rodrigo<\/p>\t\t\t\t\t\t\t\t<\/div>\n\t\t\t\t<\/div>\n\t\t\t\t<\/div>\n\t\t<div data-particle_enable=\"false\" data-particle-mobile-disabled=\"false\" class=\"elementor-element elementor-element-47acc0a e-con-full e-flex e-con e-child\" data-id=\"47acc0a\" data-element_type=\"container\" data-e-type=\"container\">\n\t\t\t\t<div class=\"elementor-element elementor-element-85b6f59 elementor-widget elementor-widget-image\" data-id=\"85b6f59\" data-element_type=\"widget\" data-e-type=\"widget\" data-widget_type=\"image.default\">\n\t\t\t\t<div class=\"elementor-widget-container\">\n\t\t\t\t\t\t\t\t\t\t\t\t\t\t\t<img loading=\"lazy\" decoding=\"async\" width=\"418\" height=\"535\" src=\"https:\/\/qualitycarsworld.com\/wp-content\/uploads\/2025\/03\/aaa-4-Photoroom.png\" class=\"attachment-large size-large wp-image-4153\" alt=\"Luis Alberto\" srcset=\"https:\/\/qualitycarsworld.com\/wp-content\/uploads\/2025\/03\/aaa-4-Photoroom.png 418w, https:\/\/qualitycarsworld.com\/wp-content\/uploads\/2025\/03\/aaa-4-Photoroom-234x300.png 234w\" sizes=\"(max-width: 418px) 100vw, 418px\" \/>\t\t\t\t\t\t\t\t\t\t\t\t\t\t\t<\/div>\n\t\t\t\t<\/div>\n\t\t\t\t<div class=\"elementor-element elementor-element-e8ec62a elementor-widget elementor-widget-text-editor\" data-id=\"e8ec62a\" data-element_type=\"widget\" data-e-type=\"widget\" data-widget_type=\"text-editor.default\">\n\t\t\t\t<div class=\"elementor-widget-container\">\n\t\t\t\t\t\t\t\t\t<p>Luis Alberto<\/p>\t\t\t\t\t\t\t\t<\/div>\n\t\t\t\t<\/div>\n\t\t<div data-particle_enable=\"false\" data-particle-mobile-disabled=\"false\" class=\"elementor-element elementor-element-01ce10b e-con-full e-flex e-con e-child\" data-id=\"01ce10b\" data-element_type=\"container\" data-e-type=\"container\">\n\t\t\t\t<\/div>\n\t\t\t\t<\/div>\n\t\t<div data-particle_enable=\"false\" data-particle-mobile-disabled=\"false\" class=\"elementor-element elementor-element-7936ac3 e-con-full e-flex e-con e-child\" data-id=\"7936ac3\" data-element_type=\"container\" data-e-type=\"container\">\n\t\t\t\t<div class=\"elementor-element elementor-element-0847b7a elementor-widget elementor-widget-image\" data-id=\"0847b7a\" data-element_type=\"widget\" data-e-type=\"widget\" data-widget_type=\"image.default\">\n\t\t\t\t<div class=\"elementor-widget-container\">\n\t\t\t\t\t\t\t\t\t\t\t\t\t\t\t<img loading=\"lazy\" decoding=\"async\" width=\"591\" height=\"759\" src=\"https:\/\/qualitycarsworld.com\/wp-content\/uploads\/2025\/08\/Nusdey.png\" class=\"attachment-large size-large wp-image-4561\" alt=\"\" srcset=\"https:\/\/qualitycarsworld.com\/wp-content\/uploads\/2025\/08\/Nusdey.png 591w, https:\/\/qualitycarsworld.com\/wp-content\/uploads\/2025\/08\/Nusdey-234x300.png 234w\" sizes=\"(max-width: 591px) 100vw, 591px\" \/>\t\t\t\t\t\t\t\t\t\t\t\t\t\t\t<\/div>\n\t\t\t\t<\/div>\n\t\t\t\t<div class=\"elementor-element elementor-element-2eb574b elementor-widget elementor-widget-text-editor\" data-id=\"2eb574b\" data-element_type=\"widget\" data-e-type=\"widget\" data-widget_type=\"text-editor.default\">\n\t\t\t\t<div class=\"elementor-widget-container\">\n\t\t\t\t\t\t\t\t\t<p>Nusdey<\/p>\t\t\t\t\t\t\t\t<\/div>\n\t\t\t\t<\/div>\n\t\t\t\t<\/div>\n\t\t\t\t\t<\/div>\n\t\t\t\t<\/div>\n\t\t\t\t<\/div>\n\t\t","protected":false},"excerpt":{"rendered":"<p>Sobre Nosotros Empresa familiar desde 2009 Somos una\u00a0empresa familiar\u00a0de alquiler de veh\u00edculos con conductor. Nuestra historia empez\u00f3 en 2009, momento en el que nuestra fundadora, Cristina, decidi\u00f3 poner en pr\u00e1ctica todo lo que hab\u00eda aprendido en otras empresas del sector. Comenz\u00f3 con un solo veh\u00edculo y un conductor, y poco a poco, fue d\u00e1ndole forma &#8230; <a title=\"Sobre nosotros\" class=\"read-more\" href=\"https:\/\/qualitycarsworld.com\/es\/sobre-nosotros\/\" aria-label=\"Leer m\u00e1s sobre Sobre nosotros\">Leer m\u00e1s<\/a><\/p>\n","protected":false},"author":2,"featured_media":0,"parent":0,"menu_order":0,"comment_status":"closed","ping_status":"closed","template":"elementor_header_footer","meta":{"_eb_attr":"","footnotes":""},"class_list":["post-1210","page","type-page","status-publish"],"_links":{"self":[{"href":"https:\/\/qualitycarsworld.com\/es\/wp-json\/wp\/v2\/pages\/1210","targetHints":{"allow":["GET"]}}],"collection":[{"href":"https:\/\/qualitycarsworld.com\/es\/wp-json\/wp\/v2\/pages"}],"about":[{"href":"https:\/\/qualitycarsworld.com\/es\/wp-json\/wp\/v2\/types\/page"}],"author":[{"embeddable":true,"href":"https:\/\/qualitycarsworld.com\/es\/wp-json\/wp\/v2\/users\/2"}],"replies":[{"embeddable":true,"href":"https:\/\/qualitycarsworld.com\/es\/wp-json\/wp\/v2\/comments?post=1210"}],"version-history":[{"count":28,"href":"https:\/\/qualitycarsworld.com\/es\/wp-json\/wp\/v2\/pages\/1210\/revisions"}],"predecessor-version":[{"id":4565,"href":"https:\/\/qualitycarsworld.com\/es\/wp-json\/wp\/v2\/pages\/1210\/revisions\/4565"}],"wp:attachment":[{"href":"https:\/\/qualitycarsworld.com\/es\/wp-json\/wp\/v2\/media?parent=1210"}],"curies":[{"name":"wp","href":"https:\/\/api.w.org\/{rel}","templated":true}]}}