{"id":1147,"date":"2023-12-18T13:18:04","date_gmt":"2023-12-18T12:18:04","guid":{"rendered":"https:\/\/zealous-lalande.46-231-5-225.plesk.page\/?page_id=1147"},"modified":"2025-04-14T18:25:11","modified_gmt":"2025-04-14T16:25:11","slug":"coches-con-chofer-para-bodas-y-eventos","status":"publish","type":"page","link":"https:\/\/qualitycarsworld.com\/es\/coches-con-chofer-para-bodas-y-eventos\/","title":{"rendered":"Coches con Ch\u00f3fer para Bodas y Eventos"},"content":{"rendered":"\t\t<div data-elementor-type=\"wp-page\" data-elementor-id=\"1147\" class=\"elementor elementor-1147\" data-elementor-post-type=\"page\">\n\t\t\t\t<div data-particle_enable=\"false\" data-particle-mobile-disabled=\"false\" class=\"elementor-element elementor-element-47be9f2 e-con-full e-flex e-con e-parent\" data-id=\"47be9f2\" data-element_type=\"container\" data-e-type=\"container\" data-settings=\"{&quot;background_background&quot;:&quot;classic&quot;}\">\n\t\t\t\t<div class=\"elementor-element elementor-element-2cd2c0f elementor-widget elementor-widget-heading\" data-id=\"2cd2c0f\" data-element_type=\"widget\" data-e-type=\"widget\" data-widget_type=\"heading.default\">\n\t\t\t\t<div class=\"elementor-widget-container\">\n\t\t\t\t\t<h1 class=\"elementor-heading-title elementor-size-default\">Coches con Ch\u00f3fer  para<br> Bodas y Eventos<\/h1>\t\t\t\t<\/div>\n\t\t\t\t<\/div>\n\t\t\t\t<\/div>\n\t\t<div data-particle_enable=\"false\" data-particle-mobile-disabled=\"false\" class=\"elementor-element elementor-element-70cafeb e-flex e-con-boxed e-con e-parent\" data-id=\"70cafeb\" data-element_type=\"container\" data-e-type=\"container\">\n\t\t\t\t\t<div class=\"e-con-inner\">\n\t\t<div data-particle_enable=\"false\" data-particle-mobile-disabled=\"false\" class=\"elementor-element elementor-element-90bec54 e-con-full e-flex e-con e-child\" data-id=\"90bec54\" data-element_type=\"container\" data-e-type=\"container\">\n\t\t\t\t<div class=\"elementor-element elementor-element-cc09db1 elementor-widget elementor-widget-heading\" data-id=\"cc09db1\" data-element_type=\"widget\" data-e-type=\"widget\" data-widget_type=\"heading.default\">\n\t\t\t\t<div class=\"elementor-widget-container\">\n\t\t\t\t\t<h2 class=\"elementor-heading-title elementor-size-default\">Alquiler de coches para bodas con conductor privado<\/h2>\t\t\t\t<\/div>\n\t\t\t\t<\/div>\n\t\t\t\t<div class=\"elementor-element elementor-element-557bf60 elementor-widget elementor-widget-text-editor\" data-id=\"557bf60\" data-element_type=\"widget\" data-e-type=\"widget\" data-widget_type=\"text-editor.default\">\n\t\t\t\t<div class=\"elementor-widget-container\">\n\t\t\t\t\t\t\t\t\t<p>Si va a casarse en breve seguro que lo que menos quiere es tener preocupaciones por la organizaci\u00f3n. Y eso, incluye el desplazamiento hasta el lugar en el que va a realizarse la boda o hasta el sitio elegido para su celebraci\u00f3n. Por ello, lo mejor es decantarse por un servicio de\u00a0<b>alquiler de coches para bodas con conductor<\/b>.<\/p><p>En QualityCarsWorld somos especialistas en realizar\u00a0<b>traslados para eventos<\/b>. Y contamos con una flota de veh\u00edculos de \u00faltima generaci\u00f3n. Entre ellos, coches de lujo con ch\u00f3fer privado que podr\u00e1n recogerle en su hotel, casa, o donde haya decidido vestirte, para llevarle al lugar de su enlace.<\/p><p>Igualmente, podr\u00e1 llevar a los reci\u00e9n casados al enclave o enclaves elegidos para hacer el reportaje fotogr\u00e1fico. Sin tener que depender de buscar qui\u00e9n les lleve o quien conduce. Ese d\u00eda es para disfrutar y en nuestros veh\u00edculos podr\u00e1n relajarse y tomar una copa de cava mientras que realizan la sesi\u00f3n fotogr\u00e1fica.<\/p><p>Tambi\u00e9n podemos llevarles al hotel, restaurante o finca donde quieran compartir la invitaci\u00f3n con amigos y familiares. E incluso ocuparnos del transporte de los invitados en coche. Y si tienen que coger un vuelo que les lleve a su luna de miel, uno de nuestros\u00a0<b>conductores privados<\/b>\u00a0les llevar\u00e1 hasta el Aeropuerto o la estaci\u00f3n de tren que nos digan.<\/p>\t\t\t\t\t\t\t\t<\/div>\n\t\t\t\t<\/div>\n\t\t\t\t<\/div>\n\t\t\t\t\t<\/div>\n\t\t\t\t<\/div>\n\t\t<div data-particle_enable=\"false\" data-particle-mobile-disabled=\"false\" class=\"elementor-element elementor-element-fa77580 e-flex e-con-boxed e-con e-parent\" data-id=\"fa77580\" data-element_type=\"container\" data-e-type=\"container\">\n\t\t\t\t\t<div class=\"e-con-inner\">\n\t\t<div data-particle_enable=\"false\" data-particle-mobile-disabled=\"false\" class=\"elementor-element elementor-element-22cd39b e-con-full e-flex e-con e-child\" data-id=\"22cd39b\" data-element_type=\"container\" data-e-type=\"container\">\n\t\t\t\t<div class=\"elementor-element elementor-element-6781a17 elementor-widget elementor-widget-image\" data-id=\"6781a17\" data-element_type=\"widget\" data-e-type=\"widget\" data-widget_type=\"image.default\">\n\t\t\t\t<div class=\"elementor-widget-container\">\n\t\t\t\t\t\t\t\t\t\t\t\t\t\t\t<img fetchpriority=\"high\" decoding=\"async\" width=\"890\" height=\"1214\" src=\"https:\/\/qualitycarsworld.com\/wp-content\/uploads\/2023\/12\/Quality-Cars-Boda-Novia-Alquiler-Coche-Chofer.jpeg\" class=\"attachment-full size-full wp-image-1159\" alt=\"Coches con Ch\u00f3fer para Bodas y Eventos\" srcset=\"https:\/\/qualitycarsworld.com\/wp-content\/uploads\/2023\/12\/Quality-Cars-Boda-Novia-Alquiler-Coche-Chofer.jpeg 890w, https:\/\/qualitycarsworld.com\/wp-content\/uploads\/2023\/12\/Quality-Cars-Boda-Novia-Alquiler-Coche-Chofer-220x300.jpeg 220w, https:\/\/qualitycarsworld.com\/wp-content\/uploads\/2023\/12\/Quality-Cars-Boda-Novia-Alquiler-Coche-Chofer-751x1024.jpeg 751w, https:\/\/qualitycarsworld.com\/wp-content\/uploads\/2023\/12\/Quality-Cars-Boda-Novia-Alquiler-Coche-Chofer-768x1048.jpeg 768w\" sizes=\"(max-width: 890px) 100vw, 890px\" \/>\t\t\t\t\t\t\t\t\t\t\t\t\t\t\t<\/div>\n\t\t\t\t<\/div>\n\t\t\t\t<\/div>\n\t\t<div data-particle_enable=\"false\" data-particle-mobile-disabled=\"false\" class=\"elementor-element elementor-element-f6f9dc1 e-con-full e-flex e-con e-child\" data-id=\"f6f9dc1\" data-element_type=\"container\" data-e-type=\"container\">\n\t\t\t\t<div class=\"elementor-element elementor-element-0e685ab elementor-widget elementor-widget-image\" data-id=\"0e685ab\" data-element_type=\"widget\" data-e-type=\"widget\" data-widget_type=\"image.default\">\n\t\t\t\t<div class=\"elementor-widget-container\">\n\t\t\t\t\t\t\t\t\t\t\t\t\t\t\t<img decoding=\"async\" width=\"890\" height=\"578\" src=\"https:\/\/qualitycarsworld.com\/wp-content\/uploads\/2023\/12\/Alquiler-coche-boda-Quality-Cars-World.jpeg\" class=\"attachment-full size-full wp-image-1164\" alt=\"Ch\u00f3fer privado por horas en Madrid\" srcset=\"https:\/\/qualitycarsworld.com\/wp-content\/uploads\/2023\/12\/Alquiler-coche-boda-Quality-Cars-World.jpeg 890w, https:\/\/qualitycarsworld.com\/wp-content\/uploads\/2023\/12\/Alquiler-coche-boda-Quality-Cars-World-300x195.jpeg 300w, https:\/\/qualitycarsworld.com\/wp-content\/uploads\/2023\/12\/Alquiler-coche-boda-Quality-Cars-World-768x499.jpeg 768w\" sizes=\"(max-width: 890px) 100vw, 890px\" \/>\t\t\t\t\t\t\t\t\t\t\t\t\t\t\t<\/div>\n\t\t\t\t<\/div>\n\t\t\t\t<\/div>\n\t\t<div data-particle_enable=\"false\" data-particle-mobile-disabled=\"false\" class=\"elementor-element elementor-element-64ca589 e-con-full e-flex e-con e-child\" data-id=\"64ca589\" data-element_type=\"container\" data-e-type=\"container\">\n\t\t\t\t<div class=\"elementor-element elementor-element-f981547 elementor-widget elementor-widget-image\" data-id=\"f981547\" data-element_type=\"widget\" data-e-type=\"widget\" data-widget_type=\"image.default\">\n\t\t\t\t<div class=\"elementor-widget-container\">\n\t\t\t\t\t\t\t\t\t\t\t\t\t\t\t<img decoding=\"async\" width=\"890\" height=\"1214\" src=\"https:\/\/qualitycarsworld.com\/wp-content\/uploads\/2023\/12\/Quality-Cars-Arreglo-Boda.jpeg\" class=\"attachment-full size-full wp-image-1160\" alt=\"Quality Cars - Arreglo Boda\" srcset=\"https:\/\/qualitycarsworld.com\/wp-content\/uploads\/2023\/12\/Quality-Cars-Arreglo-Boda.jpeg 890w, https:\/\/qualitycarsworld.com\/wp-content\/uploads\/2023\/12\/Quality-Cars-Arreglo-Boda-220x300.jpeg 220w, https:\/\/qualitycarsworld.com\/wp-content\/uploads\/2023\/12\/Quality-Cars-Arreglo-Boda-751x1024.jpeg 751w, https:\/\/qualitycarsworld.com\/wp-content\/uploads\/2023\/12\/Quality-Cars-Arreglo-Boda-768x1048.jpeg 768w\" sizes=\"(max-width: 890px) 100vw, 890px\" \/>\t\t\t\t\t\t\t\t\t\t\t\t\t\t\t<\/div>\n\t\t\t\t<\/div>\n\t\t\t\t<\/div>\n\t\t<div data-particle_enable=\"false\" data-particle-mobile-disabled=\"false\" class=\"elementor-element elementor-element-d9c7e93 e-con-full e-flex e-con e-child\" data-id=\"d9c7e93\" data-element_type=\"container\" data-e-type=\"container\">\n\t\t\t\t<div class=\"elementor-element elementor-element-678b298 elementor-widget elementor-widget-image\" data-id=\"678b298\" data-element_type=\"widget\" data-e-type=\"widget\" data-widget_type=\"image.default\">\n\t\t\t\t<div class=\"elementor-widget-container\">\n\t\t\t\t\t\t\t\t\t\t\t\t\t\t\t<img loading=\"lazy\" decoding=\"async\" width=\"890\" height=\"578\" src=\"https:\/\/qualitycarsworld.com\/wp-content\/uploads\/2023\/12\/Quality-Cars-Madrid-VIP-y-Empresas.jpeg\" class=\"attachment-large size-large wp-image-1047\" alt=\"Quality Cars Madrid - VIP y Empresas\" srcset=\"https:\/\/qualitycarsworld.com\/wp-content\/uploads\/2023\/12\/Quality-Cars-Madrid-VIP-y-Empresas.jpeg 890w, https:\/\/qualitycarsworld.com\/wp-content\/uploads\/2023\/12\/Quality-Cars-Madrid-VIP-y-Empresas-300x195.jpeg 300w, https:\/\/qualitycarsworld.com\/wp-content\/uploads\/2023\/12\/Quality-Cars-Madrid-VIP-y-Empresas-768x499.jpeg 768w\" sizes=\"(max-width: 890px) 100vw, 890px\" \/>\t\t\t\t\t\t\t\t\t\t\t\t\t\t\t<\/div>\n\t\t\t\t<\/div>\n\t\t\t\t<\/div>\n\t\t<div data-particle_enable=\"false\" data-particle-mobile-disabled=\"false\" class=\"elementor-element elementor-element-5bb6408 e-con-full e-flex e-con e-child\" data-id=\"5bb6408\" data-element_type=\"container\" data-e-type=\"container\">\n\t\t\t\t<div class=\"elementor-element elementor-element-9e96ea2 elementor-widget elementor-widget-image\" data-id=\"9e96ea2\" data-element_type=\"widget\" data-e-type=\"widget\" data-widget_type=\"image.default\">\n\t\t\t\t<div class=\"elementor-widget-container\">\n\t\t\t\t\t\t\t\t\t\t\t\t\t\t\t<img loading=\"lazy\" decoding=\"async\" width=\"751\" height=\"1024\" src=\"https:\/\/qualitycarsworld.com\/wp-content\/uploads\/2023\/12\/Alquiler-Coche-invitados-boda-Quality-Cars-751x1024.jpeg\" class=\"attachment-large size-large wp-image-1162\" alt=\"Alquiler Coche invitados boda Quality Cars\" srcset=\"https:\/\/qualitycarsworld.com\/wp-content\/uploads\/2023\/12\/Alquiler-Coche-invitados-boda-Quality-Cars-751x1024.jpeg 751w, https:\/\/qualitycarsworld.com\/wp-content\/uploads\/2023\/12\/Alquiler-Coche-invitados-boda-Quality-Cars-220x300.jpeg 220w, https:\/\/qualitycarsworld.com\/wp-content\/uploads\/2023\/12\/Alquiler-Coche-invitados-boda-Quality-Cars-768x1048.jpeg 768w, https:\/\/qualitycarsworld.com\/wp-content\/uploads\/2023\/12\/Alquiler-Coche-invitados-boda-Quality-Cars.jpeg 890w\" sizes=\"(max-width: 751px) 100vw, 751px\" \/>\t\t\t\t\t\t\t\t\t\t\t\t\t\t\t<\/div>\n\t\t\t\t<\/div>\n\t\t\t\t<\/div>\n\t\t<div data-particle_enable=\"false\" data-particle-mobile-disabled=\"false\" class=\"elementor-element elementor-element-a982d58 e-con-full e-flex e-con e-child\" data-id=\"a982d58\" data-element_type=\"container\" data-e-type=\"container\">\n\t\t\t\t<div class=\"elementor-element elementor-element-ae2af77 elementor-widget elementor-widget-image\" data-id=\"ae2af77\" data-element_type=\"widget\" data-e-type=\"widget\" data-widget_type=\"image.default\">\n\t\t\t\t<div class=\"elementor-widget-container\">\n\t\t\t\t\t\t\t\t\t\t\t\t\t\t\t<img loading=\"lazy\" decoding=\"async\" width=\"890\" height=\"578\" src=\"https:\/\/qualitycarsworld.com\/wp-content\/uploads\/2023\/12\/Boda-Alquiler-Coche-Madrid.jpeg\" class=\"attachment-large size-large wp-image-1167\" alt=\"Boda Alquiler Coche Madrid\" srcset=\"https:\/\/qualitycarsworld.com\/wp-content\/uploads\/2023\/12\/Boda-Alquiler-Coche-Madrid.jpeg 890w, https:\/\/qualitycarsworld.com\/wp-content\/uploads\/2023\/12\/Boda-Alquiler-Coche-Madrid-300x195.jpeg 300w, https:\/\/qualitycarsworld.com\/wp-content\/uploads\/2023\/12\/Boda-Alquiler-Coche-Madrid-768x499.jpeg 768w\" sizes=\"(max-width: 890px) 100vw, 890px\" \/>\t\t\t\t\t\t\t\t\t\t\t\t\t\t\t<\/div>\n\t\t\t\t<\/div>\n\t\t\t\t<\/div>\n\t\t\t\t\t<\/div>\n\t\t\t\t<\/div>\n\t\t<div data-particle_enable=\"false\" data-particle-mobile-disabled=\"false\" class=\"elementor-element elementor-element-7cbce5a e-flex e-con-boxed e-con e-parent\" data-id=\"7cbce5a\" data-element_type=\"container\" data-e-type=\"container\">\n\t\t\t\t\t<div class=\"e-con-inner\">\n\t\t<div data-particle_enable=\"false\" data-particle-mobile-disabled=\"false\" class=\"elementor-element elementor-element-6f73614 e-con-full e-flex e-con e-child\" data-id=\"6f73614\" data-element_type=\"container\" data-e-type=\"container\">\n\t\t\t\t<div class=\"elementor-element elementor-element-5350f40 elementor-widget elementor-widget-heading\" data-id=\"5350f40\" data-element_type=\"widget\" data-e-type=\"widget\" data-widget_type=\"heading.default\">\n\t\t\t\t<div class=\"elementor-widget-container\">\n\t\t\t\t\t<h3 class=\"elementor-heading-title elementor-size-default\">C\u00f3mo funciona y beneficios de nuestros coches para bodas en Madrid<\/h3>\t\t\t\t<\/div>\n\t\t\t\t<\/div>\n\t\t\t\t<div class=\"elementor-element elementor-element-a9714c5 elementor-widget elementor-widget-text-editor\" data-id=\"a9714c5\" data-element_type=\"widget\" data-e-type=\"widget\" data-widget_type=\"text-editor.default\">\n\t\t\t\t<div class=\"elementor-widget-container\">\n\t\t\t\t\t\t\t\t\t<div class=\"wpb_text_column wpb_content_element \"><div class=\"wpb_wrapper\"><p>El funcionamiento de nuestro servicio es muy sencillo. Somos una empresa de coches con\u00a0<a href=\"https:\/\/qualitycarsworld.com\/\">ch\u00f3fer privado<\/a>\u00a0que opera sobre todo en la ciudad de Madrid y alrededores pero, que tambi\u00e9n puede ofrecer su servicio en el resto de Espa\u00f1a.<\/p><p>Para utilizar nuestro servicio de\u00a0<b>alquiler de coches privados con ch\u00f3fer<\/b>\u00a0<b>para bodas en<\/b>\u00a0<b>Madrid<\/b>, solo tienen que ponerse en contacto con nosotros. Necesitaremos saber el punto y la hora de recogida y el tipo de veh\u00edculo que quieren. A d\u00f3nde tenemos que llevarlos, si va a ser un servicio puntual o si necesitan que nos dirijamos a varios sitios o que les recojamos una vez terminada la boda.<\/p><p>Podr\u00e1n elegir entre varios modelos de veh\u00edculos y solicitar nuestro\u00a0<b>servicio Premium<\/b>. En \u00e9l, les podemos brindar una copa de cava o champagne. Tendr\u00e1n la posibilidad de relajarse mientras el ch\u00f3fer de QualityCarsWorld les lleva por la mejor ruta, evitando en lo posible, atascos y aglomeraciones.<\/p><p>Son muchos los\u00a0<b>beneficios de contratar este servicio<\/b>\u00a0de alquiler de coches para bodas. Pero destacamos la tranquilidad de poder confiar en que llegar\u00e1n al lugar acordado en tiempo, de forma c\u00f3moda y elegante. No tendr\u00e1n que preocuparse por qui\u00e9n conduce, d\u00f3nde dejan el coche o cu\u00e1l es la mejor ruta para llegar. Todo eso lo hacemos nosotros para que puedan disfrutar del d\u00eda.<\/p><\/div><\/div>\t\t\t\t\t\t\t\t<\/div>\n\t\t\t\t<\/div>\n\t\t\t\t<\/div>\n\t\t\t\t\t<\/div>\n\t\t\t\t<\/div>\n\t\t<div data-particle_enable=\"false\" data-particle-mobile-disabled=\"false\" class=\"elementor-element elementor-element-29dabdd e-con-full e-flex e-con e-parent\" data-id=\"29dabdd\" data-element_type=\"container\" data-e-type=\"container\">\n\t\t\t\t<\/div>\n\t\t<div data-particle_enable=\"false\" data-particle-mobile-disabled=\"false\" class=\"elementor-element elementor-element-cb78b85 e-flex e-con-boxed e-con e-parent\" data-id=\"cb78b85\" data-element_type=\"container\" data-e-type=\"container\">\n\t\t\t\t\t<div class=\"e-con-inner\">\n\t\t<div data-particle_enable=\"false\" data-particle-mobile-disabled=\"false\" class=\"elementor-element elementor-element-c9c1e5b e-con-full e-flex e-con e-child\" data-id=\"c9c1e5b\" data-element_type=\"container\" data-e-type=\"container\">\n\t\t\t\t<div class=\"elementor-element elementor-element-8fbbf11 elementor-widget elementor-widget-heading\" data-id=\"8fbbf11\" data-element_type=\"widget\" data-e-type=\"widget\" data-widget_type=\"heading.default\">\n\t\t\t\t<div class=\"elementor-widget-container\">\n\t\t\t\t\t<h3 class=\"elementor-heading-title elementor-size-default\">Alquiler de veh\u00edculos elegantes y de lujo para los novios\n<\/h3>\t\t\t\t<\/div>\n\t\t\t\t<\/div>\n\t\t\t\t<div class=\"elementor-element elementor-element-23c33ec elementor-widget elementor-widget-text-editor\" data-id=\"23c33ec\" data-element_type=\"widget\" data-e-type=\"widget\" data-widget_type=\"text-editor.default\">\n\t\t\t\t<div class=\"elementor-widget-container\">\n\t\t\t\t\t\t\t\t\t<div class=\"wpb_text_column wpb_content_element \"><div class=\"wpb_wrapper\"><p>Casarse es un paso muy importante. Es uno de los mejores d\u00edas de nuestra vida y no queremos que ning\u00fan detalle falte. Pero tambi\u00e9n es algo que puede ser estresante pues conlleva muchos preparativos. Entre ellos, el del\u00a0<b>traslado de los novios<\/b>\u00a0hasta el altar.<\/p><p>En QualityCarsWorld estamos especializados en traslados en coches privados con conductor en Madrid. Tanto para viajes de negocios, como de placer y tambi\u00e9n para eventos como son las bodas.<\/p><p>Con nosotros, los novios estar\u00e1n plenamente atendidos y podr\u00e1n llegar a la iglesia, finca o ayuntamiento en\u00a0<b>veh\u00edculos elegantes y de lujo<\/b>. Nuestros coches son de alta gama y cuentan con las prestaciones y acabados de mejor calidad.<\/p><p>Y, con nuestro servicio Premium, podr\u00e1n relajarse con una copa de cava y comenzar la celebraci\u00f3n antes de la llegada al convite. Un d\u00eda especial, merece un veh\u00edculo especial.<\/p><\/div><\/div>\t\t\t\t\t\t\t\t<\/div>\n\t\t\t\t<\/div>\n\t\t\t\t<\/div>\n\t\t\t\t\t<\/div>\n\t\t\t\t<\/div>\n\t\t<div data-particle_enable=\"false\" data-particle-mobile-disabled=\"false\" class=\"elementor-element elementor-element-8b501d1 e-con-full e-flex e-con e-parent\" data-id=\"8b501d1\" data-element_type=\"container\" data-e-type=\"container\">\n\t\t\t\t<\/div>\n\t\t<div data-particle_enable=\"false\" data-particle-mobile-disabled=\"false\" class=\"elementor-element elementor-element-d3e1042 e-flex e-con-boxed e-con e-parent\" data-id=\"d3e1042\" data-element_type=\"container\" data-e-type=\"container\">\n\t\t\t\t\t<div class=\"e-con-inner\">\n\t\t<div data-particle_enable=\"false\" data-particle-mobile-disabled=\"false\" class=\"elementor-element elementor-element-2690689 e-con-full e-flex e-con e-child\" data-id=\"2690689\" data-element_type=\"container\" data-e-type=\"container\">\n\t\t\t\t<div class=\"elementor-element elementor-element-91b5c6c elementor-widget elementor-widget-heading\" data-id=\"91b5c6c\" data-element_type=\"widget\" data-e-type=\"widget\" data-widget_type=\"heading.default\">\n\t\t\t\t<div class=\"elementor-widget-container\">\n\t\t\t\t\t<h3 class=\"elementor-heading-title elementor-size-default\">Transporte con clase para invitados<\/h3>\t\t\t\t<\/div>\n\t\t\t\t<\/div>\n\t\t\t\t<div class=\"elementor-element elementor-element-a9686e3 elementor-widget elementor-widget-text-editor\" data-id=\"a9686e3\" data-element_type=\"widget\" data-e-type=\"widget\" data-widget_type=\"text-editor.default\">\n\t\t\t\t<div class=\"elementor-widget-container\">\n\t\t\t\t\t\t\t\t\t<div class=\"wpb_text_column wpb_content_element \"><div class=\"wpb_wrapper\"><p>\u00bfLe preocupa el traslado de los invitados a su boda? \u00bfLe han invitado a un enlace y quiere despreocuparse por el desplazamiento? Llegar a una boda con clase es posible con nuestros\u00a0<b>veh\u00edculos de alta gama y lujo<\/b>. Contamos con varios Mercedes clase V en el que los invitados a su boda podr\u00e1n ir a la iglesia, finca o restaurante, amplios, c\u00f3modos y con clase.<\/p><p>Podr\u00e1n disfrutar plenamente de la boda sin la preocupaci\u00f3n de qui\u00e9n ser\u00e1 el conductor. Pues todos nuestros coches privados de alquiler cuentan con el servicio de ch\u00f3fer. \u00bfNecesitan que les lleven, que les recojan, que les trasladen a varios lugares? QualityCarsWorld dispone de este servicio para bodas y dem\u00e1s\u00a0<b>eventos en Madrid y alrededores<\/b>.<\/p><p>Tendr\u00e1n la posibilidad de elegir el veh\u00edculo que mejor se adapte a sus necesidades o a las del grupo a trasladar. Todos nuestros coches son de alta gama y disponen de todas las prestaciones necesarias para la comodidad de nuestros clientes.<\/p><p>Los ch\u00f3feres cuentan con mucha experiencia y formaci\u00f3n. Y brindar un\u00a0<b>servicio de calidad<\/b>, comodidad y confianza es nuestro objetivo. Recogeremos a sus invitados en el punto pactado y a la hora acordada para que puedan acompa\u00f1arle en ese d\u00eda tan especial para usted.<\/p><\/div><\/div>\t\t\t\t\t\t\t\t<\/div>\n\t\t\t\t<\/div>\n\t\t\t\t<\/div>\n\t\t\t\t\t<\/div>\n\t\t\t\t<\/div>\n\t\t<div data-particle_enable=\"false\" data-particle-mobile-disabled=\"false\" class=\"elementor-element elementor-element-d4e2cc4 e-con-full e-flex e-con e-parent\" data-id=\"d4e2cc4\" data-element_type=\"container\" data-e-type=\"container\">\n\t\t\t\t<\/div>\n\t\t\t\t<\/div>\n\t\t","protected":false},"excerpt":{"rendered":"<p>Coches con Ch\u00f3fer para Bodas y Eventos Alquiler de coches para bodas con conductor privado Si va a casarse en breve seguro que lo que menos quiere es tener preocupaciones por la organizaci\u00f3n. Y eso, incluye el desplazamiento hasta el lugar en el que va a realizarse la boda o hasta el sitio elegido para &#8230; <a title=\"Coches con Ch\u00f3fer para Bodas y Eventos\" class=\"read-more\" href=\"https:\/\/qualitycarsworld.com\/es\/coches-con-chofer-para-bodas-y-eventos\/\" aria-label=\"Leer m\u00e1s sobre Coches con Ch\u00f3fer para Bodas y Eventos\">Leer m\u00e1s<\/a><\/p>\n","protected":false},"author":2,"featured_media":0,"parent":0,"menu_order":0,"comment_status":"closed","ping_status":"closed","template":"elementor_header_footer","meta":{"_eb_attr":"","footnotes":""},"class_list":["post-1147","page","type-page","status-publish"],"_links":{"self":[{"href":"https:\/\/qualitycarsworld.com\/es\/wp-json\/wp\/v2\/pages\/1147","targetHints":{"allow":["GET"]}}],"collection":[{"href":"https:\/\/qualitycarsworld.com\/es\/wp-json\/wp\/v2\/pages"}],"about":[{"href":"https:\/\/qualitycarsworld.com\/es\/wp-json\/wp\/v2\/types\/page"}],"author":[{"embeddable":true,"href":"https:\/\/qualitycarsworld.com\/es\/wp-json\/wp\/v2\/users\/2"}],"replies":[{"embeddable":true,"href":"https:\/\/qualitycarsworld.com\/es\/wp-json\/wp\/v2\/comments?post=1147"}],"version-history":[{"count":8,"href":"https:\/\/qualitycarsworld.com\/es\/wp-json\/wp\/v2\/pages\/1147\/revisions"}],"predecessor-version":[{"id":4404,"href":"https:\/\/qualitycarsworld.com\/es\/wp-json\/wp\/v2\/pages\/1147\/revisions\/4404"}],"wp:attachment":[{"href":"https:\/\/qualitycarsworld.com\/es\/wp-json\/wp\/v2\/media?parent=1147"}],"curies":[{"name":"wp","href":"https:\/\/api.w.org\/{rel}","templated":true}]}}