{"id":1033,"date":"2023-12-18T12:18:05","date_gmt":"2023-12-18T11:18:05","guid":{"rendered":"https:\/\/zealous-lalande.46-231-5-225.plesk.page\/?page_id=1033"},"modified":"2025-04-14T20:05:42","modified_gmt":"2025-04-14T18:05:42","slug":"transporte-privado-vip-madrid","status":"publish","type":"page","link":"https:\/\/qualitycarsworld.com\/es\/transporte-privado-vip-madrid\/","title":{"rendered":"Traslados VIP y Empresas"},"content":{"rendered":"\t\t<div data-elementor-type=\"wp-page\" data-elementor-id=\"1033\" class=\"elementor elementor-1033\" data-elementor-post-type=\"page\">\n\t\t\t\t<div data-particle_enable=\"false\" data-particle-mobile-disabled=\"false\" class=\"elementor-element elementor-element-47be9f2 e-con-full e-flex e-con e-parent\" data-id=\"47be9f2\" data-element_type=\"container\" data-e-type=\"container\" data-settings=\"{&quot;background_background&quot;:&quot;classic&quot;}\">\n\t\t\t\t<div class=\"elementor-element elementor-element-2cd2c0f elementor-widget elementor-widget-heading\" data-id=\"2cd2c0f\" data-element_type=\"widget\" data-e-type=\"widget\" data-widget_type=\"heading.default\">\n\t\t\t\t<div class=\"elementor-widget-container\">\n\t\t\t\t\t<h1 class=\"elementor-heading-title elementor-size-default\">Traslados VIP y Empresas<\/h1>\t\t\t\t<\/div>\n\t\t\t\t<\/div>\n\t\t\t\t<\/div>\n\t\t<div data-particle_enable=\"false\" data-particle-mobile-disabled=\"false\" class=\"elementor-element elementor-element-70cafeb e-flex e-con-boxed e-con e-parent\" data-id=\"70cafeb\" data-element_type=\"container\" data-e-type=\"container\">\n\t\t\t\t\t<div class=\"e-con-inner\">\n\t\t<div data-particle_enable=\"false\" data-particle-mobile-disabled=\"false\" class=\"elementor-element elementor-element-90bec54 e-con-full e-flex e-con e-child\" data-id=\"90bec54\" data-element_type=\"container\" data-e-type=\"container\">\n\t\t\t\t<div class=\"elementor-element elementor-element-cc09db1 elementor-widget elementor-widget-heading\" data-id=\"cc09db1\" data-element_type=\"widget\" data-e-type=\"widget\" data-widget_type=\"heading.default\">\n\t\t\t\t<div class=\"elementor-widget-container\">\n\t\t\t\t\t<h2 class=\"elementor-heading-title elementor-size-default\">Ofrecemos traslados de lujo con chofer privado para empresas\n<\/h2>\t\t\t\t<\/div>\n\t\t\t\t<\/div>\n\t\t\t\t<div class=\"elementor-element elementor-element-557bf60 elementor-widget elementor-widget-text-editor\" data-id=\"557bf60\" data-element_type=\"widget\" data-e-type=\"widget\" data-widget_type=\"text-editor.default\">\n\t\t\t\t<div class=\"elementor-widget-container\">\n\t\t\t\t\t\t\t\t\t<p>Si necesita un veh\u00edculo con\u00a0<b>chofer privado para su empresa<\/b>\u00a0en su viaje a Madrid,\u00a0<b>QualityCarsWorld<\/b>\u00a0tiene una flota de coches de lujo que se ajustar\u00e1 a sus necesidades y preferencias. Ofrecemos un servicio de transporte VIP con\u00a0<b>chofer privado para empresas<\/b>\u00a0gestionamos sus traslados a hoteles, congresos, reuniones y dem\u00e1s eventos de empresa. Nos caracterizamos por ser una empresa de confianza asentada en el sector con a\u00f1os de experiencia.<\/p><p>Podr\u00e1 elegir el tipo de veh\u00edculo con\u00a0<b>chofer privado<\/b>\u00a0de lujo que necesite. Nos adaptamos a las necesidades de cada empresa y profesional. Adem\u00e1s,\u00a0<b>todos nuestros chofers saben hablar diferentes idiomas<\/b>\u00a0para as\u00ed garantizar una comunicaci\u00f3n \u00f3ptima entre nuestros choffers privados y nuestros clientes.<\/p><p>Todos\u00a0<b>nuestros veh\u00edculos est\u00e1n equipados con la mejor tecnolog\u00eda, wifi y acabados<\/b>\u00a0para garantizar la mejor comodidad, seguridad y conectividad a internet.<\/p>\t\t\t\t\t\t\t\t<\/div>\n\t\t\t\t<\/div>\n\t\t\t\t<\/div>\n\t\t\t\t\t<\/div>\n\t\t\t\t<\/div>\n\t\t<div data-particle_enable=\"false\" data-particle-mobile-disabled=\"false\" class=\"elementor-element elementor-element-fa77580 e-flex e-con-boxed e-con e-parent\" data-id=\"fa77580\" data-element_type=\"container\" data-e-type=\"container\">\n\t\t\t\t\t<div class=\"e-con-inner\">\n\t\t<div data-particle_enable=\"false\" data-particle-mobile-disabled=\"false\" class=\"elementor-element elementor-element-22cd39b e-con-full e-flex e-con e-child\" data-id=\"22cd39b\" data-element_type=\"container\" data-e-type=\"container\">\n\t\t\t\t<div class=\"elementor-element elementor-element-6781a17 elementor-widget elementor-widget-image\" data-id=\"6781a17\" data-element_type=\"widget\" data-e-type=\"widget\" data-widget_type=\"image.default\">\n\t\t\t\t<div class=\"elementor-widget-container\">\n\t\t\t\t\t\t\t\t\t\t\t\t\t\t\t<img fetchpriority=\"high\" decoding=\"async\" width=\"890\" height=\"1214\" src=\"https:\/\/qualitycarsworld.com\/wp-content\/uploads\/2023\/12\/Quality-Cars-World-Traslados-VIP.jpeg\" class=\"attachment-full size-full wp-image-1043\" alt=\"Quality Cars World - Traslados VIP\" srcset=\"https:\/\/qualitycarsworld.com\/wp-content\/uploads\/2023\/12\/Quality-Cars-World-Traslados-VIP.jpeg 890w, https:\/\/qualitycarsworld.com\/wp-content\/uploads\/2023\/12\/Quality-Cars-World-Traslados-VIP-220x300.jpeg 220w, https:\/\/qualitycarsworld.com\/wp-content\/uploads\/2023\/12\/Quality-Cars-World-Traslados-VIP-751x1024.jpeg 751w, https:\/\/qualitycarsworld.com\/wp-content\/uploads\/2023\/12\/Quality-Cars-World-Traslados-VIP-768x1048.jpeg 768w\" sizes=\"(max-width: 890px) 100vw, 890px\" \/>\t\t\t\t\t\t\t\t\t\t\t\t\t\t\t<\/div>\n\t\t\t\t<\/div>\n\t\t\t\t<\/div>\n\t\t<div data-particle_enable=\"false\" data-particle-mobile-disabled=\"false\" class=\"elementor-element elementor-element-f6f9dc1 e-con-full e-flex e-con e-child\" data-id=\"f6f9dc1\" data-element_type=\"container\" data-e-type=\"container\">\n\t\t\t\t<div class=\"elementor-element elementor-element-0e685ab elementor-widget elementor-widget-image\" data-id=\"0e685ab\" data-element_type=\"widget\" data-e-type=\"widget\" data-widget_type=\"image.default\">\n\t\t\t\t<div class=\"elementor-widget-container\">\n\t\t\t\t\t\t\t\t\t\t\t\t\t\t\t<img decoding=\"async\" width=\"890\" height=\"578\" src=\"https:\/\/qualitycarsworld.com\/wp-content\/uploads\/2023\/12\/Quality-Cars-World-VIP.jpeg\" class=\"attachment-full size-full wp-image-1044\" alt=\"ch\u00f3fer privado para empresas\" srcset=\"https:\/\/qualitycarsworld.com\/wp-content\/uploads\/2023\/12\/Quality-Cars-World-VIP.jpeg 890w, https:\/\/qualitycarsworld.com\/wp-content\/uploads\/2023\/12\/Quality-Cars-World-VIP-300x195.jpeg 300w, https:\/\/qualitycarsworld.com\/wp-content\/uploads\/2023\/12\/Quality-Cars-World-VIP-768x499.jpeg 768w\" sizes=\"(max-width: 890px) 100vw, 890px\" \/>\t\t\t\t\t\t\t\t\t\t\t\t\t\t\t<\/div>\n\t\t\t\t<\/div>\n\t\t\t\t<\/div>\n\t\t<div data-particle_enable=\"false\" data-particle-mobile-disabled=\"false\" class=\"elementor-element elementor-element-64ca589 e-con-full e-flex e-con e-child\" data-id=\"64ca589\" data-element_type=\"container\" data-e-type=\"container\">\n\t\t\t\t<div class=\"elementor-element elementor-element-f981547 elementor-widget elementor-widget-image\" data-id=\"f981547\" data-element_type=\"widget\" data-e-type=\"widget\" data-widget_type=\"image.default\">\n\t\t\t\t<div class=\"elementor-widget-container\">\n\t\t\t\t\t\t\t\t\t\t\t\t\t\t\t<img decoding=\"async\" width=\"890\" height=\"1214\" src=\"https:\/\/qualitycarsworld.com\/wp-content\/uploads\/2023\/12\/Quality-Cars-Chofer-Aeropuerto-Madrid.jpeg\" class=\"attachment-full size-full wp-image-962\" alt=\"Chofer privado\" srcset=\"https:\/\/qualitycarsworld.com\/wp-content\/uploads\/2023\/12\/Quality-Cars-Chofer-Aeropuerto-Madrid.jpeg 890w, https:\/\/qualitycarsworld.com\/wp-content\/uploads\/2023\/12\/Quality-Cars-Chofer-Aeropuerto-Madrid-220x300.jpeg 220w, https:\/\/qualitycarsworld.com\/wp-content\/uploads\/2023\/12\/Quality-Cars-Chofer-Aeropuerto-Madrid-751x1024.jpeg 751w, https:\/\/qualitycarsworld.com\/wp-content\/uploads\/2023\/12\/Quality-Cars-Chofer-Aeropuerto-Madrid-768x1048.jpeg 768w\" sizes=\"(max-width: 890px) 100vw, 890px\" \/>\t\t\t\t\t\t\t\t\t\t\t\t\t\t\t<\/div>\n\t\t\t\t<\/div>\n\t\t\t\t<\/div>\n\t\t<div data-particle_enable=\"false\" data-particle-mobile-disabled=\"false\" class=\"elementor-element elementor-element-d9c7e93 e-con-full e-flex e-con e-child\" data-id=\"d9c7e93\" data-element_type=\"container\" data-e-type=\"container\">\n\t\t\t\t<div class=\"elementor-element elementor-element-678b298 elementor-widget elementor-widget-image\" data-id=\"678b298\" data-element_type=\"widget\" data-e-type=\"widget\" data-widget_type=\"image.default\">\n\t\t\t\t<div class=\"elementor-widget-container\">\n\t\t\t\t\t\t\t\t\t\t\t\t\t\t\t<img loading=\"lazy\" decoding=\"async\" width=\"890\" height=\"578\" src=\"https:\/\/qualitycarsworld.com\/wp-content\/uploads\/2023\/12\/Quality-Cars-Madrid-Hoteles-5-estrellas.jpeg\" class=\"attachment-large size-large wp-image-1045\" alt=\"traslados de lujo VIP y empresas\" srcset=\"https:\/\/qualitycarsworld.com\/wp-content\/uploads\/2023\/12\/Quality-Cars-Madrid-Hoteles-5-estrellas.jpeg 890w, https:\/\/qualitycarsworld.com\/wp-content\/uploads\/2023\/12\/Quality-Cars-Madrid-Hoteles-5-estrellas-300x195.jpeg 300w, https:\/\/qualitycarsworld.com\/wp-content\/uploads\/2023\/12\/Quality-Cars-Madrid-Hoteles-5-estrellas-768x499.jpeg 768w\" sizes=\"(max-width: 890px) 100vw, 890px\" \/>\t\t\t\t\t\t\t\t\t\t\t\t\t\t\t<\/div>\n\t\t\t\t<\/div>\n\t\t\t\t<\/div>\n\t\t<div data-particle_enable=\"false\" data-particle-mobile-disabled=\"false\" class=\"elementor-element elementor-element-5bb6408 e-con-full e-flex e-con e-child\" data-id=\"5bb6408\" data-element_type=\"container\" data-e-type=\"container\">\n\t\t\t\t<div class=\"elementor-element elementor-element-9e96ea2 elementor-widget elementor-widget-image\" data-id=\"9e96ea2\" data-element_type=\"widget\" data-e-type=\"widget\" data-widget_type=\"image.default\">\n\t\t\t\t<div class=\"elementor-widget-container\">\n\t\t\t\t\t\t\t\t\t\t\t\t\t\t\t<img loading=\"lazy\" decoding=\"async\" width=\"751\" height=\"1024\" src=\"https:\/\/qualitycarsworld.com\/wp-content\/uploads\/2023\/12\/Quality-Cars-Transfers-VIP-751x1024.jpeg\" class=\"attachment-large size-large wp-image-1046\" alt=\"Quality Cars Transfers VIP\" srcset=\"https:\/\/qualitycarsworld.com\/wp-content\/uploads\/2023\/12\/Quality-Cars-Transfers-VIP-751x1024.jpeg 751w, https:\/\/qualitycarsworld.com\/wp-content\/uploads\/2023\/12\/Quality-Cars-Transfers-VIP-220x300.jpeg 220w, https:\/\/qualitycarsworld.com\/wp-content\/uploads\/2023\/12\/Quality-Cars-Transfers-VIP-768x1048.jpeg 768w, https:\/\/qualitycarsworld.com\/wp-content\/uploads\/2023\/12\/Quality-Cars-Transfers-VIP.jpeg 890w\" sizes=\"(max-width: 751px) 100vw, 751px\" \/>\t\t\t\t\t\t\t\t\t\t\t\t\t\t\t<\/div>\n\t\t\t\t<\/div>\n\t\t\t\t<\/div>\n\t\t<div data-particle_enable=\"false\" data-particle-mobile-disabled=\"false\" class=\"elementor-element elementor-element-a982d58 e-con-full e-flex e-con e-child\" data-id=\"a982d58\" data-element_type=\"container\" data-e-type=\"container\">\n\t\t\t\t<div class=\"elementor-element elementor-element-ae2af77 elementor-widget elementor-widget-image\" data-id=\"ae2af77\" data-element_type=\"widget\" data-e-type=\"widget\" data-widget_type=\"image.default\">\n\t\t\t\t<div class=\"elementor-widget-container\">\n\t\t\t\t\t\t\t\t\t\t\t\t\t\t\t<img loading=\"lazy\" decoding=\"async\" width=\"890\" height=\"578\" src=\"https:\/\/qualitycarsworld.com\/wp-content\/uploads\/2023\/12\/Quality-Cars-Madrid-VIP-y-Empresas.jpeg\" class=\"attachment-large size-large wp-image-1047\" alt=\"Quality Cars Madrid - VIP y Empresas\" srcset=\"https:\/\/qualitycarsworld.com\/wp-content\/uploads\/2023\/12\/Quality-Cars-Madrid-VIP-y-Empresas.jpeg 890w, https:\/\/qualitycarsworld.com\/wp-content\/uploads\/2023\/12\/Quality-Cars-Madrid-VIP-y-Empresas-300x195.jpeg 300w, https:\/\/qualitycarsworld.com\/wp-content\/uploads\/2023\/12\/Quality-Cars-Madrid-VIP-y-Empresas-768x499.jpeg 768w\" sizes=\"(max-width: 890px) 100vw, 890px\" \/>\t\t\t\t\t\t\t\t\t\t\t\t\t\t\t<\/div>\n\t\t\t\t<\/div>\n\t\t\t\t<\/div>\n\t\t\t\t\t<\/div>\n\t\t\t\t<\/div>\n\t\t<div data-particle_enable=\"false\" data-particle-mobile-disabled=\"false\" class=\"elementor-element elementor-element-7cbce5a e-flex e-con-boxed e-con e-parent\" data-id=\"7cbce5a\" data-element_type=\"container\" data-e-type=\"container\">\n\t\t\t\t\t<div class=\"e-con-inner\">\n\t\t<div data-particle_enable=\"false\" data-particle-mobile-disabled=\"false\" class=\"elementor-element elementor-element-6f73614 e-con-full e-flex e-con e-child\" data-id=\"6f73614\" data-element_type=\"container\" data-e-type=\"container\">\n\t\t\t\t<div class=\"elementor-element elementor-element-5350f40 elementor-widget__width-initial elementor-widget elementor-widget-heading\" data-id=\"5350f40\" data-element_type=\"widget\" data-e-type=\"widget\" data-widget_type=\"heading.default\">\n\t\t\t\t<div class=\"elementor-widget-container\">\n\t\t\t\t\t<h3 class=\"elementor-heading-title elementor-size-default\">Ch\u00f3fer privado para empresas. Realizamos traslados a Hoteles, Ferias y Eventos<\/h3>\t\t\t\t<\/div>\n\t\t\t\t<\/div>\n\t\t\t\t<div class=\"elementor-element elementor-element-a9714c5 elementor-widget elementor-widget-text-editor\" data-id=\"a9714c5\" data-element_type=\"widget\" data-e-type=\"widget\" data-widget_type=\"text-editor.default\">\n\t\t\t\t<div class=\"elementor-widget-container\">\n\t\t\t\t\t\t\t\t\t<div class=\"wpb_text_column wpb_content_element \"><div class=\"wpb_wrapper\"><p><b>Madrid<\/b>\u00a0es la ciudad de los\u00a0<b>congresos y ferias.<\/b>\u00a0Una ciudad de negocios que visitan miles de personas a lo largo del a\u00f1o. Si es su caso y necesita un\u00a0<b>chofer privado para su empresa\u00a0<\/b>con el objetivo de despreocuparse de sus viajes, en\u00a0<b>QualityCarsWorld<\/b>\u00a0somos especialistas en este sector.<\/p><p>Le llevaremos a las\u00a0<b>ferias y congresos as\u00ed como al hotel donde est\u00e9 hospedado<\/b>. Tanto si llega en tren como si necesita un traslado al aeropuerto. Vaya a donde vaya por Madrid, nuestra flota de veh\u00edculos de lujo con chofer privado estar\u00e1 a su disposici\u00f3n.<\/p><\/div><\/div>\t\t\t\t\t\t\t\t<\/div>\n\t\t\t\t<\/div>\n\t\t\t\t<\/div>\n\t\t\t\t\t<\/div>\n\t\t\t\t<\/div>\n\t\t<div data-particle_enable=\"false\" data-particle-mobile-disabled=\"false\" class=\"elementor-element elementor-element-212c1fc e-con-full e-flex e-con e-parent\" data-id=\"212c1fc\" data-element_type=\"container\" data-e-type=\"container\" data-settings=\"{&quot;background_background&quot;:&quot;classic&quot;}\">\n\t\t\t\t<\/div>\n\t\t<div data-particle_enable=\"false\" data-particle-mobile-disabled=\"false\" class=\"elementor-element elementor-element-72b4ae2 e-flex e-con-boxed e-con e-parent\" data-id=\"72b4ae2\" data-element_type=\"container\" data-e-type=\"container\">\n\t\t\t\t\t<div class=\"e-con-inner\">\n\t\t<div data-particle_enable=\"false\" data-particle-mobile-disabled=\"false\" class=\"elementor-element elementor-element-472b9c7 e-con-full e-flex e-con e-child\" data-id=\"472b9c7\" data-element_type=\"container\" data-e-type=\"container\">\n\t\t\t\t<div class=\"elementor-element elementor-element-4469c8e elementor-widget elementor-widget-heading\" data-id=\"4469c8e\" data-element_type=\"widget\" data-e-type=\"widget\" data-widget_type=\"heading.default\">\n\t\t\t\t<div class=\"elementor-widget-container\">\n\t\t\t\t\t<h4 class=\"elementor-heading-title elementor-size-default\">Chofer Privado en Madrid para todo tipo de eventos<\/h4>\t\t\t\t<\/div>\n\t\t\t\t<\/div>\n\t\t\t\t<div class=\"elementor-element elementor-element-a1b9b14 elementor-widget elementor-widget-text-editor\" data-id=\"a1b9b14\" data-element_type=\"widget\" data-e-type=\"widget\" data-widget_type=\"text-editor.default\">\n\t\t\t\t<div class=\"elementor-widget-container\">\n\t\t\t\t\t\t\t\t\t<div class=\"wpb_text_column wpb_content_element \"><div class=\"wpb_wrapper\"><p>En\u00a0<b>QualityCarsWorld<\/b>\u00a0nos enorgullecemos de ofrecerle no solo un medio de transporte, sino una experiencia completa de\u00a0<b>lujo y comodidad en sus desplazamientos por Madrid.<\/b>\u00a0Contamos con una\u00a0<b>flota de coches de lujo y los mejores choferes privados para empresas en Madrid<\/b>, lo que garantiza que su viaje sea una experiencia excepcional.<\/p><p>Ya sea que est\u00e9 asistiendo a eventos deportivos llenos de acci\u00f3n o disfrutando de las riquezas culturales de la ciudad,<b>\u00a0nuestro servicio Premium<\/b>\u00a0est\u00e1 dise\u00f1ado para brindarle\u00a0<b>lo mejor en transporte y comodidad<\/b>.<\/p><p>Rel\u00e1jese en uno de\u00a0<b>nuestros coches de lujo<\/b>\u00a0mientras nuestros\u00a0<b>choferes privados para empresas en Madrid<\/b>\u00a0se encargan de su traslado, asegurando que llegue a su destino puntualmente y sin preocupaciones. Adem\u00e1s, ofrecemos servicios adicionales para hacer su experiencia a\u00fan m\u00e1s especial.<\/p><p>\u00bfLe gustar\u00eda disfrutar de una copa de cava durante su viaje? \u00bfO tal vez dar un paseo relajante por el centro de la ciudad antes o despu\u00e9s de su evento?\u00a0<b>QualityCarsWorld<\/b>, est\u00e1 para satisfacer sus deseos y necesidades. Nuestros\u00a0<b>choferes privados para empresas en Madrid<\/b>\u00a0est\u00e1n comprometidos en brindarle un servicio personalizado que se adapte a sus preferencias, para que pueda disfrutar al m\u00e1ximo de su tiempo en Madrid. As\u00ed que, la pr\u00f3xima vez que necesite un transporte de calidad para sus actividades en la ciudad, no dude en alquilar un coche privado con conductor con\u00a0<b>QualityCarsWorld<\/b>.<\/p><p><b>Le garantizamos una experiencia de transporte de lujo que superar\u00e1 sus expectativas,\u00a0<\/b>gracias a\u00a0<b>los mejores choferes privados para empresas en Madrid<\/b>\u00a0que trabajan para hacer que su viaje sea verdaderamente c\u00f3modo y f\u00e1cil.<\/p><\/div><\/div>\t\t\t\t\t\t\t\t<\/div>\n\t\t\t\t<\/div>\n\t\t\t\t<\/div>\n\t\t\t\t\t<\/div>\n\t\t\t\t<\/div>\n\t\t<div data-particle_enable=\"false\" data-particle-mobile-disabled=\"false\" class=\"elementor-element elementor-element-94a715f e-con-full e-flex e-con e-parent\" data-id=\"94a715f\" data-element_type=\"container\" data-e-type=\"container\" data-settings=\"{&quot;background_background&quot;:&quot;classic&quot;}\">\n\t\t\t\t<\/div>\n\t\t\t\t<\/div>\n\t\t","protected":false},"excerpt":{"rendered":"<p>Traslados VIP y Empresas Ofrecemos traslados de lujo con chofer privado para empresas Si necesita un veh\u00edculo con\u00a0chofer privado para su empresa\u00a0en su viaje a Madrid,\u00a0QualityCarsWorld\u00a0tiene una flota de coches de lujo que se ajustar\u00e1 a sus necesidades y preferencias. Ofrecemos un servicio de transporte VIP con\u00a0chofer privado para empresas\u00a0gestionamos sus traslados a hoteles, congresos, &#8230; <a title=\"Traslados VIP y Empresas\" class=\"read-more\" href=\"https:\/\/qualitycarsworld.com\/es\/transporte-privado-vip-madrid\/\" aria-label=\"Leer m\u00e1s sobre Traslados VIP y Empresas\">Leer m\u00e1s<\/a><\/p>\n","protected":false},"author":2,"featured_media":0,"parent":0,"menu_order":0,"comment_status":"closed","ping_status":"closed","template":"elementor_header_footer","meta":{"_eb_attr":"","footnotes":""},"class_list":["post-1033","page","type-page","status-publish"],"_links":{"self":[{"href":"https:\/\/qualitycarsworld.com\/es\/wp-json\/wp\/v2\/pages\/1033","targetHints":{"allow":["GET"]}}],"collection":[{"href":"https:\/\/qualitycarsworld.com\/es\/wp-json\/wp\/v2\/pages"}],"about":[{"href":"https:\/\/qualitycarsworld.com\/es\/wp-json\/wp\/v2\/types\/page"}],"author":[{"embeddable":true,"href":"https:\/\/qualitycarsworld.com\/es\/wp-json\/wp\/v2\/users\/2"}],"replies":[{"embeddable":true,"href":"https:\/\/qualitycarsworld.com\/es\/wp-json\/wp\/v2\/comments?post=1033"}],"version-history":[{"count":10,"href":"https:\/\/qualitycarsworld.com\/es\/wp-json\/wp\/v2\/pages\/1033\/revisions"}],"predecessor-version":[{"id":4434,"href":"https:\/\/qualitycarsworld.com\/es\/wp-json\/wp\/v2\/pages\/1033\/revisions\/4434"}],"wp:attachment":[{"href":"https:\/\/qualitycarsworld.com\/es\/wp-json\/wp\/v2\/media?parent=1033"}],"curies":[{"name":"wp","href":"https:\/\/api.w.org\/{rel}","templated":true}]}}