{"id":2461,"date":"2023-12-21T17:05:35","date_gmt":"2023-12-21T16:05:35","guid":{"rendered":"https:\/\/zealous-lalande.46-231-5-225.plesk.page\/tours\/"},"modified":"2025-04-14T19:11:55","modified_gmt":"2025-04-14T17:11:55","slug":"private-tours-in-madrid","status":"publish","type":"page","link":"https:\/\/qualitycarsworld.com\/en\/private-tours-in-madrid\/","title":{"rendered":"Private tours of Madrid"},"content":{"rendered":"\t\t<div data-elementor-type=\"wp-page\" data-elementor-id=\"2461\" class=\"elementor elementor-2461 elementor-1747\" data-elementor-post-type=\"page\">\n\t\t\t\t<div data-particle_enable=\"false\" data-particle-mobile-disabled=\"false\" class=\"elementor-element elementor-element-47be9f2 e-con-full e-flex e-con e-parent\" data-id=\"47be9f2\" data-element_type=\"container\" data-e-type=\"container\" data-settings=\"{&quot;background_background&quot;:&quot;classic&quot;}\">\n\t\t\t\t<div class=\"elementor-element elementor-element-2cd2c0f elementor-widget elementor-widget-heading\" data-id=\"2cd2c0f\" data-element_type=\"widget\" data-e-type=\"widget\" data-widget_type=\"heading.default\">\n\t\t\t\t<div class=\"elementor-widget-container\">\n\t\t\t\t\t<h1 class=\"elementor-heading-title elementor-size-default\">Private tours and excursions<\/h1>\t\t\t\t<\/div>\n\t\t\t\t<\/div>\n\t\t\t\t<\/div>\n\t\t<div data-particle_enable=\"false\" data-particle-mobile-disabled=\"false\" class=\"elementor-element elementor-element-5056474 e-con-full e-flex e-con e-parent\" data-id=\"5056474\" data-element_type=\"container\" data-e-type=\"container\">\n\t\t<div data-particle_enable=\"false\" data-particle-mobile-disabled=\"false\" class=\"elementor-element elementor-element-99296ce e-con-full e-flex e-con e-child\" data-id=\"99296ce\" data-element_type=\"container\" data-e-type=\"container\">\n\t\t\t\t<div class=\"elementor-element elementor-element-0739d3c elementor-arrows-position-inside elementor-widget elementor-widget-image-carousel\" data-id=\"0739d3c\" data-element_type=\"widget\" data-e-type=\"widget\" data-settings=\"{&quot;slides_to_show&quot;:&quot;1&quot;,&quot;navigation&quot;:&quot;arrows&quot;,&quot;speed&quot;:900,&quot;autoplay&quot;:&quot;yes&quot;,&quot;pause_on_hover&quot;:&quot;yes&quot;,&quot;pause_on_interaction&quot;:&quot;yes&quot;,&quot;autoplay_speed&quot;:5000,&quot;infinite&quot;:&quot;yes&quot;,&quot;effect&quot;:&quot;slide&quot;}\" data-widget_type=\"image-carousel.default\">\n\t\t\t\t<div class=\"elementor-widget-container\">\n\t\t\t\t\t\t\t<div class=\"elementor-image-carousel-wrapper swiper\" role=\"region\" aria-roledescription=\"carousel\" aria-label=\"Image Carousel\" dir=\"ltr\">\n\t\t\t<div class=\"elementor-image-carousel swiper-wrapper swiper-image-stretch\" aria-live=\"off\">\n\t\t\t\t\t\t\t\t<div class=\"swiper-slide\" role=\"group\" aria-roledescription=\"slide\" aria-label=\"1 of 6\"><figure class=\"swiper-slide-inner\"><img decoding=\"async\" class=\"swiper-slide-image\" src=\"https:\/\/qualitycarsworld.com\/wp-content\/uploads\/2023\/12\/5-1.jpg\" alt=\"retiro\" \/><\/figure><\/div><div class=\"swiper-slide\" role=\"group\" aria-roledescription=\"slide\" aria-label=\"2 of 6\"><figure class=\"swiper-slide-inner\"><img decoding=\"async\" class=\"swiper-slide-image\" src=\"https:\/\/qualitycarsworld.com\/wp-content\/uploads\/2023\/12\/1-3.jpg\" alt=\"Tour por Madrid privado de lujo\" \/><\/figure><\/div><div class=\"swiper-slide\" role=\"group\" aria-roledescription=\"slide\" aria-label=\"3 of 6\"><figure class=\"swiper-slide-inner\"><img decoding=\"async\" class=\"swiper-slide-image\" src=\"https:\/\/qualitycarsworld.com\/wp-content\/uploads\/2023\/12\/2-1.jpg\" alt=\"Madrid Tours Privados con chofer\" \/><\/figure><\/div><div class=\"swiper-slide\" role=\"group\" aria-roledescription=\"slide\" aria-label=\"4 of 6\"><figure class=\"swiper-slide-inner\"><img decoding=\"async\" class=\"swiper-slide-image\" src=\"https:\/\/qualitycarsworld.com\/wp-content\/uploads\/2023\/12\/3-1.jpg\" alt=\"gran via\" \/><\/figure><\/div><div class=\"swiper-slide\" role=\"group\" aria-roledescription=\"slide\" aria-label=\"5 of 6\"><figure class=\"swiper-slide-inner\"><img decoding=\"async\" class=\"swiper-slide-image\" src=\"https:\/\/qualitycarsworld.com\/wp-content\/uploads\/2023\/12\/4.jpg\" alt=\"4\" \/><\/figure><\/div><div class=\"swiper-slide\" role=\"group\" aria-roledescription=\"slide\" aria-label=\"6 of 6\"><figure class=\"swiper-slide-inner\"><img decoding=\"async\" class=\"swiper-slide-image\" src=\"https:\/\/qualitycarsworld.com\/wp-content\/uploads\/2023\/12\/5-1.jpg\" alt=\"retiro\" \/><\/figure><\/div>\t\t\t<\/div>\n\t\t\t\t\t\t\t\t\t\t\t\t<div class=\"elementor-swiper-button elementor-swiper-button-prev\" role=\"button\" tabindex=\"0\">\n\t\t\t\t\t\t<svg aria-hidden=\"true\" class=\"e-font-icon-svg e-eicon-chevron-left\" viewBox=\"0 0 1000 1000\" xmlns=\"http:\/\/www.w3.org\/2000\/svg\"><path d=\"M646 125C629 125 613 133 604 142L308 442C296 454 292 471 292 487 292 504 296 521 308 533L604 854C617 867 629 875 646 875 663 875 679 871 692 858 704 846 713 829 713 812 713 796 708 779 692 767L438 487 692 225C700 217 708 204 708 187 708 171 704 154 692 142 675 129 663 125 646 125Z\"><\/path><\/svg>\t\t\t\t\t<\/div>\n\t\t\t\t\t<div class=\"elementor-swiper-button elementor-swiper-button-next\" role=\"button\" tabindex=\"0\">\n\t\t\t\t\t\t<svg aria-hidden=\"true\" class=\"e-font-icon-svg e-eicon-chevron-right\" viewBox=\"0 0 1000 1000\" xmlns=\"http:\/\/www.w3.org\/2000\/svg\"><path d=\"M696 533C708 521 713 504 713 487 713 471 708 454 696 446L400 146C388 133 375 125 354 125 338 125 325 129 313 142 300 154 292 171 292 187 292 204 296 221 308 233L563 492 304 771C292 783 288 800 288 817 288 833 296 850 308 863 321 871 338 875 354 875 371 875 388 867 400 854L696 533Z\"><\/path><\/svg>\t\t\t\t\t<\/div>\n\t\t\t\t\n\t\t\t\t\t\t\t\t\t<\/div>\n\t\t\t\t\t\t<\/div>\n\t\t\t\t<\/div>\n\t\t\t\t<\/div>\n\t\t<div data-particle_enable=\"false\" data-particle-mobile-disabled=\"false\" class=\"elementor-element elementor-element-3354ff9 e-con-full e-flex e-con e-child\" data-id=\"3354ff9\" data-element_type=\"container\" data-e-type=\"container\">\n\t\t\t\t<div class=\"elementor-element elementor-element-6dd926d elementor-widget elementor-widget-heading\" data-id=\"6dd926d\" data-element_type=\"widget\" data-e-type=\"widget\" data-widget_type=\"heading.default\">\n\t\t\t\t<div class=\"elementor-widget-container\">\n\t\t\t\t\t<h2 class=\"elementor-heading-title elementor-size-default\">Private tours of Madrid<\/h2>\t\t\t\t<\/div>\n\t\t\t\t<\/div>\n\t\t\t\t<div class=\"elementor-element elementor-element-75e80a9 elementor-widget elementor-widget-text-editor\" data-id=\"75e80a9\" data-element_type=\"widget\" data-e-type=\"widget\" data-widget_type=\"text-editor.default\">\n\t\t\t\t<div class=\"elementor-widget-container\">\n\t\t\t\t\t\t\t\t\t<p>Are you coming to Madrid for tourism? At QualityCarsWorld we offer you a <b>4-hour city tour<\/b>. In it, we will focus on showing you the main places in the capital of Spain.<\/p><p>For this purpose, we will pick you up at your hotel, at Barajas Airport, or at the train station you specify. You will have the possibility to choose the <a href=\"https:\/\/qualitycarsworld.com\/en\/\">private chauffeur-driven vehicle<\/a> for families or businesses that you desire. As we have a fleet of over a hundred <b>high-end vehicles<\/b>.<\/p><p>The proposed tour will take you through the <b>main sights of Madrid<\/b>, offering a panoramic view of the city. We will stop at the most representative spaces and monuments. Among them, the Puerta de Alcal\u00e1, Serrano, Col\u00f3n, Bernab\u00e9u Stadium, the Towers, Temple of Debod, Royal Palace, Plaza Mayor, Atocha, and Paseo del Prado. Our private driver will offer you, in broad strokes, the opportunity to learn interesting facts about the city. As well as details about some of the monuments, frequently stopping for photo opportunities<\/p><p>We also offer the option to additionally hire our <b>tourist guide services<\/b>. With this service, a professional guide will provide you with all the details of the places you&#8217;ll be visiting. And if you want to capture the moment, we offer the option to hire our <b>personal photographer services<\/b>. And if you want to taste traditional gastronomy, we&#8217;ll advise you on restaurants you can visit.<\/p>\t\t\t\t\t\t\t\t<\/div>\n\t\t\t\t<\/div>\n\t\t\t\t<\/div>\n\t\t\t\t<\/div>\n\t\t<div data-particle_enable=\"false\" data-particle-mobile-disabled=\"false\" class=\"elementor-element elementor-element-de08358 e-con-full e-flex e-con e-parent\" data-id=\"de08358\" data-element_type=\"container\" data-e-type=\"container\">\n\t\t<div data-particle_enable=\"false\" data-particle-mobile-disabled=\"false\" class=\"elementor-element elementor-element-4c693e2 e-con-full e-flex e-con e-child\" data-id=\"4c693e2\" data-element_type=\"container\" data-e-type=\"container\">\n\t\t\t\t<div class=\"elementor-element elementor-element-8e1d73a elementor-widget elementor-widget-heading\" data-id=\"8e1d73a\" data-element_type=\"widget\" data-e-type=\"widget\" data-widget_type=\"heading.default\">\n\t\t\t\t<div class=\"elementor-widget-container\">\n\t\t\t\t\t<h3 class=\"elementor-heading-title elementor-size-default\">Tour Madrid Shopping<\/h3>\t\t\t\t<\/div>\n\t\t\t\t<\/div>\n\t\t\t\t<div class=\"elementor-element elementor-element-f79cfe2 elementor-widget elementor-widget-text-editor\" data-id=\"f79cfe2\" data-element_type=\"widget\" data-e-type=\"widget\" data-widget_type=\"text-editor.default\">\n\t\t\t\t<div class=\"elementor-widget-container\">\n\t\t\t\t\t\t\t\t\t<p>Would you like to go shopping in Madrid? QualityCarsWorld offers you the opportunity to experience a <b>Madrid Shopping Tour<\/b> with every luxury and detail. You can choose the day to enjoy this tour and the vehicle you want to pick you up from your hotel or residence. You won&#8217;t have to worry about anything. You&#8217;ll just have to enjoy your shopping at <b>Serrano Street, El Corte Ingl\u00e9s, or the Golden Mile<\/b> between the Castellana and Recoletos neighborhoods. Or, if you wish, we can take you to Las Rozas Village<\/p><p>Our professional drivers will ensure your journey is comfortable. And they will try to avoid the annoying traffic jams in the city. During your shopping trip, you can enjoy a high-end car with the finest finishes and amenities. Among them, WiFi-equipped cars And for <b>VIP clients<\/b>, we offer a Premium service that includes a glass of cava or champagne. Enjoy your shopping around the city and relax in the vehicle of your choice.<\/p>\t\t\t\t\t\t\t\t<\/div>\n\t\t\t\t<\/div>\n\t\t\t\t<\/div>\n\t\t<div data-particle_enable=\"false\" data-particle-mobile-disabled=\"false\" class=\"elementor-element elementor-element-d428b54 e-con-full e-flex e-con e-child\" data-id=\"d428b54\" data-element_type=\"container\" data-e-type=\"container\">\n\t\t\t\t<div class=\"elementor-element elementor-element-21f0ca5 elementor-widget elementor-widget-image\" data-id=\"21f0ca5\" data-element_type=\"widget\" data-e-type=\"widget\" data-widget_type=\"image.default\">\n\t\t\t\t<div class=\"elementor-widget-container\">\n\t\t\t\t\t\t\t\t\t\t\t\t\t\t\t<img fetchpriority=\"high\" decoding=\"async\" width=\"1024\" height=\"1024\" src=\"https:\/\/qualitycarsworld.com\/wp-content\/uploads\/2023\/12\/quality-cars-shopping-1024x1024.jpeg\" class=\"attachment-large size-large wp-image-2411\" alt=\"Tour privado por madrid shopping\" srcset=\"https:\/\/qualitycarsworld.com\/wp-content\/uploads\/2023\/12\/quality-cars-shopping-1024x1024.jpeg 1024w, https:\/\/qualitycarsworld.com\/wp-content\/uploads\/2023\/12\/quality-cars-shopping-300x300.jpeg 300w, https:\/\/qualitycarsworld.com\/wp-content\/uploads\/2023\/12\/quality-cars-shopping-150x150.jpeg 150w, https:\/\/qualitycarsworld.com\/wp-content\/uploads\/2023\/12\/quality-cars-shopping-768x768.jpeg 768w, https:\/\/qualitycarsworld.com\/wp-content\/uploads\/2023\/12\/quality-cars-shopping.jpeg 1200w\" sizes=\"(max-width: 1024px) 100vw, 1024px\" \/>\t\t\t\t\t\t\t\t\t\t\t\t\t\t\t<\/div>\n\t\t\t\t<\/div>\n\t\t\t\t<\/div>\n\t\t\t\t<\/div>\n\t\t<div data-particle_enable=\"false\" data-particle-mobile-disabled=\"false\" class=\"elementor-element elementor-element-84a1da7 e-con-full e-flex e-con e-parent\" data-id=\"84a1da7\" data-element_type=\"container\" data-e-type=\"container\">\n\t\t<div data-particle_enable=\"false\" data-particle-mobile-disabled=\"false\" class=\"elementor-element elementor-element-d4e0374 e-con-full e-flex e-con e-child\" data-id=\"d4e0374\" data-element_type=\"container\" data-e-type=\"container\">\n\t\t\t\t<div class=\"elementor-element elementor-element-2bff15c elementor-widget elementor-widget-video\" data-id=\"2bff15c\" data-element_type=\"widget\" data-e-type=\"widget\" data-settings=\"{&quot;video_type&quot;:&quot;hosted&quot;,&quot;controls&quot;:&quot;yes&quot;}\" data-widget_type=\"video.default\">\n\t\t\t\t<div class=\"elementor-widget-container\">\n\t\t\t\t\t\t\t<div class=\"e-hosted-video elementor-wrapper elementor-open-inline\">\n\t\t\t\t\t<video class=\"elementor-video\" src=\"https:\/\/qualitycarsworld.com\/wp-content\/uploads\/2023\/12\/toledo.mp4\" controls=\"\" preload=\"metadata\" controlsList=\"nodownload\" poster=\"https:\/\/qualitycarsworld.com\/wp-content\/uploads\/2023\/12\/Excusion-toledo-quality-cars.jpeg\"><\/video>\n\t\t\t\t<\/div>\n\t\t\t\t\t\t<\/div>\n\t\t\t\t<\/div>\n\t\t\t\t<\/div>\n\t\t<div data-particle_enable=\"false\" data-particle-mobile-disabled=\"false\" class=\"elementor-element elementor-element-9375529 e-con-full e-flex e-con e-child\" data-id=\"9375529\" data-element_type=\"container\" data-e-type=\"container\">\n\t\t\t\t<div class=\"elementor-element elementor-element-68e9cfe elementor-widget elementor-widget-heading\" data-id=\"68e9cfe\" data-element_type=\"widget\" data-e-type=\"widget\" data-widget_type=\"heading.default\">\n\t\t\t\t<div class=\"elementor-widget-container\">\n\t\t\t\t\t<h3 class=\"elementor-heading-title elementor-size-default\">Trip to Toledo<\/h3>\t\t\t\t<\/div>\n\t\t\t\t<\/div>\n\t\t\t\t<div class=\"elementor-element elementor-element-7ce2a90 elementor-widget elementor-widget-text-editor\" data-id=\"7ce2a90\" data-element_type=\"widget\" data-e-type=\"widget\" data-widget_type=\"text-editor.default\">\n\t\t\t\t<div class=\"elementor-widget-container\">\n\t\t\t\t\t\t\t\t\t<p>If you&#8217;re interested in not only exploring Madrid in a private vehicle with a chauffeur but also visiting Toledo, with QualityCarsWorld, it&#8217;s possible. We offer an <b>excursion service to Toledo<\/b>. It&#8217;s a city very close to the capital that&#8217;s full of impressive monuments and culture.<\/p><p>With its impressive historic center, Toledo is the cradle of civilizations Its cathedral stands out, as well as the panoramic views from the Tajo River and its Alc\u00e1zar, among other attractions. Its proximity to the <b>Puy du Fou<\/b> theme park. The Jewish quarter with the Zocodover square and the Santa Mar\u00eda la Blanca Synagogue are waiting for you. Also, you can choose the type of vehicle you want for your excursion. Also available for groups. And with the option to <b>hire a professional tour guide<\/b> who will explain all the details of the monuments you&#8217;ll be visiting.<\/p><p>As a finishing touch, we suggest dining at one of the <b>city&#8217;s finest restaurants<\/b>. Where the famous suckling pig will be the star of the menu. This trip has a duration of 8 hours, including the round trip in a private vehicle. <\/p>\t\t\t\t\t\t\t\t<\/div>\n\t\t\t\t<\/div>\n\t\t\t\t<\/div>\n\t\t\t\t<\/div>\n\t\t<div data-particle_enable=\"false\" data-particle-mobile-disabled=\"false\" class=\"elementor-element elementor-element-48191be e-con-full e-flex e-con e-parent\" data-id=\"48191be\" data-element_type=\"container\" data-e-type=\"container\">\n\t\t<div data-particle_enable=\"false\" data-particle-mobile-disabled=\"false\" class=\"elementor-element elementor-element-e0fe4c5 e-con-full e-flex e-con e-child\" data-id=\"e0fe4c5\" data-element_type=\"container\" data-e-type=\"container\">\n\t\t\t\t<div class=\"elementor-element elementor-element-1b868d6 elementor-widget elementor-widget-heading\" data-id=\"1b868d6\" data-element_type=\"widget\" data-e-type=\"widget\" data-widget_type=\"heading.default\">\n\t\t\t\t<div class=\"elementor-widget-container\">\n\t\t\t\t\t<h3 class=\"elementor-heading-title elementor-size-default\">Trip to Segovia\n<\/h3>\t\t\t\t<\/div>\n\t\t\t\t<\/div>\n\t\t\t\t<div class=\"elementor-element elementor-element-695a772 elementor-widget elementor-widget-text-editor\" data-id=\"695a772\" data-element_type=\"widget\" data-e-type=\"widget\" data-widget_type=\"text-editor.default\">\n\t\t\t\t<div class=\"elementor-widget-container\">\n\t\t\t\t\t\t\t\t\t<p>Segovia is another impressive city that can be visited near Madrid. Therefore, QualityCarsWorld also offers its clients the opportunity to explore it. Just like in our other tours, in this Segovia tour, you&#8217;ll have access to a <b>high-end private vehicle<\/b> with a dedicated chauffeur.<\/p><p>The trip to this city will focus on its main monuments. The idea is to provide a complete overview of the city, as well as to visit its main landmarks. The aqueduct, the cathedral, its beautiful and intricate streets&#8230; With the option to hire our professional <b>tourist guide service<\/b>, who will be responsible for showing in detail the places visited.<\/p><p>It&#8217;s a city with a lot of cultural and gastronomic richness. Your private driver will advise you on the best restaurants to taste quality Segovian cuisine.<\/p><p>Our professional drivers will ensure your journey is comfortable. And they will try to avoid the annoying traffic jams in the city. During your shopping trip, you can enjoy a high-end car with the finest finishes and amenities. Among them, WiFi-equipped cars And for <b>VIP clients<\/b>, we offer a Premium service that includes a glass of cava or champagne. Enjoy your shopping around the city and relax in the vehicle of your choice.<\/p>\t\t\t\t\t\t\t\t<\/div>\n\t\t\t\t<\/div>\n\t\t\t\t<\/div>\n\t\t<div data-particle_enable=\"false\" data-particle-mobile-disabled=\"false\" class=\"elementor-element elementor-element-d139454 e-con-full e-flex e-con e-child\" data-id=\"d139454\" data-element_type=\"container\" data-e-type=\"container\">\n\t\t\t\t<div class=\"elementor-element elementor-element-33c7945 elementor-widget elementor-widget-video\" data-id=\"33c7945\" data-element_type=\"widget\" data-e-type=\"widget\" data-settings=\"{&quot;video_type&quot;:&quot;hosted&quot;,&quot;controls&quot;:&quot;yes&quot;}\" data-widget_type=\"video.default\">\n\t\t\t\t<div class=\"elementor-widget-container\">\n\t\t\t\t\t\t\t<div class=\"e-hosted-video elementor-wrapper elementor-open-inline\">\n\t\t\t\t\t<video class=\"elementor-video\" src=\"https:\/\/qualitycarsworld.com\/wp-content\/uploads\/2023\/12\/segovia.mp4\" controls=\"\" preload=\"metadata\" controlsList=\"nodownload\" poster=\"https:\/\/qualitycarsworld.com\/wp-content\/uploads\/2023\/12\/segovia.jpeg\"><\/video>\n\t\t\t\t<\/div>\n\t\t\t\t\t\t<\/div>\n\t\t\t\t<\/div>\n\t\t\t\t<\/div>\n\t\t\t\t<\/div>\n\t\t\t\t<\/div>\n\t\t","protected":false},"excerpt":{"rendered":"<p>Private tours and excursions Private tours of Madrid Are you coming to Madrid for tourism? At QualityCarsWorld we offer you a 4-hour city tour. In it, we will focus on showing you the main places in the capital of Spain. For this purpose, we will pick you up at your hotel, at Barajas Airport, or &#8230; <a title=\"Private tours of Madrid\" class=\"read-more\" href=\"https:\/\/qualitycarsworld.com\/en\/private-tours-in-madrid\/\" aria-label=\"Read more about Private tours of Madrid\">Read more<\/a><\/p>\n","protected":false},"author":2,"featured_media":0,"parent":0,"menu_order":0,"comment_status":"closed","ping_status":"closed","template":"elementor_header_footer","meta":{"_eb_attr":"","footnotes":""},"class_list":["post-2461","page","type-page","status-publish"],"_links":{"self":[{"href":"https:\/\/qualitycarsworld.com\/en\/wp-json\/wp\/v2\/pages\/2461","targetHints":{"allow":["GET"]}}],"collection":[{"href":"https:\/\/qualitycarsworld.com\/en\/wp-json\/wp\/v2\/pages"}],"about":[{"href":"https:\/\/qualitycarsworld.com\/en\/wp-json\/wp\/v2\/types\/page"}],"author":[{"embeddable":true,"href":"https:\/\/qualitycarsworld.com\/en\/wp-json\/wp\/v2\/users\/2"}],"replies":[{"embeddable":true,"href":"https:\/\/qualitycarsworld.com\/en\/wp-json\/wp\/v2\/comments?post=2461"}],"version-history":[{"count":25,"href":"https:\/\/qualitycarsworld.com\/en\/wp-json\/wp\/v2\/pages\/2461\/revisions"}],"predecessor-version":[{"id":4415,"href":"https:\/\/qualitycarsworld.com\/en\/wp-json\/wp\/v2\/pages\/2461\/revisions\/4415"}],"wp:attachment":[{"href":"https:\/\/qualitycarsworld.com\/en\/wp-json\/wp\/v2\/media?parent=2461"}],"curies":[{"name":"wp","href":"https:\/\/api.w.org\/{rel}","templated":true}]}}