{"id":2452,"date":"2023-12-14T13:17:44","date_gmt":"2023-12-14T12:17:44","guid":{"rendered":"https:\/\/zealous-lalande.46-231-5-225.plesk.page\/rates\/"},"modified":"2025-01-21T19:00:59","modified_gmt":"2025-01-21T18:00:59","slug":"rates","status":"publish","type":"page","link":"https:\/\/qualitycarsworld.com\/en\/rates\/","title":{"rendered":"Rates"},"content":{"rendered":"\t\t<div data-elementor-type=\"wp-page\" data-elementor-id=\"2452\" class=\"elementor elementor-2452 elementor-591\" data-elementor-post-type=\"page\">\n\t\t\t\t<div data-particle_enable=\"false\" data-particle-mobile-disabled=\"false\" class=\"elementor-element elementor-element-c06cb17 e-con-full e-flex e-con e-parent\" data-id=\"c06cb17\" data-element_type=\"container\" data-e-type=\"container\" data-settings=\"{&quot;background_background&quot;:&quot;classic&quot;}\">\n\t\t\t\t<div class=\"elementor-element elementor-element-31697fd elementor-widget elementor-widget-heading\" data-id=\"31697fd\" data-element_type=\"widget\" data-e-type=\"widget\" data-widget_type=\"heading.default\">\n\t\t\t\t<div class=\"elementor-widget-container\">\n\t\t\t\t\t<h1 class=\"elementor-heading-title elementor-size-default\">Request your rate or make a reservation<\/h1>\t\t\t\t<\/div>\n\t\t\t\t<\/div>\n\t\t\t\t<\/div>\n\t\t<div data-particle_enable=\"false\" data-particle-mobile-disabled=\"false\" class=\"elementor-element elementor-element-da5745e e-con-full e-flex e-con e-parent\" data-id=\"da5745e\" data-element_type=\"container\" data-e-type=\"container\" data-settings=\"{&quot;background_background&quot;:&quot;classic&quot;}\">\n\t\t<div data-particle_enable=\"false\" data-particle-mobile-disabled=\"false\" class=\"elementor-element elementor-element-2e1694c e-flex e-con-boxed e-con e-child\" data-id=\"2e1694c\" data-element_type=\"container\" data-e-type=\"container\">\n\t\t\t\t\t<div class=\"e-con-inner\">\n\t\t\t\t<div class=\"elementor-element elementor-element-8a2c59f eael-gravity-form-button-custom elementor-widget elementor-widget-eael-gravity-form\" data-id=\"8a2c59f\" data-element_type=\"widget\" data-e-type=\"widget\" data-widget_type=\"eael-gravity-form.default\">\n\t\t\t\t<div class=\"elementor-widget-container\">\n\t\t\t\t\t\t\t\t<div class=\"eael-contact-form eael-gravity-form title-description-hide eael-contact-form-align-default\">\n\t\t        \t\t\t\t\t<div class=\"eael-gravity-form-heading\">\n\t\t\t\t        \t\t\t\t        \t\t\t\t\t<\/div>\n\t\t        <script>\nvar gform;gform||(document.addEventListener(\"gform_main_scripts_loaded\",function(){gform.scriptsLoaded=!0}),document.addEventListener(\"gform\/theme\/scripts_loaded\",function(){gform.themeScriptsLoaded=!0}),window.addEventListener(\"DOMContentLoaded\",function(){gform.domLoaded=!0}),gform={domLoaded:!1,scriptsLoaded:!1,themeScriptsLoaded:!1,isFormEditor:()=>\"function\"==typeof InitializeEditor,callIfLoaded:function(o){return!(!gform.domLoaded||!gform.scriptsLoaded||!gform.themeScriptsLoaded&&!gform.isFormEditor()||(gform.isFormEditor()&&console.warn(\"The use of gform.initializeOnLoaded() is deprecated in the form editor context and will be removed in Gravity Forms 3.1.\"),o(),0))},initializeOnLoaded:function(o){gform.callIfLoaded(o)||(document.addEventListener(\"gform_main_scripts_loaded\",()=>{gform.scriptsLoaded=!0,gform.callIfLoaded(o)}),document.addEventListener(\"gform\/theme\/scripts_loaded\",()=>{gform.themeScriptsLoaded=!0,gform.callIfLoaded(o)}),window.addEventListener(\"DOMContentLoaded\",()=>{gform.domLoaded=!0,gform.callIfLoaded(o)}))},hooks:{action:{},filter:{}},addAction:function(o,r,e,t){gform.addHook(\"action\",o,r,e,t)},addFilter:function(o,r,e,t){gform.addHook(\"filter\",o,r,e,t)},doAction:function(o){gform.doHook(\"action\",o,arguments)},applyFilters:function(o){return gform.doHook(\"filter\",o,arguments)},removeAction:function(o,r){gform.removeHook(\"action\",o,r)},removeFilter:function(o,r,e){gform.removeHook(\"filter\",o,r,e)},addHook:function(o,r,e,t,n){null==gform.hooks[o][r]&&(gform.hooks[o][r]=[]);var d=gform.hooks[o][r];null==n&&(n=r+\"_\"+d.length),gform.hooks[o][r].push({tag:n,callable:e,priority:t=null==t?10:t})},doHook:function(r,o,e){var t;if(e=Array.prototype.slice.call(e,1),null!=gform.hooks[r][o]&&((o=gform.hooks[r][o]).sort(function(o,r){return o.priority-r.priority}),o.forEach(function(o){\"function\"!=typeof(t=o.callable)&&(t=window[t]),\"action\"==r?t.apply(null,e):e[0]=t.apply(null,e)})),\"filter\"==r)return e[0]},removeHook:function(o,r,t,n){var e;null!=gform.hooks[o][r]&&(e=(e=gform.hooks[o][r]).filter(function(o,r,e){return!!(null!=n&&n!=o.tag||null!=t&&t!=o.priority)}),gform.hooks[o][r]=e)}});\n<\/script>\n\n                <div class='gf_browser_gecko gform_wrapper gravity-theme gform-theme--no-framework' data-form-theme='gravity-theme' data-form-index='0' id='gform_wrapper_2' ><form method='post' enctype='multipart\/form-data'  id='gform_2'  action='\/en\/wp-json\/wp\/v2\/pages\/2452' data-formid='2' novalidate>\n                        <div class='gform-body gform_body'><div id='gform_fields_2' class='gform_fields top_label form_sublabel_below description_below validation_below'><div id=\"field_2_3\" class=\"gfield gfield--type-text gfield--width-third field_sublabel_below gfield--no-description field_description_below field_validation_below gfield_visibility_visible\"  ><label class='gfield_label gform-field-label' for='input_2_3'>Name<\/label><div class='ginput_container ginput_container_text'><input name='input_3' id='input_2_3' type='text' value='' class='large'      aria-invalid=\"false\"   \/><\/div><\/div><div id=\"field_2_1\" class=\"gfield gfield--type-text gfield--width-third field_sublabel_below gfield--no-description field_description_below field_validation_below gfield_visibility_visible\"  ><label class='gfield_label gform-field-label' for='input_2_1'>Surname<\/label><div class='ginput_container ginput_container_text'><input name='input_1' id='input_2_1' type='text' value='' class='large'      aria-invalid=\"false\"   \/><\/div><\/div><div id=\"field_2_5\" class=\"gfield gfield--type-phone gfield--width-third field_sublabel_below gfield--no-description field_description_below field_validation_below gfield_visibility_visible\"  ><label class='gfield_label gform-field-label' for='input_2_5'>Phone<\/label><div class='ginput_container ginput_container_phone'><input name='input_5' id='input_2_5' type='tel' value='' class='large'    aria-invalid=\"false\"   \/><\/div><\/div><div id=\"field_2_6\" class=\"gfield gfield--type-email gfield--width-third field_sublabel_below gfield--no-description field_description_below field_validation_below gfield_visibility_visible\"  ><label class='gfield_label gform-field-label' for='input_2_6'>Email<\/label><div class='ginput_container ginput_container_email'>\n                            <input name='input_6' id='input_2_6' type='email' value='' class='large'     aria-invalid=\"false\"  \/>\n                        <\/div><\/div><fieldset id=\"field_2_17\" class=\"gfield gfield--type-radio gfield--type-choice gfield--width-third field_sublabel_below gfield--no-description field_description_below field_validation_below gfield_visibility_visible\"  ><legend class='gfield_label gform-field-label' >Are you a company or an individual?<\/legend><div class='ginput_container ginput_container_radio'><div class='gfield_radio' id='input_2_17'>\n\t\t\t<div class='gchoice gchoice_2_17_0'>\n\t\t\t\t\t<input class='gfield-choice-input' name='input_17' type='radio' value='Corporate Rate'  id='choice_2_17_0' onchange='gformToggleRadioOther( this )'    \/>\n\t\t\t\t\t<label for='choice_2_17_0' id='label_2_17_0' class='gform-field-label gform-field-label--type-inline'>Corporate Rate<\/label>\n\t\t\t<\/div>\n\t\t\t<div class='gchoice gchoice_2_17_1'>\n\t\t\t\t\t<input class='gfield-choice-input' name='input_17' type='radio' value='Individual Rate'  id='choice_2_17_1' onchange='gformToggleRadioOther( this )'    \/>\n\t\t\t\t\t<label for='choice_2_17_1' id='label_2_17_1' class='gform-field-label gform-field-label--type-inline'>Individual Rate<\/label>\n\t\t\t<\/div><\/div><\/div><\/fieldset><div id=\"field_2_7\" class=\"gfield gfield--type-number gfield--width-third field_sublabel_below gfield--no-description field_description_below field_validation_below gfield_visibility_visible\"  ><label class='gfield_label gform-field-label' for='input_2_7'>How many people are you?<\/label><div class='ginput_container ginput_container_number'><input name='input_7' id='input_2_7' type='number' step='any'   value='' class='large'      aria-invalid=\"false\"  \/><\/div><\/div><div id=\"field_2_9\" class=\"gfield gfield--type-text gfield--width-quarter field_sublabel_below gfield--no-description field_description_below field_validation_below gfield_visibility_visible\"  ><label class='gfield_label gform-field-label' for='input_2_9'>What is the departure location?<\/label><div class='ginput_container ginput_container_text'><input name='input_9' id='input_2_9' type='text' value='' class='large'      aria-invalid=\"false\"   \/><\/div><\/div><div id=\"field_2_10\" class=\"gfield gfield--type-text gfield--width-quarter field_sublabel_below gfield--no-description field_description_below field_validation_below gfield_visibility_visible\"  ><label class='gfield_label gform-field-label' for='input_2_10'>What is the destination?<\/label><div class='ginput_container ginput_container_text'><input name='input_10' id='input_2_10' type='text' value='' class='large'      aria-invalid=\"false\"   \/><\/div><\/div><div id=\"field_2_8\" class=\"gfield gfield--type-date gfield--input-type-datepicker gfield--datepicker-no-icon gfield--width-quarter field_sublabel_below gfield--no-description field_description_below field_validation_below gfield_visibility_visible\"  ><label class='gfield_label gform-field-label' for='input_2_8'>What day?<\/label><div class='ginput_container ginput_container_date'>\n                            <input name='input_8' id='input_2_8' type='text' value='' class='datepicker gform-datepicker dmy datepicker_no_icon gdatepicker-no-icon'   placeholder='dd\/mm\/yyyy' aria-describedby=\"input_2_8_date_format\" aria-invalid=\"false\" \/>\n                            <span id='input_2_8_date_format' class='screen-reader-text'>DD slash MM slash YYYY<\/span>\n                        <\/div>\n                        <input type='hidden' id='gforms_calendar_icon_input_2_8' class='gform_hidden' value='https:\/\/qualitycarsworld.com\/wp-content\/plugins\/gravityforms\/images\/datepicker\/datepicker.svg'\/><\/div><fieldset id=\"field_2_15\" class=\"gfield gfield--type-time gfield--width-quarter field_sublabel_below gfield--no-description field_description_below field_validation_below gfield_visibility_visible\"  ><legend class='gfield_label gform-field-label gfield_label_before_complex' >At what time?<\/legend><div class=\"ginput_container ginput_complex gform-grid-row\">\n                        <div class='gfield_time_hour ginput_container ginput_container_time gform-grid-col' id='input_2_15'>\n                            <input type='number' name='input_15[]' id='input_2_15_1' value=''  min='0' max='24' step='1'  placeholder='HH' aria-required='false'   \/> \n                            <label class='gform-field-label gform-field-label--type-sub hour_label screen-reader-text' for='input_2_15_1'>Hours<\/label>\n                        <\/div>\n                        <div class=\"below hour_minute_colon gform-grid-col\">:<\/div>\n                        <div class='gfield_time_minute ginput_container ginput_container_time gform-grid-col'>\n                            <input type='number' name='input_15[]' id='input_2_15_2' value=''  min='0' max='59' step='1'  placeholder='MM' aria-required='false'  \/>\n                            <label class='gform-field-label gform-field-label--type-sub minute_label screen-reader-text' for='input_2_15_2'>Minutes<\/label>\n                        <\/div>\n                        \n                    <\/div><\/fieldset><div id=\"field_2_16\" class=\"gfield gfield--type-text gfield--width-full field_sublabel_below gfield--no-description field_description_below field_validation_below gfield_visibility_visible\"  ><label class='gfield_label gform-field-label' for='input_2_16'>Would you like to add anything else?<\/label><div class='ginput_container ginput_container_text'><input name='input_16' id='input_2_16' type='text' value='' class='large'      aria-invalid=\"false\"   \/><\/div><\/div><fieldset id=\"field_2_14\" class=\"gfield gfield--type-consent gfield--type-choice gfield--input-type-consent gfield--width-full field_sublabel_below gfield--no-description field_description_below hidden_label field_validation_below gfield_visibility_visible\"  ><legend class='gfield_label gform-field-label gfield_label_before_complex' >Consent<\/legend><div class='ginput_container ginput_container_consent'><input name='input_14.1' id='input_2_14_1' type='checkbox' value='1'    aria-invalid=\"false\"   \/> <label class=\"gform-field-label gform-field-label--type-inline gfield_consent_label\" for='input_2_14_1' >I agree with the <a href=\"https:\/\/qualitycarsworld.com\/en\/privacy-policy\/\">privacy policy<\/a><\/label><input type='hidden' name='input_14.2' value='I agree with the &lt;a href=&quot;https:\/\/qualitycarsworld.com\/en\/privacy-policy\/&quot;&gt;privacy policy&lt;\/a&gt;' class='gform_hidden' \/><input type='hidden' name='input_14.3' value='2' class='gform_hidden' \/><\/div><\/fieldset><div id=\"field_2_18\" class=\"gfield gfield--type-captcha gfield--width-full field_sublabel_below gfield--no-description field_description_below field_validation_below gfield_visibility_visible\"  ><label class='gfield_label gform-field-label' for='input_2_18'>CAPTCHA<\/label><div id='input_2_18' class='ginput_container ginput_recaptcha' data-sitekey='6Le_REspAAAAAIsYHubTaq4-yQKT8b3rmbrkX9GJ'  data-theme='light' data-tabindex='0'  data-badge=''><\/div><\/div><\/div><\/div>\n        <div class='gform-footer gform_footer top_label'> <input type='submit' id='gform_submit_button_2' class='gform_button button' onclick='gform.submission.handleButtonClick(this);' data-submission-type='submit' value='REQUEST A BUDGET'  \/> \n            <input type='hidden' class='gform_hidden' name='gform_submission_method' data-js='gform_submission_method_2' value='postback' \/>\n            <input type='hidden' class='gform_hidden' name='gform_theme' data-js='gform_theme_2' id='gform_theme_2' value='gravity-theme' \/>\n            <input type='hidden' class='gform_hidden' name='gform_style_settings' data-js='gform_style_settings_2' id='gform_style_settings_2' value='' \/>\n            <input type='hidden' class='gform_hidden' name='is_submit_2' value='1' \/>\n            <input type='hidden' class='gform_hidden' name='gform_submit' value='2' \/>\n            \n            <input type='hidden' class='gform_hidden' name='gform_unique_id' value='' \/>\n            <input type='hidden' class='gform_hidden' name='state_2' value='WyJ7XCIxN1wiOltcIjMzOWZlNjRiNzNkNWExOTM3NzAwNDRkMDg1YzBiNmY1XCIsXCJmMDJmNDAyNGM2YTZkNjVhNzU4YmIyOGY2MzUyYmE1MVwiXSxcIjE0LjFcIjpcIjZiZDk0NDA4YjJkZmM1MTRlMzc3NGNhNWQwOWI2ZjhiXCIsXCIxNC4yXCI6XCJjMDMzOTYwZDk1MmFmMWYzMzkyNmZmNzRjNjg3NjY4MlwiLFwiMTQuM1wiOlwiOTRiYTI1MjZkYTc0YWFmZDI4YjhmMjUyMzgzYzU1MzBcIn0iLCI0NDZkMDNmMWUxOWJlYjU2YzNjMDRmODkzNjEyMzExNSJd' \/>\n            <input type='hidden' autocomplete='off' class='gform_hidden' name='gform_target_page_number_2' id='gform_target_page_number_2' value='0' \/>\n            <input type='hidden' autocomplete='off' class='gform_hidden' name='gform_source_page_number_2' id='gform_source_page_number_2' value='1' \/>\n            <input type='hidden' name='gform_field_values' value='' \/>\n            \n        <\/div>\n                        <\/form>\n                        <\/div><script>\ngform.initializeOnLoaded( function() {gformInitSpinner( 2, 'https:\/\/qualitycarsworld.com\/wp-content\/plugins\/gravityforms\/images\/spinner.svg', true );jQuery('#gform_ajax_frame_2').on('load',function(){var contents = jQuery(this).contents().find('*').html();var is_postback = contents.indexOf('GF_AJAX_POSTBACK') >= 0;if(!is_postback){return;}var form_content = jQuery(this).contents().find('#gform_wrapper_2');var is_confirmation = jQuery(this).contents().find('#gform_confirmation_wrapper_2').length > 0;var is_redirect = contents.indexOf('gformRedirect(){') >= 0;var is_form = form_content.length > 0 && ! is_redirect && ! is_confirmation;var mt = parseInt(jQuery('html').css('margin-top'), 10) + parseInt(jQuery('body').css('margin-top'), 10) + 100;if(is_form){jQuery('#gform_wrapper_2').html(form_content.html());if(form_content.hasClass('gform_validation_error')){jQuery('#gform_wrapper_2').addClass('gform_validation_error');} else {jQuery('#gform_wrapper_2').removeClass('gform_validation_error');}setTimeout( function() { \/* delay the scroll by 50 milliseconds to fix a bug in chrome *\/  }, 50 );if(window['gformInitDatepicker']) {gformInitDatepicker();}if(window['gformInitPriceFields']) {gformInitPriceFields();}var current_page = jQuery('#gform_source_page_number_2').val();gformInitSpinner( 2, 'https:\/\/qualitycarsworld.com\/wp-content\/plugins\/gravityforms\/images\/spinner.svg', true );jQuery(document).trigger('gform_page_loaded', [2, current_page]);window['gf_submitting_2'] = false;}else if(!is_redirect){var confirmation_content = jQuery(this).contents().find('.GF_AJAX_POSTBACK').html();if(!confirmation_content){confirmation_content = contents;}jQuery('#gform_wrapper_2').replaceWith(confirmation_content);jQuery(document).trigger('gform_confirmation_loaded', [2]);window['gf_submitting_2'] = false;wp.a11y.speak(jQuery('#gform_confirmation_message_2').text());}else{jQuery('#gform_2').append(contents);if(window['gformRedirect']) {gformRedirect();}}jQuery(document).trigger(\"gform_pre_post_render\", [{ formId: \"2\", currentPage: \"current_page\", abort: function() { this.preventDefault(); } }]);        if (event && event.defaultPrevented) {                return;        }        const gformWrapperDiv = document.getElementById( \"gform_wrapper_2\" );        if ( gformWrapperDiv ) {            const visibilitySpan = document.createElement( \"span\" );            visibilitySpan.id = \"gform_visibility_test_2\";            gformWrapperDiv.insertAdjacentElement( \"afterend\", visibilitySpan );        }        const visibilityTestDiv = document.getElementById( \"gform_visibility_test_2\" );        let postRenderFired = false;        function triggerPostRender() {            if ( postRenderFired ) {                return;            }            postRenderFired = true;            gform.core.triggerPostRenderEvents( 2, current_page );            if ( visibilityTestDiv ) {                visibilityTestDiv.parentNode.removeChild( visibilityTestDiv );            }        }        function debounce( func, wait, immediate ) {            var timeout;            return function() {                var context = this, args = arguments;                var later = function() {                    timeout = null;                    if ( !immediate ) func.apply( context, args );                };                var callNow = immediate && !timeout;                clearTimeout( timeout );                timeout = setTimeout( later, wait );                if ( callNow ) func.apply( context, args );            };        }        const debouncedTriggerPostRender = debounce( function() {            triggerPostRender();        }, 200 );        if ( visibilityTestDiv && visibilityTestDiv.offsetParent === null ) {            const observer = new MutationObserver( ( mutations ) => {                mutations.forEach( ( mutation ) => {                    if ( mutation.type === 'attributes' && visibilityTestDiv.offsetParent !== null ) {                        debouncedTriggerPostRender();                        observer.disconnect();                    }                });            });            observer.observe( document.body, {                attributes: true,                childList: false,                subtree: true,                attributeFilter: [ 'style', 'class' ],            });        } else {            triggerPostRender();        }    } );} );\n<\/script>\n\t\t\t<\/div>\n            \t\t\t\t<\/div>\n\t\t\t\t<\/div>\n\t\t\t\t\t<\/div>\n\t\t\t\t<\/div>\n\t\t\t\t<\/div>\n\t\t\t\t<\/div>\n\t\t","protected":false},"excerpt":{"rendered":"<p>Solicite su tarifa o haga una reserva Nombre Apellido Tel\u00e9fonoCorreo electr\u00f3nico \u00bfEres una empresa o un particular? Tarifa de Empresa Tarifa para particulares \u00bfCu\u00e1ntas personas sois?\u00bfCu\u00e1l es el lugar de partida? \u00bfCu\u00e1l es el destino? \u00bfQue d\u00eda? Barra DD Barra MM AAAA \u00bfA qu\u00e9 hora? Horas : Minutos \u00bfTe gustar\u00eda a\u00f1adir algo m\u00e1s? Consentimiento Estoy &#8230; <a title=\"Rates\" class=\"read-more\" href=\"https:\/\/qualitycarsworld.com\/en\/rates\/\" aria-label=\"Read more about Rates\">Read more<\/a><\/p>\n","protected":false},"author":2,"featured_media":0,"parent":0,"menu_order":0,"comment_status":"closed","ping_status":"closed","template":"elementor_header_footer","meta":{"_eb_attr":"","footnotes":""},"class_list":["post-2452","page","type-page","status-publish"],"_links":{"self":[{"href":"https:\/\/qualitycarsworld.com\/en\/wp-json\/wp\/v2\/pages\/2452","targetHints":{"allow":["GET"]}}],"collection":[{"href":"https:\/\/qualitycarsworld.com\/en\/wp-json\/wp\/v2\/pages"}],"about":[{"href":"https:\/\/qualitycarsworld.com\/en\/wp-json\/wp\/v2\/types\/page"}],"author":[{"embeddable":true,"href":"https:\/\/qualitycarsworld.com\/en\/wp-json\/wp\/v2\/users\/2"}],"replies":[{"embeddable":true,"href":"https:\/\/qualitycarsworld.com\/en\/wp-json\/wp\/v2\/comments?post=2452"}],"version-history":[{"count":2,"href":"https:\/\/qualitycarsworld.com\/en\/wp-json\/wp\/v2\/pages\/2452\/revisions"}],"predecessor-version":[{"id":3790,"href":"https:\/\/qualitycarsworld.com\/en\/wp-json\/wp\/v2\/pages\/2452\/revisions\/3790"}],"wp:attachment":[{"href":"https:\/\/qualitycarsworld.com\/en\/wp-json\/wp\/v2\/media?parent=2452"}],"curies":[{"name":"wp","href":"https:\/\/api.w.org\/{rel}","templated":true}]}}